{"id":13703,"date":"2023-02-23T09:45:58","date_gmt":"2023-02-23T08:45:58","guid":{"rendered":"https:\/\/www.stoelting-gruppe.de\/?page_id=13703"},"modified":"2024-02-28T16:30:09","modified_gmt":"2024-02-28T15:30:09","slug":"dnk-erklaerung","status":"publish","type":"page","link":"https:\/\/www.stoelting-gruppe.de\/en\/dnk-erklaerung\/","title":{"rendered":"DNK Declaration"},"content":{"rendered":"<div data-elementor-type=\"wp-page\" data-elementor-id=\"13703\" class=\"elementor elementor-13703\" data-elementor-post-type=\"page\">\n\t\t\t\t\t\t<section class=\"elementor-section elementor-top-section elementor-element elementor-element-45129d2f elementor-section-height-min-height elementor-section-boxed elementor-section-height-default elementor-section-items-middle\" data-id=\"45129d2f\" data-element_type=\"section\" data-settings=\"{&quot;background_background&quot;:&quot;classic&quot;}\">\n\t\t\t\t\t\t<div class=\"elementor-container elementor-column-gap-default\">\n\t\t\t\t\t<div class=\"elementor-column elementor-col-100 elementor-top-column elementor-element elementor-element-6c4d996a\" data-id=\"6c4d996a\" data-element_type=\"column\">\n\t\t\t<div class=\"elementor-widget-wrap elementor-element-populated\">\n\t\t\t\t\t\t<section class=\"elementor-section elementor-inner-section elementor-element elementor-element-6dbae824 elementor-section-boxed elementor-section-height-default elementor-section-height-default\" data-id=\"6dbae824\" data-element_type=\"section\">\n\t\t\t\t\t\t<div class=\"elementor-container elementor-column-gap-default\">\n\t\t\t\t\t<div class=\"elementor-column elementor-col-100 elementor-inner-column elementor-element elementor-element-3b930179\" data-id=\"3b930179\" data-element_type=\"column\">\n\t\t\t<div class=\"elementor-widget-wrap elementor-element-populated\">\n\t\t\t\t\t\t<div class=\"elementor-element elementor-element-2d7e4d8e elementor-invisible elementor-widget elementor-widget-heading\" data-id=\"2d7e4d8e\" data-element_type=\"widget\" data-settings=\"{&quot;_animation&quot;:&quot;fadeIn&quot;}\" data-widget_type=\"heading.default\">\n\t\t\t\t<div class=\"elementor-widget-container\">\n\t\t\t\t\t<h1 class=\"elementor-heading-title elementor-size-default\">DNK Declaration 2021<\/h1>\t\t\t\t<\/div>\n\t\t\t\t<\/div>\n\t\t\t\t\t<\/div>\n\t\t<\/div>\n\t\t\t\t\t<\/div>\n\t\t<\/section>\n\t\t\t\t\t<\/div>\n\t\t<\/div>\n\t\t\t\t\t<\/div>\n\t\t<\/section>\n\t\t\t\t<section class=\"elementor-section elementor-top-section elementor-element elementor-element-1b56433f elementor-section-boxed elementor-section-height-default elementor-section-height-default\" data-id=\"1b56433f\" data-element_type=\"section\">\n\t\t\t\t\t\t<div class=\"elementor-container elementor-column-gap-default\">\n\t\t\t\t\t<div class=\"elementor-column elementor-col-100 elementor-top-column elementor-element elementor-element-26757bc1\" data-id=\"26757bc1\" data-element_type=\"column\">\n\t\t\t<div class=\"elementor-widget-wrap elementor-element-populated\">\n\t\t\t\t\t\t<div class=\"elementor-element elementor-element-14b5cb57 elementor-widget elementor-widget-text-editor\" data-id=\"14b5cb57\" data-element_type=\"widget\" data-widget_type=\"text-editor.default\">\n\t\t\t\t<div class=\"elementor-widget-container\">\n\t\t\t\t\t\t\t\t\t<p>The St\u00f6lting Service Group in Gelsenkirchen is one of the ten leading providers of services in the areas of security, personnel and cleaning in Germany. We operate throughout the Federal Republic, both for the majority of DAX-listed companies and for small businesses. Our cleaning services include basic cleaning as well as glass and fa\u00e7ade cleaning, post-construction cleaning and special cleaning. In the security sector, our experienced employees provide reception, courier and chauffeur services as well as detective work and lift rescue services. In addition, we use our experience to provide flexible personnel to companies.<\/p>\t\t\t\t\t\t\t\t<\/div>\n\t\t\t\t<\/div>\n\t\t\t\t<div class=\"elementor-element elementor-element-cbdf260 elementor-widget elementor-widget-text-editor\" data-id=\"cbdf260\" data-element_type=\"widget\" data-widget_type=\"text-editor.default\">\n\t\t\t\t<div class=\"elementor-widget-container\">\n\t\t\t\t\t\t\t\t\tThe tradition of our family-run group of companies dates back to 1899. In all areas of the company, we rely on certified standards and highly trained employees to ensure that we consistently meet the highest standards. Value-oriented, socially ethical conduct, honesty and authenticity are very important to us.\t\t\t\t\t\t\t\t<\/div>\n\t\t\t\t<\/div>\n\t\t\t\t<div class=\"elementor-element elementor-element-2b5c757d elementor-align-left elementor-widget elementor-widget-button\" data-id=\"2b5c757d\" data-element_type=\"widget\" data-widget_type=\"button.default\">\n\t\t\t\t<div class=\"elementor-widget-container\">\n\t\t\t\t\t\t\t\t\t<div class=\"elementor-button-wrapper\">\n\t\t\t\t\t<a class=\"elementor-button elementor-button-link elementor-size-md\" href=\"https:\/\/datenbank2.deutscher-nachhaltigkeitskodex.de\/Profile\/CompanyProfile\/14949\/de\/2021\/dnk\" target=\"_blank\">\n\t\t\t\t\t\t<span class=\"elementor-button-content-wrapper\">\n\t\t\t\t\t\t<span class=\"elementor-button-icon\">\n\t\t\t\t<i aria-hidden=\"true\" class=\"fas fa-external-link-alt\"><\/i>\t\t\t<\/span>\n\t\t\t\t\t\t\t\t\t<span class=\"elementor-button-text\">Complete DNK declaration<\/span>\n\t\t\t\t\t<\/span>\n\t\t\t\t\t<\/a>\n\t\t\t\t<\/div>\n\t\t\t\t\t\t\t\t<\/div>\n\t\t\t\t<\/div>\n\t\t\t\t\t<\/div>\n\t\t<\/div>\n\t\t\t\t\t<\/div>\n\t\t<\/section>\n\t\t\t\t<\/div>","protected":false},"excerpt":{"rendered":"<p>Sustainability Code Declaration 2021 The St\u00f6lting Service Group in Gelsenkirchen is one of the ten leading providers of security, personnel and cleaning services in Germany. We are active throughout Germany, both for the majority of DAX-listed companies and for small businesses. The cleaning service includes basic cleaning as well as glass and fa\u00e7ade cleaning, building cleaning and specialised cleaning. [...]<\/p>","protected":false},"author":15,"featured_media":10737,"parent":0,"menu_order":36,"comment_status":"closed","ping_status":"closed","template":"","meta":{"_acf_changed":false,"footnotes":""},"class_list":["post-13703","page","type-page","status-publish","has-post-thumbnail","hentry"],"acf":[],"yoast_head":"<!-- This site is optimized with the Yoast SEO plugin v26.8 - https:\/\/yoast.com\/product\/yoast-seo-wordpress\/ -->\n<title>St\u00f6lting Service Group &#8211; DNK-Erkl\u00e4rung<\/title>\n<meta name=\"robots\" content=\"index, follow, max-snippet:-1, max-image-preview:large, max-video-preview:-1\" \/>\n<link rel=\"canonical\" href=\"https:\/\/www.stoelting-gruppe.de\/en\/dnk-erklaerung\/\" \/>\n<meta property=\"og:locale\" content=\"en_GB\" \/>\n<meta property=\"og:type\" content=\"article\" \/>\n<meta property=\"og:title\" content=\"St\u00f6lting Service Group &#8211; DNK-Erkl\u00e4rung\" \/>\n<meta property=\"og:description\" content=\"DNK-Erkl\u00e4rung 2021 Die St\u00f6lting Service Group in Gelsenkirchen z\u00e4hlt zu den zehn f\u00fchrenden Anbietern von Serviceleistungen in den Bereichen Sicherheit, Personal und Reinigung in Deutschland. Wir sind in der gesamten Bundesrepublik t\u00e4tig, sowohl f\u00fcr einen Gro\u00dfteil der DAX-Konzerne als auch f\u00fcr kleine Betriebe. Der Reinigungsdienst umfasst Grundreinigung ebenso wie Glas- und Fassadenreinigung, Bauschlussreinigung und Spezialreinigung. [&hellip;]\" \/>\n<meta property=\"og:url\" content=\"https:\/\/www.stoelting-gruppe.de\/en\/dnk-erklaerung\/\" \/>\n<meta property=\"og:site_name\" content=\"St\u00f6lting Service Group\" \/>\n<meta property=\"article:publisher\" content=\"https:\/\/www.facebook.com\/StoeltingServiceGroup\" \/>\n<meta property=\"article:modified_time\" content=\"2024-02-28T15:30:09+00:00\" \/>\n<meta property=\"og:image\" content=\"https:\/\/www.stoelting-gruppe.de\/wp-content\/uploads\/2021\/10\/Sto\u0308lting_Logo_Original-News.jpg\" \/>\n\t<meta property=\"og:image:width\" content=\"876\" \/>\n\t<meta property=\"og:image:height\" content=\"472\" \/>\n\t<meta property=\"og:image:type\" content=\"image\/jpeg\" \/>\n<meta name=\"twitter:card\" content=\"summary_large_image\" \/>\n<meta name=\"twitter:label1\" content=\"Estimated reading time\" \/>\n\t<meta name=\"twitter:data1\" content=\"1 minute\" \/>\n<script type=\"application\/ld+json\" class=\"yoast-schema-graph\">{\"@context\":\"https:\/\/schema.org\",\"@graph\":[{\"@type\":\"WebPage\",\"@id\":\"https:\/\/www.stoelting-gruppe.de\/dnk-erklaerung\/\",\"url\":\"https:\/\/www.stoelting-gruppe.de\/dnk-erklaerung\/\",\"name\":\"St\u00f6lting Service Group &#8211; DNK-Erkl\u00e4rung\",\"isPartOf\":{\"@id\":\"https:\/\/www.stoelting-gruppe.de\/#website\"},\"primaryImageOfPage\":{\"@id\":\"https:\/\/www.stoelting-gruppe.de\/dnk-erklaerung\/#primaryimage\"},\"image\":{\"@id\":\"https:\/\/www.stoelting-gruppe.de\/dnk-erklaerung\/#primaryimage\"},\"thumbnailUrl\":\"https:\/\/www.stoelting-gruppe.de\/wp-content\/uploads\/2021\/10\/Sto\u0308lting_Logo_Original-News.jpg\",\"datePublished\":\"2023-02-23T08:45:58+00:00\",\"dateModified\":\"2024-02-28T15:30:09+00:00\",\"breadcrumb\":{\"@id\":\"https:\/\/www.stoelting-gruppe.de\/dnk-erklaerung\/#breadcrumb\"},\"inLanguage\":\"en-GB\",\"potentialAction\":[{\"@type\":\"ReadAction\",\"target\":[\"https:\/\/www.stoelting-gruppe.de\/dnk-erklaerung\/\"]}]},{\"@type\":\"ImageObject\",\"inLanguage\":\"en-GB\",\"@id\":\"https:\/\/www.stoelting-gruppe.de\/dnk-erklaerung\/#primaryimage\",\"url\":\"https:\/\/www.stoelting-gruppe.de\/wp-content\/uploads\/2021\/10\/Sto\u0308lting_Logo_Original-News.jpg\",\"contentUrl\":\"https:\/\/www.stoelting-gruppe.de\/wp-content\/uploads\/2021\/10\/Sto\u0308lting_Logo_Original-News.jpg\",\"width\":876,\"height\":472,\"caption\":\"stoelting service group\"},{\"@type\":\"BreadcrumbList\",\"@id\":\"https:\/\/www.stoelting-gruppe.de\/dnk-erklaerung\/#breadcrumb\",\"itemListElement\":[{\"@type\":\"ListItem\",\"position\":1,\"name\":\"Startseite\",\"item\":\"https:\/\/www.stoelting-gruppe.de\/\"},{\"@type\":\"ListItem\",\"position\":2,\"name\":\"DNK-Erkl\u00e4rung\"}]},{\"@type\":\"WebSite\",\"@id\":\"https:\/\/www.stoelting-gruppe.de\/#website\",\"url\":\"https:\/\/www.stoelting-gruppe.de\/\",\"name\":\"St\u00f6lting Service Group\",\"description\":\"Wir machen. Seit 125 Jahren. Reinigung, Sicherheit, Personal\",\"publisher\":{\"@id\":\"https:\/\/www.stoelting-gruppe.de\/#organization\"},\"potentialAction\":[{\"@type\":\"SearchAction\",\"target\":{\"@type\":\"EntryPoint\",\"urlTemplate\":\"https:\/\/www.stoelting-gruppe.de\/?s={search_term_string}\"},\"query-input\":{\"@type\":\"PropertyValueSpecification\",\"valueRequired\":true,\"valueName\":\"search_term_string\"}}],\"inLanguage\":\"en-GB\"},{\"@type\":\"Organization\",\"@id\":\"https:\/\/www.stoelting-gruppe.de\/#organization\",\"name\":\"St\u00f6lting Service Group\",\"url\":\"https:\/\/www.stoelting-gruppe.de\/\",\"logo\":{\"@type\":\"ImageObject\",\"inLanguage\":\"en-GB\",\"@id\":\"https:\/\/www.stoelting-gruppe.de\/#\/schema\/logo\/image\/\",\"url\":\"https:\/\/www.stoelting-gruppe.de\/wp-content\/uploads\/2020\/12\/SSG-Logo.svg\",\"contentUrl\":\"https:\/\/www.stoelting-gruppe.de\/wp-content\/uploads\/2020\/12\/SSG-Logo.svg\",\"width\":426,\"height\":80,\"caption\":\"St\u00f6lting Service Group\"},\"image\":{\"@id\":\"https:\/\/www.stoelting-gruppe.de\/#\/schema\/logo\/image\/\"},\"sameAs\":[\"https:\/\/www.facebook.com\/StoeltingServiceGroup\"]}]}<\/script>\n<!-- \/ Yoast SEO plugin. -->","yoast_head_json":{"title":"St\u00f6lting Service Group - DNK Declaration","robots":{"index":"index","follow":"follow","max-snippet":"max-snippet:-1","max-image-preview":"max-image-preview:large","max-video-preview":"max-video-preview:-1"},"canonical":"https:\/\/www.stoelting-gruppe.de\/en\/dnk-erklaerung\/","og_locale":"en_GB","og_type":"article","og_title":"St\u00f6lting Service Group &#8211; DNK-Erkl\u00e4rung","og_description":"DNK-Erkl\u00e4rung 2021 Die St\u00f6lting Service Group in Gelsenkirchen z\u00e4hlt zu den zehn f\u00fchrenden Anbietern von Serviceleistungen in den Bereichen Sicherheit, Personal und Reinigung in Deutschland. Wir sind in der gesamten Bundesrepublik t\u00e4tig, sowohl f\u00fcr einen Gro\u00dfteil der DAX-Konzerne als auch f\u00fcr kleine Betriebe. Der Reinigungsdienst umfasst Grundreinigung ebenso wie Glas- und Fassadenreinigung, Bauschlussreinigung und Spezialreinigung. [&hellip;]","og_url":"https:\/\/www.stoelting-gruppe.de\/en\/dnk-erklaerung\/","og_site_name":"St\u00f6lting Service Group","article_publisher":"https:\/\/www.facebook.com\/StoeltingServiceGroup","article_modified_time":"2024-02-28T15:30:09+00:00","og_image":[{"width":876,"height":472,"url":"https:\/\/www.stoelting-gruppe.de\/wp-content\/uploads\/2021\/10\/Sto\u0308lting_Logo_Original-News.jpg","type":"image\/jpeg"}],"twitter_card":"summary_large_image","twitter_misc":{"Estimated reading time":"1 minute"},"schema":{"@context":"https:\/\/schema.org","@graph":[{"@type":"WebPage","@id":"https:\/\/www.stoelting-gruppe.de\/dnk-erklaerung\/","url":"https:\/\/www.stoelting-gruppe.de\/dnk-erklaerung\/","name":"St\u00f6lting Service Group - DNK Declaration","isPartOf":{"@id":"https:\/\/www.stoelting-gruppe.de\/#website"},"primaryImageOfPage":{"@id":"https:\/\/www.stoelting-gruppe.de\/dnk-erklaerung\/#primaryimage"},"image":{"@id":"https:\/\/www.stoelting-gruppe.de\/dnk-erklaerung\/#primaryimage"},"thumbnailUrl":"https:\/\/www.stoelting-gruppe.de\/wp-content\/uploads\/2021\/10\/Sto\u0308lting_Logo_Original-News.jpg","datePublished":"2023-02-23T08:45:58+00:00","dateModified":"2024-02-28T15:30:09+00:00","breadcrumb":{"@id":"https:\/\/www.stoelting-gruppe.de\/dnk-erklaerung\/#breadcrumb"},"inLanguage":"en-GB","potentialAction":[{"@type":"ReadAction","target":["https:\/\/www.stoelting-gruppe.de\/dnk-erklaerung\/"]}]},{"@type":"ImageObject","inLanguage":"en-GB","@id":"https:\/\/www.stoelting-gruppe.de\/dnk-erklaerung\/#primaryimage","url":"https:\/\/www.stoelting-gruppe.de\/wp-content\/uploads\/2021\/10\/Sto\u0308lting_Logo_Original-News.jpg","contentUrl":"https:\/\/www.stoelting-gruppe.de\/wp-content\/uploads\/2021\/10\/Sto\u0308lting_Logo_Original-News.jpg","width":876,"height":472,"caption":"stoelting service group"},{"@type":"BreadcrumbList","@id":"https:\/\/www.stoelting-gruppe.de\/dnk-erklaerung\/#breadcrumb","itemListElement":[{"@type":"ListItem","position":1,"name":"Startseite","item":"https:\/\/www.stoelting-gruppe.de\/"},{"@type":"ListItem","position":2,"name":"DNK-Erkl\u00e4rung"}]},{"@type":"WebSite","@id":"https:\/\/www.stoelting-gruppe.de\/#website","url":"https:\/\/www.stoelting-gruppe.de\/","name":"St\u00f6lting Service Group","description":"We do it. For 125 years. Cleaning, security, personnel","publisher":{"@id":"https:\/\/www.stoelting-gruppe.de\/#organization"},"potentialAction":[{"@type":"SearchAction","target":{"@type":"EntryPoint","urlTemplate":"https:\/\/www.stoelting-gruppe.de\/?s={search_term_string}"},"query-input":{"@type":"PropertyValueSpecification","valueRequired":true,"valueName":"search_term_string"}}],"inLanguage":"en-GB"},{"@type":"Organization","@id":"https:\/\/www.stoelting-gruppe.de\/#organization","name":"St\u00f6lting Service Group","url":"https:\/\/www.stoelting-gruppe.de\/","logo":{"@type":"ImageObject","inLanguage":"en-GB","@id":"https:\/\/www.stoelting-gruppe.de\/#\/schema\/logo\/image\/","url":"https:\/\/www.stoelting-gruppe.de\/wp-content\/uploads\/2020\/12\/SSG-Logo.svg","contentUrl":"https:\/\/www.stoelting-gruppe.de\/wp-content\/uploads\/2020\/12\/SSG-Logo.svg","width":426,"height":80,"caption":"St\u00f6lting Service Group"},"image":{"@id":"https:\/\/www.stoelting-gruppe.de\/#\/schema\/logo\/image\/"},"sameAs":["https:\/\/www.facebook.com\/StoeltingServiceGroup"]}]}},"_links":{"self":[{"href":"https:\/\/www.stoelting-gruppe.de\/en\/wp-json\/wp\/v2\/pages\/13703","targetHints":{"allow":["GET"]}}],"collection":[{"href":"https:\/\/www.stoelting-gruppe.de\/en\/wp-json\/wp\/v2\/pages"}],"about":[{"href":"https:\/\/www.stoelting-gruppe.de\/en\/wp-json\/wp\/v2\/types\/page"}],"author":[{"embeddable":true,"href":"https:\/\/www.stoelting-gruppe.de\/en\/wp-json\/wp\/v2\/users\/15"}],"replies":[{"embeddable":true,"href":"https:\/\/www.stoelting-gruppe.de\/en\/wp-json\/wp\/v2\/comments?post=13703"}],"version-history":[{"count":7,"href":"https:\/\/www.stoelting-gruppe.de\/en\/wp-json\/wp\/v2\/pages\/13703\/revisions"}],"predecessor-version":[{"id":14610,"href":"https:\/\/www.stoelting-gruppe.de\/en\/wp-json\/wp\/v2\/pages\/13703\/revisions\/14610"}],"wp:featuredmedia":[{"embeddable":true,"href":"https:\/\/www.stoelting-gruppe.de\/en\/wp-json\/wp\/v2\/media\/10737"}],"wp:attachment":[{"href":"https:\/\/www.stoelting-gruppe.de\/en\/wp-json\/wp\/v2\/media?parent=13703"}],"curies":[{"name":"wp","href":"https:\/\/api.w.org\/{rel}","templated":true}]}}