{"id":15491,"date":"2025-09-01T10:42:44","date_gmt":"2025-09-01T08:42:44","guid":{"rendered":"https:\/\/www.stoelting-gruppe.de\/?page_id=15491"},"modified":"2025-09-08T12:22:10","modified_gmt":"2025-09-08T10:22:10","slug":"brandmeldeanlagen","status":"publish","type":"page","link":"https:\/\/www.stoelting-gruppe.de\/en\/sicherheitsservice\/sicherheitstechnik\/brandmeldeanlagen\/","title":{"rendered":"fire alarm systems"},"content":{"rendered":"<div data-elementor-type=\"wp-page\" data-elementor-id=\"15491\" class=\"elementor elementor-15491\" data-elementor-post-type=\"page\">\n\t\t\t\t\t\t<section class=\"elementor-section elementor-top-section elementor-element elementor-element-29339a93 elementor-section-height-min-height elementor-section-boxed elementor-section-height-default elementor-section-items-middle\" data-id=\"29339a93\" data-element_type=\"section\" data-settings=\"{&quot;background_background&quot;:&quot;classic&quot;}\">\n\t\t\t\t\t\t<div class=\"elementor-container elementor-column-gap-default\">\n\t\t\t\t\t<div class=\"elementor-column elementor-col-100 elementor-top-column elementor-element elementor-element-50950dfd\" data-id=\"50950dfd\" data-element_type=\"column\">\n\t\t\t<div class=\"elementor-widget-wrap elementor-element-populated\">\n\t\t\t\t\t\t<section class=\"elementor-section elementor-inner-section elementor-element elementor-element-62a7dfae elementor-section-boxed elementor-section-height-default elementor-section-height-default\" data-id=\"62a7dfae\" data-element_type=\"section\">\n\t\t\t\t\t\t<div class=\"elementor-container elementor-column-gap-default\">\n\t\t\t\t\t<div class=\"elementor-column elementor-col-100 elementor-inner-column elementor-element elementor-element-1bf414d6\" data-id=\"1bf414d6\" data-element_type=\"column\">\n\t\t\t<div class=\"elementor-widget-wrap elementor-element-populated\">\n\t\t\t\t\t\t<div class=\"elementor-element elementor-element-9ca422f elementor-invisible elementor-widget elementor-widget-image\" data-id=\"9ca422f\" data-element_type=\"widget\" data-settings=\"{&quot;_animation&quot;:&quot;fadeIn&quot;}\" data-widget_type=\"image.default\">\n\t\t\t\t<div class=\"elementor-widget-container\">\n\t\t\t\t\t\t\t\t\t\t\t\t\t\t\t<img fetchpriority=\"high\" decoding=\"async\" width=\"800\" height=\"287\" src=\"https:\/\/www.stoelting-gruppe.de\/wp-content\/uploads\/2025\/09\/stoelting_deichtec_logo.png\" class=\"attachment-full size-full wp-image-15608\" alt=\"\" srcset=\"https:\/\/www.stoelting-gruppe.de\/wp-content\/uploads\/2025\/09\/stoelting_deichtec_logo.png 800w, https:\/\/www.stoelting-gruppe.de\/wp-content\/uploads\/2025\/09\/stoelting_deichtec_logo-300x108.png 300w, https:\/\/www.stoelting-gruppe.de\/wp-content\/uploads\/2025\/09\/stoelting_deichtec_logo-768x276.png 768w\" sizes=\"(max-width: 800px) 100vw, 800px\" \/>\t\t\t\t\t\t\t\t\t\t\t\t\t\t\t<\/div>\n\t\t\t\t<\/div>\n\t\t\t\t<div class=\"elementor-element elementor-element-341e4433 elementor-invisible elementor-widget elementor-widget-heading\" data-id=\"341e4433\" data-element_type=\"widget\" data-settings=\"{&quot;_animation&quot;:&quot;fadeIn&quot;}\" data-widget_type=\"heading.default\">\n\t\t\t\t<div class=\"elementor-widget-container\">\n\t\t\t\t\t<h1 class=\"elementor-heading-title elementor-size-default\">Safety<br>technology<\/h1>\t\t\t\t<\/div>\n\t\t\t\t<\/div>\n\t\t\t\t<div class=\"elementor-element elementor-element-6ae34e7 elementor-invisible elementor-widget elementor-widget-heading\" data-id=\"6ae34e7\" data-element_type=\"widget\" data-settings=\"{&quot;_animation&quot;:&quot;fadeIn&quot;}\" data-widget_type=\"heading.default\">\n\t\t\t\t<div class=\"elementor-widget-container\">\n\t\t\t\t\t<span class=\"elementor-heading-title elementor-size-default\">fire alarm systems<\/span>\t\t\t\t<\/div>\n\t\t\t\t<\/div>\n\t\t\t\t\t<\/div>\n\t\t<\/div>\n\t\t\t\t\t<\/div>\n\t\t<\/section>\n\t\t\t\t\t<\/div>\n\t\t<\/div>\n\t\t\t\t\t<\/div>\n\t\t<\/section>\n\t\t\t\t<section class=\"elementor-section elementor-top-section elementor-element elementor-element-12f357c7 elementor-section-boxed elementor-section-height-default elementor-section-height-default\" data-id=\"12f357c7\" data-element_type=\"section\">\n\t\t\t\t\t\t<div class=\"elementor-container elementor-column-gap-default\">\n\t\t\t\t\t<div class=\"elementor-column elementor-col-50 elementor-top-column elementor-element elementor-element-184c5bd1\" data-id=\"184c5bd1\" data-element_type=\"column\">\n\t\t\t<div class=\"elementor-widget-wrap elementor-element-populated\">\n\t\t\t\t\t\t<div class=\"elementor-element elementor-element-261bd27a elementor-widget elementor-widget-heading\" data-id=\"261bd27a\" data-element_type=\"widget\" data-widget_type=\"heading.default\">\n\t\t\t\t<div class=\"elementor-widget-container\">\n\t\t\t\t\t<h2 class=\"elementor-heading-title elementor-size-default\"><span class=\"dark\">fire alarm systems \n<\/span><br>\nACCORDING TO DIN 14675<\/h2>\t\t\t\t<\/div>\n\t\t\t\t<\/div>\n\t\t\t\t<div class=\"elementor-element elementor-element-68852cee elementor-widget elementor-widget-text-editor\" data-id=\"68852cee\" data-element_type=\"widget\" data-widget_type=\"text-editor.default\">\n\t\t\t\t<div class=\"elementor-widget-container\">\n\t\t\t\t\t\t\t\t\t<p><strong>Faster protection is better protection<\/strong><\/p>\t\t\t\t\t\t\t\t<\/div>\n\t\t\t\t<\/div>\n\t\t\t\t\t<\/div>\n\t\t<\/div>\n\t\t\t\t<div class=\"elementor-column elementor-col-50 elementor-top-column elementor-element elementor-element-5f254023\" data-id=\"5f254023\" data-element_type=\"column\">\n\t\t\t<div class=\"elementor-widget-wrap elementor-element-populated\">\n\t\t\t\t\t\t<div class=\"elementor-element elementor-element-6db75c89 elementor-widget elementor-widget-text-editor\" data-id=\"6db75c89\" data-element_type=\"widget\" data-widget_type=\"text-editor.default\">\n\t\t\t\t<div class=\"elementor-widget-container\">\n\t\t\t\t\t\t\t\t\t<p>Smoke does not necessarily mean fire. Intelligent fire alarm systems detect fires as soon as they start. The fire alarm systems trigger internal and external alarms. This allows the source of the fire to be tackled at an early stage, often preventing more serious damage. Take advantage of our experience in the planning, installation and maintenance of intelligent fire alarm systems.<\/p>\t\t\t\t\t\t\t\t<\/div>\n\t\t\t\t<\/div>\n\t\t\t\t\t<\/div>\n\t\t<\/div>\n\t\t\t\t\t<\/div>\n\t\t<\/section>\n\t\t\t\t<section class=\"elementor-section elementor-top-section elementor-element elementor-element-193edabc elementor-section-boxed elementor-section-height-default elementor-section-height-default\" data-id=\"193edabc\" data-element_type=\"section\" data-settings=\"{&quot;background_background&quot;:&quot;classic&quot;}\">\n\t\t\t\t\t\t<div class=\"elementor-container elementor-column-gap-default\">\n\t\t\t\t\t<div class=\"elementor-column elementor-col-50 elementor-top-column elementor-element elementor-element-20fb9b28\" data-id=\"20fb9b28\" data-element_type=\"column\">\n\t\t\t<div class=\"elementor-widget-wrap elementor-element-populated\">\n\t\t\t\t\t\t<div class=\"elementor-element elementor-element-140be1f elementor-widget elementor-widget-text-editor\" data-id=\"140be1f\" data-element_type=\"widget\" data-widget_type=\"text-editor.default\">\n\t\t\t\t<div class=\"elementor-widget-container\">\n\t\t\t\t\t\t\t\t\t<p>Advantages of a fire alarm system:<\/p>\t\t\t\t\t\t\t\t<\/div>\n\t\t\t\t<\/div>\n\t\t\t\t<section class=\"elementor-section elementor-inner-section elementor-element elementor-element-edc9476 elementor-section-boxed elementor-section-height-default elementor-section-height-default\" data-id=\"edc9476\" data-element_type=\"section\">\n\t\t\t\t\t\t<div class=\"elementor-container elementor-column-gap-default\">\n\t\t\t\t\t<div class=\"elementor-column elementor-col-100 elementor-inner-column elementor-element elementor-element-909acaf\" data-id=\"909acaf\" data-element_type=\"column\">\n\t\t\t<div class=\"elementor-widget-wrap elementor-element-populated\">\n\t\t\t\t\t\t<div class=\"elementor-element elementor-element-48a50b1b elementor-icon-list--layout-traditional elementor-list-item-link-full_width elementor-widget elementor-widget-icon-list\" data-id=\"48a50b1b\" data-element_type=\"widget\" data-widget_type=\"icon-list.default\">\n\t\t\t\t<div class=\"elementor-widget-container\">\n\t\t\t\t\t\t\t<ul class=\"elementor-icon-list-items\">\n\t\t\t\t\t\t\t<li class=\"elementor-icon-list-item\">\n\t\t\t\t\t\t\t\t\t\t\t<span class=\"elementor-icon-list-icon\">\n\t\t\t\t\t\t\t<i aria-hidden=\"true\" class=\"fas fa-chevron-right\"><\/i>\t\t\t\t\t\t<\/span>\n\t\t\t\t\t\t\t\t\t\t<span class=\"elementor-icon-list-text\">Early detection of fires: A fire alarm system detects fires at an early stage and quickly triggers an alarm, which can help to speed up firefighting and minimise damage.<\/span>\n\t\t\t\t\t\t\t\t\t<\/li>\n\t\t\t\t\t\t\t\t<li class=\"elementor-icon-list-item\">\n\t\t\t\t\t\t\t\t\t\t\t<span class=\"elementor-icon-list-icon\">\n\t\t\t\t\t\t\t<i aria-hidden=\"true\" class=\"fas fa-chevron-right\"><\/i>\t\t\t\t\t\t<\/span>\n\t\t\t\t\t\t\t\t\t\t<span class=\"elementor-icon-list-text\">Safety for people: A fire alarm system helps to save lives by quickly triggering an alarm in the event of a fire, enabling people to evacuate.<\/span>\n\t\t\t\t\t\t\t\t\t<\/li>\n\t\t\t\t\t\t\t\t<li class=\"elementor-icon-list-item\">\n\t\t\t\t\t\t\t\t\t\t\t<span class=\"elementor-icon-list-icon\">\n\t\t\t\t\t\t\t<i aria-hidden=\"true\" class=\"fas fa-chevron-right\"><\/i>\t\t\t\t\t\t<\/span>\n\t\t\t\t\t\t\t\t\t\t<span class=\"elementor-icon-list-text\">Protection of property: Rapid detection of fires can limit or prevent damage to property. A fire alarm system can therefore help to save costs for repairs and replacement of damaged equipment or materials.<\/span>\n\t\t\t\t\t\t\t\t\t<\/li>\n\t\t\t\t\t\t\t\t<li class=\"elementor-icon-list-item\">\n\t\t\t\t\t\t\t\t\t\t\t<span class=\"elementor-icon-list-icon\">\n\t\t\t\t\t\t\t<i aria-hidden=\"true\" class=\"fas fa-chevron-right\"><\/i>\t\t\t\t\t\t<\/span>\n\t\t\t\t\t\t\t\t\t\t<span class=\"elementor-icon-list-text\">Compliance with legal requirements: In many countries and industries, fire alarm systems are required by law to ensure the safety of people and property. An installed system can therefore help to meet legal requirements and avoid potential penalties.<\/span>\n\t\t\t\t\t\t\t\t\t<\/li>\n\t\t\t\t\t\t\t\t<li class=\"elementor-icon-list-item\">\n\t\t\t\t\t\t\t\t\t\t\t<span class=\"elementor-icon-list-icon\">\n\t\t\t\t\t\t\t<i aria-hidden=\"true\" class=\"fas fa-chevron-right\"><\/i>\t\t\t\t\t\t<\/span>\n\t\t\t\t\t\t\t\t\t\t<span class=\"elementor-icon-list-text\">Cost reduction: A fire alarm system significantly reduces insurance costs.<\/span>\n\t\t\t\t\t\t\t\t\t<\/li>\n\t\t\t\t\t\t\t\t<li class=\"elementor-icon-list-item\">\n\t\t\t\t\t\t\t\t\t\t\t<span class=\"elementor-icon-list-icon\">\n\t\t\t\t\t\t\t<i aria-hidden=\"true\" class=\"fas fa-chevron-right\"><\/i>\t\t\t\t\t\t<\/span>\n\t\t\t\t\t\t\t\t\t\t<span class=\"elementor-icon-list-text\">24-hour monitoring: A fire alarm system can monitor around the clock and automatically call for help in the event of an alarm if no one is on site or no one has noticed the alarm.<\/span>\n\t\t\t\t\t\t\t\t\t<\/li>\n\t\t\t\t\t\t<\/ul>\n\t\t\t\t\t\t<\/div>\n\t\t\t\t<\/div>\n\t\t\t\t<div class=\"elementor-element elementor-element-7516953 elementor-widget elementor-widget-text-editor\" data-id=\"7516953\" data-element_type=\"widget\" data-widget_type=\"text-editor.default\">\n\t\t\t\t<div class=\"elementor-widget-container\">\n\t\t\t\t\t\t\t\t\t<p><strong>Faster is better.\u00a0<\/strong>For the protection of your employees and your company assets. We would be pleased to advise you.<\/p>\t\t\t\t\t\t\t\t<\/div>\n\t\t\t\t<\/div>\n\t\t\t\t\t<\/div>\n\t\t<\/div>\n\t\t\t\t\t<\/div>\n\t\t<\/section>\n\t\t\t\t\t<\/div>\n\t\t<\/div>\n\t\t\t\t<div class=\"elementor-column elementor-col-50 elementor-top-column elementor-element elementor-element-3d40b164\" data-id=\"3d40b164\" data-element_type=\"column\" data-settings=\"{&quot;background_background&quot;:&quot;classic&quot;}\">\n\t\t\t<div class=\"elementor-widget-wrap elementor-element-populated\">\n\t\t\t\t\t\t<div class=\"elementor-element elementor-element-1ef843f8 elementor-widget elementor-widget-image\" data-id=\"1ef843f8\" data-element_type=\"widget\" data-settings=\"{&quot;motion_fx_motion_fx_scrolling&quot;:&quot;yes&quot;,&quot;motion_fx_translateY_effect&quot;:&quot;yes&quot;,&quot;motion_fx_devices&quot;:[&quot;desktop&quot;],&quot;motion_fx_translateY_speed&quot;:{&quot;unit&quot;:&quot;px&quot;,&quot;size&quot;:4,&quot;sizes&quot;:[]},&quot;motion_fx_translateY_affectedRange&quot;:{&quot;unit&quot;:&quot;%&quot;,&quot;size&quot;:&quot;&quot;,&quot;sizes&quot;:{&quot;start&quot;:0,&quot;end&quot;:100}}}\" data-widget_type=\"image.default\">\n\t\t\t\t<div class=\"elementor-widget-container\">\n\t\t\t\t\t\t\t\t\t\t\t\t\t\t\t<img decoding=\"async\" width=\"580\" height=\"771\" src=\"https:\/\/www.stoelting-gruppe.de\/wp-content\/uploads\/2025\/09\/stoelting_deichtec_brandmeldeanlagen_01.jpg\" class=\"attachment-full size-full wp-image-15684\" alt=\"\" srcset=\"https:\/\/www.stoelting-gruppe.de\/wp-content\/uploads\/2025\/09\/stoelting_deichtec_brandmeldeanlagen_01.jpg 580w, https:\/\/www.stoelting-gruppe.de\/wp-content\/uploads\/2025\/09\/stoelting_deichtec_brandmeldeanlagen_01-226x300.jpg 226w\" sizes=\"(max-width: 580px) 100vw, 580px\" \/>\t\t\t\t\t\t\t\t\t\t\t\t\t\t\t<\/div>\n\t\t\t\t<\/div>\n\t\t\t\t\t<\/div>\n\t\t<\/div>\n\t\t\t\t\t<\/div>\n\t\t<\/section>\n\t\t\t\t<section class=\"elementor-section elementor-top-section elementor-element elementor-element-56c6695 elementor-hidden-desktop elementor-hidden-tablet elementor-hidden-mobile elementor-section-boxed elementor-section-height-default elementor-section-height-default\" data-id=\"56c6695\" data-element_type=\"section\">\n\t\t\t\t\t\t<div class=\"elementor-container elementor-column-gap-default\">\n\t\t\t\t\t<div class=\"elementor-column elementor-col-100 elementor-top-column elementor-element elementor-element-7730687\" data-id=\"7730687\" data-element_type=\"column\">\n\t\t\t<div class=\"elementor-widget-wrap elementor-element-populated\">\n\t\t\t\t\t\t<div class=\"elementor-element elementor-element-7af9a70 elementor-widget elementor-widget-menu-anchor\" data-id=\"7af9a70\" data-element_type=\"widget\" data-widget_type=\"menu-anchor.default\">\n\t\t\t\t<div class=\"elementor-widget-container\">\n\t\t\t\t\t\t\t<div class=\"elementor-menu-anchor\" id=\"beratung\"><\/div>\n\t\t\t\t\t\t<\/div>\n\t\t\t\t<\/div>\n\t\t\t\t\t<\/div>\n\t\t<\/div>\n\t\t\t\t\t<\/div>\n\t\t<\/section>\n\t\t\t\t<\/div>","protected":false},"excerpt":{"rendered":"<p>Safety technology Fire alarm systems Fire alarm systems ACCORDING TO DIN 14675 Faster protects better Smoke does not have to turn into fire. Intelligent fire alarm systems detect fires as they start. The fire alarm systems set off internal and external alarms. This allows the source of the fire to be tackled at an early stage, often averting major damage. Take advantage of our experience in planning, installation and maintenance [...]<\/p>","protected":false},"author":18,"featured_media":10737,"parent":15213,"menu_order":1,"comment_status":"closed","ping_status":"closed","template":"","meta":{"_acf_changed":false,"footnotes":""},"class_list":["post-15491","page","type-page","status-publish","has-post-thumbnail","hentry"],"acf":[],"yoast_head":"<!-- This site is optimized with the Yoast SEO plugin v26.8 - https:\/\/yoast.com\/product\/yoast-seo-wordpress\/ -->\n<title>Sicherheitsservice - St\u00f6lting Service Group<\/title>\n<meta name=\"description\" content=\"Professionelle Sicherheits-Dienstleistungen f\u00fcr Privat und Gewerbe. Objektschutz, Werkschutz, Revierdienste, Schlie\u00dfdienste, Alarmverfolgung\" \/>\n<meta name=\"robots\" content=\"index, follow, max-snippet:-1, max-image-preview:large, max-video-preview:-1\" \/>\n<link rel=\"canonical\" href=\"https:\/\/www.stoelting-gruppe.de\/en\/sicherheitsservice\/sicherheitstechnik\/brandmeldeanlagen\/\" \/>\n<meta property=\"og:locale\" content=\"en_GB\" \/>\n<meta property=\"og:type\" content=\"article\" \/>\n<meta property=\"og:title\" content=\"Sicherheitsservice - St\u00f6lting Service Group\" \/>\n<meta property=\"og:description\" content=\"Professionelle Sicherheits-Dienstleistungen f\u00fcr Privat und Gewerbe. Objektschutz, Werkschutz, Revierdienste, Schlie\u00dfdienste, Alarmverfolgung\" \/>\n<meta property=\"og:url\" content=\"https:\/\/www.stoelting-gruppe.de\/en\/sicherheitsservice\/sicherheitstechnik\/brandmeldeanlagen\/\" \/>\n<meta property=\"og:site_name\" content=\"St\u00f6lting Service Group\" \/>\n<meta property=\"article:publisher\" content=\"https:\/\/www.facebook.com\/StoeltingServiceGroup\" \/>\n<meta property=\"article:modified_time\" content=\"2025-09-08T10:22:10+00:00\" \/>\n<meta property=\"og:image\" content=\"https:\/\/www.stoelting-gruppe.de\/wp-content\/uploads\/2021\/10\/Sto\u0308lting_Logo_Original-News.jpg\" \/>\n\t<meta property=\"og:image:width\" content=\"876\" \/>\n\t<meta property=\"og:image:height\" content=\"472\" \/>\n\t<meta property=\"og:image:type\" content=\"image\/jpeg\" \/>\n<meta name=\"twitter:card\" content=\"summary_large_image\" \/>\n<meta name=\"twitter:label1\" content=\"Estimated reading time\" \/>\n\t<meta name=\"twitter:data1\" content=\"2 minutes\" \/>\n<script type=\"application\/ld+json\" class=\"yoast-schema-graph\">{\"@context\":\"https:\/\/schema.org\",\"@graph\":[{\"@type\":\"WebPage\",\"@id\":\"https:\/\/www.stoelting-gruppe.de\/sicherheitsservice\/sicherheitstechnik\/brandmeldeanlagen\/\",\"url\":\"https:\/\/www.stoelting-gruppe.de\/sicherheitsservice\/sicherheitstechnik\/brandmeldeanlagen\/\",\"name\":\"Sicherheitsservice - St\u00f6lting Service Group\",\"isPartOf\":{\"@id\":\"https:\/\/www.stoelting-gruppe.de\/#website\"},\"primaryImageOfPage\":{\"@id\":\"https:\/\/www.stoelting-gruppe.de\/sicherheitsservice\/sicherheitstechnik\/brandmeldeanlagen\/#primaryimage\"},\"image\":{\"@id\":\"https:\/\/www.stoelting-gruppe.de\/sicherheitsservice\/sicherheitstechnik\/brandmeldeanlagen\/#primaryimage\"},\"thumbnailUrl\":\"https:\/\/www.stoelting-gruppe.de\/wp-content\/uploads\/2021\/10\/Sto\u0308lting_Logo_Original-News.jpg\",\"datePublished\":\"2025-09-01T08:42:44+00:00\",\"dateModified\":\"2025-09-08T10:22:10+00:00\",\"description\":\"Professionelle Sicherheits-Dienstleistungen f\u00fcr Privat und Gewerbe. Objektschutz, Werkschutz, Revierdienste, Schlie\u00dfdienste, Alarmverfolgung\",\"breadcrumb\":{\"@id\":\"https:\/\/www.stoelting-gruppe.de\/sicherheitsservice\/sicherheitstechnik\/brandmeldeanlagen\/#breadcrumb\"},\"inLanguage\":\"en-GB\",\"potentialAction\":[{\"@type\":\"ReadAction\",\"target\":[\"https:\/\/www.stoelting-gruppe.de\/sicherheitsservice\/sicherheitstechnik\/brandmeldeanlagen\/\"]}]},{\"@type\":\"ImageObject\",\"inLanguage\":\"en-GB\",\"@id\":\"https:\/\/www.stoelting-gruppe.de\/sicherheitsservice\/sicherheitstechnik\/brandmeldeanlagen\/#primaryimage\",\"url\":\"https:\/\/www.stoelting-gruppe.de\/wp-content\/uploads\/2021\/10\/Sto\u0308lting_Logo_Original-News.jpg\",\"contentUrl\":\"https:\/\/www.stoelting-gruppe.de\/wp-content\/uploads\/2021\/10\/Sto\u0308lting_Logo_Original-News.jpg\",\"width\":876,\"height\":472,\"caption\":\"stoelting service group\"},{\"@type\":\"BreadcrumbList\",\"@id\":\"https:\/\/www.stoelting-gruppe.de\/sicherheitsservice\/sicherheitstechnik\/brandmeldeanlagen\/#breadcrumb\",\"itemListElement\":[{\"@type\":\"ListItem\",\"position\":1,\"name\":\"Startseite\",\"item\":\"https:\/\/www.stoelting-gruppe.de\/\"},{\"@type\":\"ListItem\",\"position\":2,\"name\":\"Sicherheitsservice\",\"item\":\"https:\/\/www.stoelting-gruppe.de\/sicherheitsservice\/\"},{\"@type\":\"ListItem\",\"position\":3,\"name\":\"Sicherheitstechnik\",\"item\":\"https:\/\/www.stoelting-gruppe.de\/sicherheitsservice\/sicherheitstechnik\/\"},{\"@type\":\"ListItem\",\"position\":4,\"name\":\"Brandmeldeanlagen\"}]},{\"@type\":\"WebSite\",\"@id\":\"https:\/\/www.stoelting-gruppe.de\/#website\",\"url\":\"https:\/\/www.stoelting-gruppe.de\/\",\"name\":\"St\u00f6lting Service Group\",\"description\":\"Wir machen. Seit 125 Jahren. Reinigung, Sicherheit, Personal\",\"publisher\":{\"@id\":\"https:\/\/www.stoelting-gruppe.de\/#organization\"},\"potentialAction\":[{\"@type\":\"SearchAction\",\"target\":{\"@type\":\"EntryPoint\",\"urlTemplate\":\"https:\/\/www.stoelting-gruppe.de\/?s={search_term_string}\"},\"query-input\":{\"@type\":\"PropertyValueSpecification\",\"valueRequired\":true,\"valueName\":\"search_term_string\"}}],\"inLanguage\":\"en-GB\"},{\"@type\":\"Organization\",\"@id\":\"https:\/\/www.stoelting-gruppe.de\/#organization\",\"name\":\"St\u00f6lting Service Group\",\"url\":\"https:\/\/www.stoelting-gruppe.de\/\",\"logo\":{\"@type\":\"ImageObject\",\"inLanguage\":\"en-GB\",\"@id\":\"https:\/\/www.stoelting-gruppe.de\/#\/schema\/logo\/image\/\",\"url\":\"https:\/\/www.stoelting-gruppe.de\/wp-content\/uploads\/2020\/12\/SSG-Logo.svg\",\"contentUrl\":\"https:\/\/www.stoelting-gruppe.de\/wp-content\/uploads\/2020\/12\/SSG-Logo.svg\",\"width\":426,\"height\":80,\"caption\":\"St\u00f6lting Service Group\"},\"image\":{\"@id\":\"https:\/\/www.stoelting-gruppe.de\/#\/schema\/logo\/image\/\"},\"sameAs\":[\"https:\/\/www.facebook.com\/StoeltingServiceGroup\"]}]}<\/script>\n<!-- \/ Yoast SEO plugin. -->","yoast_head_json":{"title":"Security services - St\u00f6lting Service Group","description":"Professional security services for private individuals and businesses. Property protection, plant security, patrol services, locking services, alarm monitoring.","robots":{"index":"index","follow":"follow","max-snippet":"max-snippet:-1","max-image-preview":"max-image-preview:large","max-video-preview":"max-video-preview:-1"},"canonical":"https:\/\/www.stoelting-gruppe.de\/en\/sicherheitsservice\/sicherheitstechnik\/brandmeldeanlagen\/","og_locale":"en_GB","og_type":"article","og_title":"Sicherheitsservice - St\u00f6lting Service Group","og_description":"Professionelle Sicherheits-Dienstleistungen f\u00fcr Privat und Gewerbe. Objektschutz, Werkschutz, Revierdienste, Schlie\u00dfdienste, Alarmverfolgung","og_url":"https:\/\/www.stoelting-gruppe.de\/en\/sicherheitsservice\/sicherheitstechnik\/brandmeldeanlagen\/","og_site_name":"St\u00f6lting Service Group","article_publisher":"https:\/\/www.facebook.com\/StoeltingServiceGroup","article_modified_time":"2025-09-08T10:22:10+00:00","og_image":[{"width":876,"height":472,"url":"https:\/\/www.stoelting-gruppe.de\/wp-content\/uploads\/2021\/10\/Sto\u0308lting_Logo_Original-News.jpg","type":"image\/jpeg"}],"twitter_card":"summary_large_image","twitter_misc":{"Estimated reading time":"2 minutes"},"schema":{"@context":"https:\/\/schema.org","@graph":[{"@type":"WebPage","@id":"https:\/\/www.stoelting-gruppe.de\/sicherheitsservice\/sicherheitstechnik\/brandmeldeanlagen\/","url":"https:\/\/www.stoelting-gruppe.de\/sicherheitsservice\/sicherheitstechnik\/brandmeldeanlagen\/","name":"Security services - St\u00f6lting Service Group","isPartOf":{"@id":"https:\/\/www.stoelting-gruppe.de\/#website"},"primaryImageOfPage":{"@id":"https:\/\/www.stoelting-gruppe.de\/sicherheitsservice\/sicherheitstechnik\/brandmeldeanlagen\/#primaryimage"},"image":{"@id":"https:\/\/www.stoelting-gruppe.de\/sicherheitsservice\/sicherheitstechnik\/brandmeldeanlagen\/#primaryimage"},"thumbnailUrl":"https:\/\/www.stoelting-gruppe.de\/wp-content\/uploads\/2021\/10\/Sto\u0308lting_Logo_Original-News.jpg","datePublished":"2025-09-01T08:42:44+00:00","dateModified":"2025-09-08T10:22:10+00:00","description":"Professional security services for private individuals and businesses. Property protection, plant security, patrol services, locking services, alarm monitoring.","breadcrumb":{"@id":"https:\/\/www.stoelting-gruppe.de\/sicherheitsservice\/sicherheitstechnik\/brandmeldeanlagen\/#breadcrumb"},"inLanguage":"en-GB","potentialAction":[{"@type":"ReadAction","target":["https:\/\/www.stoelting-gruppe.de\/sicherheitsservice\/sicherheitstechnik\/brandmeldeanlagen\/"]}]},{"@type":"ImageObject","inLanguage":"en-GB","@id":"https:\/\/www.stoelting-gruppe.de\/sicherheitsservice\/sicherheitstechnik\/brandmeldeanlagen\/#primaryimage","url":"https:\/\/www.stoelting-gruppe.de\/wp-content\/uploads\/2021\/10\/Sto\u0308lting_Logo_Original-News.jpg","contentUrl":"https:\/\/www.stoelting-gruppe.de\/wp-content\/uploads\/2021\/10\/Sto\u0308lting_Logo_Original-News.jpg","width":876,"height":472,"caption":"stoelting service group"},{"@type":"BreadcrumbList","@id":"https:\/\/www.stoelting-gruppe.de\/sicherheitsservice\/sicherheitstechnik\/brandmeldeanlagen\/#breadcrumb","itemListElement":[{"@type":"ListItem","position":1,"name":"Startseite","item":"https:\/\/www.stoelting-gruppe.de\/"},{"@type":"ListItem","position":2,"name":"Sicherheitsservice","item":"https:\/\/www.stoelting-gruppe.de\/sicherheitsservice\/"},{"@type":"ListItem","position":3,"name":"Sicherheitstechnik","item":"https:\/\/www.stoelting-gruppe.de\/sicherheitsservice\/sicherheitstechnik\/"},{"@type":"ListItem","position":4,"name":"Brandmeldeanlagen"}]},{"@type":"WebSite","@id":"https:\/\/www.stoelting-gruppe.de\/#website","url":"https:\/\/www.stoelting-gruppe.de\/","name":"St\u00f6lting Service Group","description":"We do it. For 125 years. Cleaning, security, personnel","publisher":{"@id":"https:\/\/www.stoelting-gruppe.de\/#organization"},"potentialAction":[{"@type":"SearchAction","target":{"@type":"EntryPoint","urlTemplate":"https:\/\/www.stoelting-gruppe.de\/?s={search_term_string}"},"query-input":{"@type":"PropertyValueSpecification","valueRequired":true,"valueName":"search_term_string"}}],"inLanguage":"en-GB"},{"@type":"Organization","@id":"https:\/\/www.stoelting-gruppe.de\/#organization","name":"St\u00f6lting Service Group","url":"https:\/\/www.stoelting-gruppe.de\/","logo":{"@type":"ImageObject","inLanguage":"en-GB","@id":"https:\/\/www.stoelting-gruppe.de\/#\/schema\/logo\/image\/","url":"https:\/\/www.stoelting-gruppe.de\/wp-content\/uploads\/2020\/12\/SSG-Logo.svg","contentUrl":"https:\/\/www.stoelting-gruppe.de\/wp-content\/uploads\/2020\/12\/SSG-Logo.svg","width":426,"height":80,"caption":"St\u00f6lting Service Group"},"image":{"@id":"https:\/\/www.stoelting-gruppe.de\/#\/schema\/logo\/image\/"},"sameAs":["https:\/\/www.facebook.com\/StoeltingServiceGroup"]}]}},"_links":{"self":[{"href":"https:\/\/www.stoelting-gruppe.de\/en\/wp-json\/wp\/v2\/pages\/15491","targetHints":{"allow":["GET"]}}],"collection":[{"href":"https:\/\/www.stoelting-gruppe.de\/en\/wp-json\/wp\/v2\/pages"}],"about":[{"href":"https:\/\/www.stoelting-gruppe.de\/en\/wp-json\/wp\/v2\/types\/page"}],"author":[{"embeddable":true,"href":"https:\/\/www.stoelting-gruppe.de\/en\/wp-json\/wp\/v2\/users\/18"}],"replies":[{"embeddable":true,"href":"https:\/\/www.stoelting-gruppe.de\/en\/wp-json\/wp\/v2\/comments?post=15491"}],"version-history":[{"count":4,"href":"https:\/\/www.stoelting-gruppe.de\/en\/wp-json\/wp\/v2\/pages\/15491\/revisions"}],"predecessor-version":[{"id":15687,"href":"https:\/\/www.stoelting-gruppe.de\/en\/wp-json\/wp\/v2\/pages\/15491\/revisions\/15687"}],"up":[{"embeddable":true,"href":"https:\/\/www.stoelting-gruppe.de\/en\/wp-json\/wp\/v2\/pages\/15213"}],"wp:featuredmedia":[{"embeddable":true,"href":"https:\/\/www.stoelting-gruppe.de\/en\/wp-json\/wp\/v2\/media\/10737"}],"wp:attachment":[{"href":"https:\/\/www.stoelting-gruppe.de\/en\/wp-json\/wp\/v2\/media?parent=15491"}],"curies":[{"name":"wp","href":"https:\/\/api.w.org\/{rel}","templated":true}]}}