{"id":15512,"date":"2025-09-01T11:19:10","date_gmt":"2025-09-01T09:19:10","guid":{"rendered":"https:\/\/www.stoelting-gruppe.de\/?page_id=15512"},"modified":"2025-09-08T12:22:03","modified_gmt":"2025-09-08T10:22:03","slug":"videoueberwachung","status":"publish","type":"page","link":"https:\/\/www.stoelting-gruppe.de\/en\/sicherheitsservice\/sicherheitstechnik\/videoueberwachung\/","title":{"rendered":"CCTV"},"content":{"rendered":"<div data-elementor-type=\"wp-page\" data-elementor-id=\"15512\" class=\"elementor elementor-15512\" data-elementor-post-type=\"page\">\n\t\t\t\t\t\t<section class=\"elementor-section elementor-top-section elementor-element elementor-element-29339a93 elementor-section-height-min-height elementor-section-boxed elementor-section-height-default elementor-section-items-middle\" data-id=\"29339a93\" data-element_type=\"section\" data-settings=\"{&quot;background_background&quot;:&quot;classic&quot;}\">\n\t\t\t\t\t\t<div class=\"elementor-container elementor-column-gap-default\">\n\t\t\t\t\t<div class=\"elementor-column elementor-col-100 elementor-top-column elementor-element elementor-element-50950dfd\" data-id=\"50950dfd\" data-element_type=\"column\">\n\t\t\t<div class=\"elementor-widget-wrap elementor-element-populated\">\n\t\t\t\t\t\t<section class=\"elementor-section elementor-inner-section elementor-element elementor-element-62a7dfae elementor-section-boxed elementor-section-height-default elementor-section-height-default\" data-id=\"62a7dfae\" data-element_type=\"section\">\n\t\t\t\t\t\t<div class=\"elementor-container elementor-column-gap-default\">\n\t\t\t\t\t<div class=\"elementor-column elementor-col-100 elementor-inner-column elementor-element elementor-element-1bf414d6\" data-id=\"1bf414d6\" data-element_type=\"column\">\n\t\t\t<div class=\"elementor-widget-wrap elementor-element-populated\">\n\t\t\t\t\t\t<div class=\"elementor-element elementor-element-b54b73d elementor-invisible elementor-widget elementor-widget-image\" data-id=\"b54b73d\" data-element_type=\"widget\" data-settings=\"{&quot;_animation&quot;:&quot;fadeIn&quot;}\" data-widget_type=\"image.default\">\n\t\t\t\t<div class=\"elementor-widget-container\">\n\t\t\t\t\t\t\t\t\t\t\t\t\t\t\t<img fetchpriority=\"high\" decoding=\"async\" width=\"800\" height=\"287\" src=\"https:\/\/www.stoelting-gruppe.de\/wp-content\/uploads\/2025\/09\/stoelting_deichtec_logo.png\" class=\"attachment-full size-full wp-image-15608\" alt=\"\" srcset=\"https:\/\/www.stoelting-gruppe.de\/wp-content\/uploads\/2025\/09\/stoelting_deichtec_logo.png 800w, https:\/\/www.stoelting-gruppe.de\/wp-content\/uploads\/2025\/09\/stoelting_deichtec_logo-300x108.png 300w, https:\/\/www.stoelting-gruppe.de\/wp-content\/uploads\/2025\/09\/stoelting_deichtec_logo-768x276.png 768w\" sizes=\"(max-width: 800px) 100vw, 800px\" \/>\t\t\t\t\t\t\t\t\t\t\t\t\t\t\t<\/div>\n\t\t\t\t<\/div>\n\t\t\t\t<div class=\"elementor-element elementor-element-341e4433 elementor-invisible elementor-widget elementor-widget-heading\" data-id=\"341e4433\" data-element_type=\"widget\" data-settings=\"{&quot;_animation&quot;:&quot;fadeIn&quot;}\" data-widget_type=\"heading.default\">\n\t\t\t\t<div class=\"elementor-widget-container\">\n\t\t\t\t\t<h1 class=\"elementor-heading-title elementor-size-default\">Safety<br>technology<\/h1>\t\t\t\t<\/div>\n\t\t\t\t<\/div>\n\t\t\t\t<div class=\"elementor-element elementor-element-78ecf1e elementor-invisible elementor-widget elementor-widget-heading\" data-id=\"78ecf1e\" data-element_type=\"widget\" data-settings=\"{&quot;_animation&quot;:&quot;fadeIn&quot;}\" data-widget_type=\"heading.default\">\n\t\t\t\t<div class=\"elementor-widget-container\">\n\t\t\t\t\t<span class=\"elementor-heading-title elementor-size-default\">CCTV<\/span>\t\t\t\t<\/div>\n\t\t\t\t<\/div>\n\t\t\t\t\t<\/div>\n\t\t<\/div>\n\t\t\t\t\t<\/div>\n\t\t<\/section>\n\t\t\t\t\t<\/div>\n\t\t<\/div>\n\t\t\t\t\t<\/div>\n\t\t<\/section>\n\t\t\t\t<section class=\"elementor-section elementor-top-section elementor-element elementor-element-12f357c7 elementor-section-boxed elementor-section-height-default elementor-section-height-default\" data-id=\"12f357c7\" data-element_type=\"section\">\n\t\t\t\t\t\t<div class=\"elementor-container elementor-column-gap-default\">\n\t\t\t\t\t<div class=\"elementor-column elementor-col-50 elementor-top-column elementor-element elementor-element-184c5bd1\" data-id=\"184c5bd1\" data-element_type=\"column\">\n\t\t\t<div class=\"elementor-widget-wrap elementor-element-populated\">\n\t\t\t\t\t\t<div class=\"elementor-element elementor-element-261bd27a elementor-widget elementor-widget-heading\" data-id=\"261bd27a\" data-element_type=\"widget\" data-widget_type=\"heading.default\">\n\t\t\t\t<div class=\"elementor-widget-container\">\n\t\t\t\t\t<h2 class=\"elementor-heading-title elementor-size-default\"><span class=\"dark\">CCTV\n<\/span><br>\nWith a keen eye<\/h2>\t\t\t\t<\/div>\n\t\t\t\t<\/div>\n\t\t\t\t\t<\/div>\n\t\t<\/div>\n\t\t\t\t<div class=\"elementor-column elementor-col-50 elementor-top-column elementor-element elementor-element-5f254023\" data-id=\"5f254023\" data-element_type=\"column\">\n\t\t\t<div class=\"elementor-widget-wrap elementor-element-populated\">\n\t\t\t\t\t\t<div class=\"elementor-element elementor-element-6db75c89 elementor-widget elementor-widget-text-editor\" data-id=\"6db75c89\" data-element_type=\"widget\" data-widget_type=\"text-editor.default\">\n\t\t\t\t<div class=\"elementor-widget-container\">\n\t\t\t\t\t\t\t\t\t<p>Video surveillance is an important part of a modern security strategy. Video recordings can help identify perpetrators and increase the clearance rate, especially in cases of burglary and other crimes. Another advantage of video surveillance is that it enables early detection of potentially dangerous situations. Take advantage of this opportunity and make video surveillance the basis of your security strategy.<\/p><p>You can keep an eye on everything. Compliant with data protection regulations. Inside and outside.<br \/>Deichtec plans, installs and maintains the right video surveillance system for your requirements.<\/p><p>This ranges from classic property surveillance with surveillance cameras to video surveillance of critical infrastructure with complex camera systems.\u00a0<strong>Benefit from our expertise and safeguard your assets.<\/strong><\/p><p>\u00a0<\/p>\t\t\t\t\t\t\t\t<\/div>\n\t\t\t\t<\/div>\n\t\t\t\t\t<\/div>\n\t\t<\/div>\n\t\t\t\t\t<\/div>\n\t\t<\/section>\n\t\t\t\t<section class=\"elementor-section elementor-top-section elementor-element elementor-element-193edabc elementor-section-boxed elementor-section-height-default elementor-section-height-default\" data-id=\"193edabc\" data-element_type=\"section\" data-settings=\"{&quot;background_background&quot;:&quot;classic&quot;}\">\n\t\t\t\t\t\t<div class=\"elementor-container elementor-column-gap-default\">\n\t\t\t\t\t<div class=\"elementor-column elementor-col-50 elementor-top-column elementor-element elementor-element-20fb9b28\" data-id=\"20fb9b28\" data-element_type=\"column\">\n\t\t\t<div class=\"elementor-widget-wrap elementor-element-populated\">\n\t\t\t\t\t\t<div class=\"elementor-element elementor-element-140be1f elementor-widget elementor-widget-text-editor\" data-id=\"140be1f\" data-element_type=\"widget\" data-widget_type=\"text-editor.default\">\n\t\t\t\t<div class=\"elementor-widget-container\">\n\t\t\t\t\t\t\t\t\t<p><strong>We can do the following for you\u00a0<\/strong>Video surveillance in these areas:<br \/><br \/><\/p><p><strong>Public space<\/strong><\/p><p>Deter, inform, intervene in good time: in public spaces, video surveillance helps authorities to protect people and property.<\/p>\t\t\t\t\t\t\t\t<\/div>\n\t\t\t\t<\/div>\n\t\t\t\t<section class=\"elementor-section elementor-inner-section elementor-element elementor-element-edc9476 elementor-section-boxed elementor-section-height-default elementor-section-height-default\" data-id=\"edc9476\" data-element_type=\"section\">\n\t\t\t\t\t\t<div class=\"elementor-container elementor-column-gap-default\">\n\t\t\t\t\t<div class=\"elementor-column elementor-col-100 elementor-inner-column elementor-element elementor-element-909acaf\" data-id=\"909acaf\" data-element_type=\"column\">\n\t\t\t<div class=\"elementor-widget-wrap elementor-element-populated\">\n\t\t\t\t\t\t<div class=\"elementor-element elementor-element-48a50b1b elementor-icon-list--layout-traditional elementor-list-item-link-full_width elementor-widget elementor-widget-icon-list\" data-id=\"48a50b1b\" data-element_type=\"widget\" data-widget_type=\"icon-list.default\">\n\t\t\t\t<div class=\"elementor-widget-container\">\n\t\t\t\t\t\t\t<ul class=\"elementor-icon-list-items\">\n\t\t\t\t\t\t\t<li class=\"elementor-icon-list-item\">\n\t\t\t\t\t\t\t\t\t\t\t<span class=\"elementor-icon-list-icon\">\n\t\t\t\t\t\t\t<i aria-hidden=\"true\" class=\"fas fa-chevron-right\"><\/i>\t\t\t\t\t\t<\/span>\n\t\t\t\t\t\t\t\t\t\t<span class=\"elementor-icon-list-text\">educational institutions <br>Aggression, theft and vandalism are a growing problem for educational institutions. Video surveillance helps to make the institution a safe place for learners and teachers.<\/span>\n\t\t\t\t\t\t\t\t\t<\/li>\n\t\t\t\t\t\t\t\t<li class=\"elementor-icon-list-item\">\n\t\t\t\t\t\t\t\t\t\t\t<span class=\"elementor-icon-list-icon\">\n\t\t\t\t\t\t\t<i aria-hidden=\"true\" class=\"fas fa-chevron-right\"><\/i>\t\t\t\t\t\t<\/span>\n\t\t\t\t\t\t\t\t\t\t<span class=\"elementor-icon-list-text\">retail trade<br>Theft and night-time vandalism are the main problems here. Increasingly, thefts are being carried out in a highly professional manner. This makes it all the more important to have surveillance that complies with data protection regulations and is also usable.<\/span>\n\t\t\t\t\t\t\t\t\t<\/li>\n\t\t\t\t\t\t\t\t<li class=\"elementor-icon-list-item\">\n\t\t\t\t\t\t\t\t\t\t\t<span class=\"elementor-icon-list-icon\">\n\t\t\t\t\t\t\t<i aria-hidden=\"true\" class=\"fas fa-chevron-right\"><\/i>\t\t\t\t\t\t<\/span>\n\t\t\t\t\t\t\t\t\t\t<span class=\"elementor-icon-list-text\">Traffic and transport<br> Local and long-distance train stations, ports, and logistics facilities and sites require robust products that deliver excellent video recordings day and night, even under difficult conditions, and store them securely and in compliance with the GDPR.<\/span>\n\t\t\t\t\t\t\t\t\t<\/li>\n\t\t\t\t\t\t\t\t<li class=\"elementor-icon-list-item\">\n\t\t\t\t\t\t\t\t\t\t\t<span class=\"elementor-icon-list-icon\">\n\t\t\t\t\t\t\t<i aria-hidden=\"true\" class=\"fas fa-chevron-right\"><\/i>\t\t\t\t\t\t<\/span>\n\t\t\t\t\t\t\t\t\t\t<span class=\"elementor-icon-list-text\">private residence<br> Burglaries mainly occur when the residents are not at home. The clearance rate has been below 20 per cent for years. Video surveillance deters potential perpetrators, can send a silent alarm and supports law enforcement agencies.<\/span>\n\t\t\t\t\t\t\t\t\t<\/li>\n\t\t\t\t\t\t<\/ul>\n\t\t\t\t\t\t<\/div>\n\t\t\t\t<\/div>\n\t\t\t\t<div class=\"elementor-element elementor-element-7516953 elementor-widget elementor-widget-text-editor\" data-id=\"7516953\" data-element_type=\"widget\" data-widget_type=\"text-editor.default\">\n\t\t\t\t<div class=\"elementor-widget-container\">\n\t\t\t\t\t\t\t\t\t<p><strong>Compliant with data protection regulations<\/strong><\/p><p><strong>Focus on the law<\/strong><br \/>Any video surveillance creates tension. On the one hand, there is the need for protection and security, and on the other, there is the right to one's own image and the self-determined disclosure of personal data. In the UK, the General Data Protection Regulation (GDPR) regulates what is and is not permitted. We provide detailed advice on this and only implement video surveillance systems that comply with data protection regulations. This means you have both the law and security on your side.<\/p>\t\t\t\t\t\t\t\t<\/div>\n\t\t\t\t<\/div>\n\t\t\t\t\t<\/div>\n\t\t<\/div>\n\t\t\t\t\t<\/div>\n\t\t<\/section>\n\t\t\t\t\t<\/div>\n\t\t<\/div>\n\t\t\t\t<div class=\"elementor-column elementor-col-50 elementor-top-column elementor-element elementor-element-3d40b164\" data-id=\"3d40b164\" data-element_type=\"column\" data-settings=\"{&quot;background_background&quot;:&quot;classic&quot;}\">\n\t\t\t<div class=\"elementor-widget-wrap elementor-element-populated\">\n\t\t\t\t\t\t<div class=\"elementor-element elementor-element-1ef843f8 elementor-widget elementor-widget-image\" data-id=\"1ef843f8\" data-element_type=\"widget\" data-settings=\"{&quot;motion_fx_motion_fx_scrolling&quot;:&quot;yes&quot;,&quot;motion_fx_translateY_effect&quot;:&quot;yes&quot;,&quot;motion_fx_devices&quot;:[&quot;desktop&quot;],&quot;motion_fx_translateY_speed&quot;:{&quot;unit&quot;:&quot;px&quot;,&quot;size&quot;:4,&quot;sizes&quot;:[]},&quot;motion_fx_translateY_affectedRange&quot;:{&quot;unit&quot;:&quot;%&quot;,&quot;size&quot;:&quot;&quot;,&quot;sizes&quot;:{&quot;start&quot;:0,&quot;end&quot;:100}}}\" data-widget_type=\"image.default\">\n\t\t\t\t<div class=\"elementor-widget-container\">\n\t\t\t\t\t\t\t\t\t\t\t\t\t\t\t<img decoding=\"async\" width=\"580\" height=\"771\" src=\"https:\/\/www.stoelting-gruppe.de\/wp-content\/uploads\/2025\/09\/stoelting_deichtec_videoueberwachung_01.jpg\" class=\"attachment-full size-full wp-image-15688\" alt=\"\" srcset=\"https:\/\/www.stoelting-gruppe.de\/wp-content\/uploads\/2025\/09\/stoelting_deichtec_videoueberwachung_01.jpg 580w, https:\/\/www.stoelting-gruppe.de\/wp-content\/uploads\/2025\/09\/stoelting_deichtec_videoueberwachung_01-226x300.jpg 226w\" sizes=\"(max-width: 580px) 100vw, 580px\" \/>\t\t\t\t\t\t\t\t\t\t\t\t\t\t\t<\/div>\n\t\t\t\t<\/div>\n\t\t\t\t\t<\/div>\n\t\t<\/div>\n\t\t\t\t\t<\/div>\n\t\t<\/section>\n\t\t\t\t<section class=\"elementor-section elementor-top-section elementor-element elementor-element-56c6695 elementor-hidden-desktop elementor-hidden-tablet elementor-hidden-mobile elementor-section-boxed elementor-section-height-default elementor-section-height-default\" data-id=\"56c6695\" data-element_type=\"section\">\n\t\t\t\t\t\t<div class=\"elementor-container elementor-column-gap-default\">\n\t\t\t\t\t<div class=\"elementor-column elementor-col-100 elementor-top-column elementor-element elementor-element-7730687\" data-id=\"7730687\" data-element_type=\"column\">\n\t\t\t<div class=\"elementor-widget-wrap elementor-element-populated\">\n\t\t\t\t\t\t<div class=\"elementor-element elementor-element-7af9a70 elementor-widget elementor-widget-menu-anchor\" data-id=\"7af9a70\" data-element_type=\"widget\" data-widget_type=\"menu-anchor.default\">\n\t\t\t\t<div class=\"elementor-widget-container\">\n\t\t\t\t\t\t\t<div class=\"elementor-menu-anchor\" id=\"beratung\"><\/div>\n\t\t\t\t\t\t<\/div>\n\t\t\t\t<\/div>\n\t\t\t\t\t<\/div>\n\t\t<\/div>\n\t\t\t\t\t<\/div>\n\t\t<\/section>\n\t\t\t\t<\/div>","protected":false},"excerpt":{"rendered":"<p>Security technology Video surveillance Video surveillance With a keen eye Video surveillance is an important part of a modern security strategy. Video recordings can help identify perpetrators and increase the clearance rate, especially in cases of burglary and other crimes. Another advantage of video surveillance is that it enables early detection of potentially dangerous situations. Take advantage of this opportunity and make [\u2026]<\/p>","protected":false},"author":18,"featured_media":10737,"parent":15213,"menu_order":2,"comment_status":"closed","ping_status":"closed","template":"","meta":{"_acf_changed":false,"footnotes":""},"class_list":["post-15512","page","type-page","status-publish","has-post-thumbnail","hentry"],"acf":[],"yoast_head":"<!-- This site is optimized with the Yoast SEO plugin v26.8 - https:\/\/yoast.com\/product\/yoast-seo-wordpress\/ -->\n<title>Sicherheitsservice - St\u00f6lting Service Group<\/title>\n<meta name=\"description\" content=\"Professionelle Sicherheits-Dienstleistungen f\u00fcr Privat und Gewerbe. Objektschutz, Werkschutz, Revierdienste, Schlie\u00dfdienste, Alarmverfolgung\" \/>\n<meta name=\"robots\" content=\"index, follow, max-snippet:-1, max-image-preview:large, max-video-preview:-1\" \/>\n<link rel=\"canonical\" href=\"https:\/\/www.stoelting-gruppe.de\/en\/sicherheitsservice\/sicherheitstechnik\/videoueberwachung\/\" \/>\n<meta property=\"og:locale\" content=\"en_GB\" \/>\n<meta property=\"og:type\" content=\"article\" \/>\n<meta property=\"og:title\" content=\"Sicherheitsservice - St\u00f6lting Service Group\" \/>\n<meta property=\"og:description\" content=\"Professionelle Sicherheits-Dienstleistungen f\u00fcr Privat und Gewerbe. Objektschutz, Werkschutz, Revierdienste, Schlie\u00dfdienste, Alarmverfolgung\" \/>\n<meta property=\"og:url\" content=\"https:\/\/www.stoelting-gruppe.de\/en\/sicherheitsservice\/sicherheitstechnik\/videoueberwachung\/\" \/>\n<meta property=\"og:site_name\" content=\"St\u00f6lting Service Group\" \/>\n<meta property=\"article:publisher\" content=\"https:\/\/www.facebook.com\/StoeltingServiceGroup\" \/>\n<meta property=\"article:modified_time\" content=\"2025-09-08T10:22:03+00:00\" \/>\n<meta property=\"og:image\" content=\"https:\/\/www.stoelting-gruppe.de\/wp-content\/uploads\/2021\/10\/Sto\u0308lting_Logo_Original-News.jpg\" \/>\n\t<meta property=\"og:image:width\" content=\"876\" \/>\n\t<meta property=\"og:image:height\" content=\"472\" \/>\n\t<meta property=\"og:image:type\" content=\"image\/jpeg\" \/>\n<meta name=\"twitter:card\" content=\"summary_large_image\" \/>\n<meta name=\"twitter:label1\" content=\"Estimated reading time\" \/>\n\t<meta name=\"twitter:data1\" content=\"3 minutes\" \/>\n<script type=\"application\/ld+json\" class=\"yoast-schema-graph\">{\"@context\":\"https:\/\/schema.org\",\"@graph\":[{\"@type\":\"WebPage\",\"@id\":\"https:\/\/www.stoelting-gruppe.de\/sicherheitsservice\/sicherheitstechnik\/videoueberwachung\/\",\"url\":\"https:\/\/www.stoelting-gruppe.de\/sicherheitsservice\/sicherheitstechnik\/videoueberwachung\/\",\"name\":\"Sicherheitsservice - St\u00f6lting Service Group\",\"isPartOf\":{\"@id\":\"https:\/\/www.stoelting-gruppe.de\/#website\"},\"primaryImageOfPage\":{\"@id\":\"https:\/\/www.stoelting-gruppe.de\/sicherheitsservice\/sicherheitstechnik\/videoueberwachung\/#primaryimage\"},\"image\":{\"@id\":\"https:\/\/www.stoelting-gruppe.de\/sicherheitsservice\/sicherheitstechnik\/videoueberwachung\/#primaryimage\"},\"thumbnailUrl\":\"https:\/\/www.stoelting-gruppe.de\/wp-content\/uploads\/2021\/10\/Sto\u0308lting_Logo_Original-News.jpg\",\"datePublished\":\"2025-09-01T09:19:10+00:00\",\"dateModified\":\"2025-09-08T10:22:03+00:00\",\"description\":\"Professionelle Sicherheits-Dienstleistungen f\u00fcr Privat und Gewerbe. Objektschutz, Werkschutz, Revierdienste, Schlie\u00dfdienste, Alarmverfolgung\",\"breadcrumb\":{\"@id\":\"https:\/\/www.stoelting-gruppe.de\/sicherheitsservice\/sicherheitstechnik\/videoueberwachung\/#breadcrumb\"},\"inLanguage\":\"en-GB\",\"potentialAction\":[{\"@type\":\"ReadAction\",\"target\":[\"https:\/\/www.stoelting-gruppe.de\/sicherheitsservice\/sicherheitstechnik\/videoueberwachung\/\"]}]},{\"@type\":\"ImageObject\",\"inLanguage\":\"en-GB\",\"@id\":\"https:\/\/www.stoelting-gruppe.de\/sicherheitsservice\/sicherheitstechnik\/videoueberwachung\/#primaryimage\",\"url\":\"https:\/\/www.stoelting-gruppe.de\/wp-content\/uploads\/2021\/10\/Sto\u0308lting_Logo_Original-News.jpg\",\"contentUrl\":\"https:\/\/www.stoelting-gruppe.de\/wp-content\/uploads\/2021\/10\/Sto\u0308lting_Logo_Original-News.jpg\",\"width\":876,\"height\":472,\"caption\":\"stoelting service group\"},{\"@type\":\"BreadcrumbList\",\"@id\":\"https:\/\/www.stoelting-gruppe.de\/sicherheitsservice\/sicherheitstechnik\/videoueberwachung\/#breadcrumb\",\"itemListElement\":[{\"@type\":\"ListItem\",\"position\":1,\"name\":\"Startseite\",\"item\":\"https:\/\/www.stoelting-gruppe.de\/\"},{\"@type\":\"ListItem\",\"position\":2,\"name\":\"Sicherheitsservice\",\"item\":\"https:\/\/www.stoelting-gruppe.de\/sicherheitsservice\/\"},{\"@type\":\"ListItem\",\"position\":3,\"name\":\"Sicherheitstechnik\",\"item\":\"https:\/\/www.stoelting-gruppe.de\/sicherheitsservice\/sicherheitstechnik\/\"},{\"@type\":\"ListItem\",\"position\":4,\"name\":\"Video\u00fcberwachung\"}]},{\"@type\":\"WebSite\",\"@id\":\"https:\/\/www.stoelting-gruppe.de\/#website\",\"url\":\"https:\/\/www.stoelting-gruppe.de\/\",\"name\":\"St\u00f6lting Service Group\",\"description\":\"Wir machen. Seit 125 Jahren. Reinigung, Sicherheit, Personal\",\"publisher\":{\"@id\":\"https:\/\/www.stoelting-gruppe.de\/#organization\"},\"potentialAction\":[{\"@type\":\"SearchAction\",\"target\":{\"@type\":\"EntryPoint\",\"urlTemplate\":\"https:\/\/www.stoelting-gruppe.de\/?s={search_term_string}\"},\"query-input\":{\"@type\":\"PropertyValueSpecification\",\"valueRequired\":true,\"valueName\":\"search_term_string\"}}],\"inLanguage\":\"en-GB\"},{\"@type\":\"Organization\",\"@id\":\"https:\/\/www.stoelting-gruppe.de\/#organization\",\"name\":\"St\u00f6lting Service Group\",\"url\":\"https:\/\/www.stoelting-gruppe.de\/\",\"logo\":{\"@type\":\"ImageObject\",\"inLanguage\":\"en-GB\",\"@id\":\"https:\/\/www.stoelting-gruppe.de\/#\/schema\/logo\/image\/\",\"url\":\"https:\/\/www.stoelting-gruppe.de\/wp-content\/uploads\/2020\/12\/SSG-Logo.svg\",\"contentUrl\":\"https:\/\/www.stoelting-gruppe.de\/wp-content\/uploads\/2020\/12\/SSG-Logo.svg\",\"width\":426,\"height\":80,\"caption\":\"St\u00f6lting Service Group\"},\"image\":{\"@id\":\"https:\/\/www.stoelting-gruppe.de\/#\/schema\/logo\/image\/\"},\"sameAs\":[\"https:\/\/www.facebook.com\/StoeltingServiceGroup\"]}]}<\/script>\n<!-- \/ Yoast SEO plugin. -->","yoast_head_json":{"title":"Security services - St\u00f6lting Service Group","description":"Professional security services for private individuals and businesses. Property protection, plant security, patrol services, locking services, alarm monitoring.","robots":{"index":"index","follow":"follow","max-snippet":"max-snippet:-1","max-image-preview":"max-image-preview:large","max-video-preview":"max-video-preview:-1"},"canonical":"https:\/\/www.stoelting-gruppe.de\/en\/sicherheitsservice\/sicherheitstechnik\/videoueberwachung\/","og_locale":"en_GB","og_type":"article","og_title":"Sicherheitsservice - St\u00f6lting Service Group","og_description":"Professionelle Sicherheits-Dienstleistungen f\u00fcr Privat und Gewerbe. Objektschutz, Werkschutz, Revierdienste, Schlie\u00dfdienste, Alarmverfolgung","og_url":"https:\/\/www.stoelting-gruppe.de\/en\/sicherheitsservice\/sicherheitstechnik\/videoueberwachung\/","og_site_name":"St\u00f6lting Service Group","article_publisher":"https:\/\/www.facebook.com\/StoeltingServiceGroup","article_modified_time":"2025-09-08T10:22:03+00:00","og_image":[{"width":876,"height":472,"url":"https:\/\/www.stoelting-gruppe.de\/wp-content\/uploads\/2021\/10\/Sto\u0308lting_Logo_Original-News.jpg","type":"image\/jpeg"}],"twitter_card":"summary_large_image","twitter_misc":{"Estimated reading time":"3 minutes"},"schema":{"@context":"https:\/\/schema.org","@graph":[{"@type":"WebPage","@id":"https:\/\/www.stoelting-gruppe.de\/sicherheitsservice\/sicherheitstechnik\/videoueberwachung\/","url":"https:\/\/www.stoelting-gruppe.de\/sicherheitsservice\/sicherheitstechnik\/videoueberwachung\/","name":"Security services - St\u00f6lting Service Group","isPartOf":{"@id":"https:\/\/www.stoelting-gruppe.de\/#website"},"primaryImageOfPage":{"@id":"https:\/\/www.stoelting-gruppe.de\/sicherheitsservice\/sicherheitstechnik\/videoueberwachung\/#primaryimage"},"image":{"@id":"https:\/\/www.stoelting-gruppe.de\/sicherheitsservice\/sicherheitstechnik\/videoueberwachung\/#primaryimage"},"thumbnailUrl":"https:\/\/www.stoelting-gruppe.de\/wp-content\/uploads\/2021\/10\/Sto\u0308lting_Logo_Original-News.jpg","datePublished":"2025-09-01T09:19:10+00:00","dateModified":"2025-09-08T10:22:03+00:00","description":"Professional security services for private individuals and businesses. Property protection, plant security, patrol services, locking services, alarm monitoring.","breadcrumb":{"@id":"https:\/\/www.stoelting-gruppe.de\/sicherheitsservice\/sicherheitstechnik\/videoueberwachung\/#breadcrumb"},"inLanguage":"en-GB","potentialAction":[{"@type":"ReadAction","target":["https:\/\/www.stoelting-gruppe.de\/sicherheitsservice\/sicherheitstechnik\/videoueberwachung\/"]}]},{"@type":"ImageObject","inLanguage":"en-GB","@id":"https:\/\/www.stoelting-gruppe.de\/sicherheitsservice\/sicherheitstechnik\/videoueberwachung\/#primaryimage","url":"https:\/\/www.stoelting-gruppe.de\/wp-content\/uploads\/2021\/10\/Sto\u0308lting_Logo_Original-News.jpg","contentUrl":"https:\/\/www.stoelting-gruppe.de\/wp-content\/uploads\/2021\/10\/Sto\u0308lting_Logo_Original-News.jpg","width":876,"height":472,"caption":"stoelting service group"},{"@type":"BreadcrumbList","@id":"https:\/\/www.stoelting-gruppe.de\/sicherheitsservice\/sicherheitstechnik\/videoueberwachung\/#breadcrumb","itemListElement":[{"@type":"ListItem","position":1,"name":"Startseite","item":"https:\/\/www.stoelting-gruppe.de\/"},{"@type":"ListItem","position":2,"name":"Sicherheitsservice","item":"https:\/\/www.stoelting-gruppe.de\/sicherheitsservice\/"},{"@type":"ListItem","position":3,"name":"Sicherheitstechnik","item":"https:\/\/www.stoelting-gruppe.de\/sicherheitsservice\/sicherheitstechnik\/"},{"@type":"ListItem","position":4,"name":"Video\u00fcberwachung"}]},{"@type":"WebSite","@id":"https:\/\/www.stoelting-gruppe.de\/#website","url":"https:\/\/www.stoelting-gruppe.de\/","name":"St\u00f6lting Service Group","description":"We do it. For 125 years. Cleaning, security, personnel","publisher":{"@id":"https:\/\/www.stoelting-gruppe.de\/#organization"},"potentialAction":[{"@type":"SearchAction","target":{"@type":"EntryPoint","urlTemplate":"https:\/\/www.stoelting-gruppe.de\/?s={search_term_string}"},"query-input":{"@type":"PropertyValueSpecification","valueRequired":true,"valueName":"search_term_string"}}],"inLanguage":"en-GB"},{"@type":"Organization","@id":"https:\/\/www.stoelting-gruppe.de\/#organization","name":"St\u00f6lting Service Group","url":"https:\/\/www.stoelting-gruppe.de\/","logo":{"@type":"ImageObject","inLanguage":"en-GB","@id":"https:\/\/www.stoelting-gruppe.de\/#\/schema\/logo\/image\/","url":"https:\/\/www.stoelting-gruppe.de\/wp-content\/uploads\/2020\/12\/SSG-Logo.svg","contentUrl":"https:\/\/www.stoelting-gruppe.de\/wp-content\/uploads\/2020\/12\/SSG-Logo.svg","width":426,"height":80,"caption":"St\u00f6lting Service Group"},"image":{"@id":"https:\/\/www.stoelting-gruppe.de\/#\/schema\/logo\/image\/"},"sameAs":["https:\/\/www.facebook.com\/StoeltingServiceGroup"]}]}},"_links":{"self":[{"href":"https:\/\/www.stoelting-gruppe.de\/en\/wp-json\/wp\/v2\/pages\/15512","targetHints":{"allow":["GET"]}}],"collection":[{"href":"https:\/\/www.stoelting-gruppe.de\/en\/wp-json\/wp\/v2\/pages"}],"about":[{"href":"https:\/\/www.stoelting-gruppe.de\/en\/wp-json\/wp\/v2\/types\/page"}],"author":[{"embeddable":true,"href":"https:\/\/www.stoelting-gruppe.de\/en\/wp-json\/wp\/v2\/users\/18"}],"replies":[{"embeddable":true,"href":"https:\/\/www.stoelting-gruppe.de\/en\/wp-json\/wp\/v2\/comments?post=15512"}],"version-history":[{"count":4,"href":"https:\/\/www.stoelting-gruppe.de\/en\/wp-json\/wp\/v2\/pages\/15512\/revisions"}],"predecessor-version":[{"id":15691,"href":"https:\/\/www.stoelting-gruppe.de\/en\/wp-json\/wp\/v2\/pages\/15512\/revisions\/15691"}],"up":[{"embeddable":true,"href":"https:\/\/www.stoelting-gruppe.de\/en\/wp-json\/wp\/v2\/pages\/15213"}],"wp:featuredmedia":[{"embeddable":true,"href":"https:\/\/www.stoelting-gruppe.de\/en\/wp-json\/wp\/v2\/media\/10737"}],"wp:attachment":[{"href":"https:\/\/www.stoelting-gruppe.de\/en\/wp-json\/wp\/v2\/media?parent=15512"}],"curies":[{"name":"wp","href":"https:\/\/api.w.org\/{rel}","templated":true}]}}