{"id":437,"date":"2015-12-09T13:03:00","date_gmt":"2015-12-09T13:03:00","guid":{"rendered":"https:\/\/www.stoelting-gruppe.de\/?page_id=437"},"modified":"2025-09-04T12:09:16","modified_gmt":"2025-09-04T10:09:16","slug":"locations","status":"publish","type":"page","link":"https:\/\/www.stoelting-gruppe.de\/en\/locations\/","title":{"rendered":"Locations"},"content":{"rendered":"<div data-elementor-type=\"wp-page\" data-elementor-id=\"437\" class=\"elementor elementor-437\" data-elementor-post-type=\"page\">\n\t\t\t\t\t\t<section class=\"elementor-section elementor-top-section elementor-element elementor-element-5c86cee0 elementor-section-height-min-height elementor-section-boxed elementor-section-height-default elementor-section-items-middle\" data-id=\"5c86cee0\" data-element_type=\"section\" data-settings=\"{&quot;background_background&quot;:&quot;classic&quot;}\">\n\t\t\t\t\t\t<div class=\"elementor-container elementor-column-gap-default\">\n\t\t\t\t\t<div class=\"elementor-column elementor-col-100 elementor-top-column elementor-element elementor-element-975971e\" data-id=\"975971e\" data-element_type=\"column\">\n\t\t\t<div class=\"elementor-widget-wrap elementor-element-populated\">\n\t\t\t\t\t\t<section class=\"elementor-section elementor-inner-section elementor-element elementor-element-2c725af elementor-section-boxed elementor-section-height-default elementor-section-height-default\" data-id=\"2c725af\" data-element_type=\"section\">\n\t\t\t\t\t\t<div class=\"elementor-container elementor-column-gap-default\">\n\t\t\t\t\t<div class=\"elementor-column elementor-col-100 elementor-inner-column elementor-element elementor-element-2b875c99\" data-id=\"2b875c99\" data-element_type=\"column\">\n\t\t\t<div class=\"elementor-widget-wrap elementor-element-populated\">\n\t\t\t\t\t\t<div class=\"elementor-element elementor-element-7986b762 elementor-invisible elementor-widget elementor-widget-heading\" data-id=\"7986b762\" data-element_type=\"widget\" data-settings=\"{&quot;_animation&quot;:&quot;fadeIn&quot;}\" data-widget_type=\"heading.default\">\n\t\t\t\t<div class=\"elementor-widget-container\">\n\t\t\t\t\t<h1 class=\"elementor-heading-title elementor-size-default\">Locations<\/h1>\t\t\t\t<\/div>\n\t\t\t\t<\/div>\n\t\t\t\t<div class=\"elementor-element elementor-element-317c7f6f elementor-invisible elementor-widget elementor-widget-heading\" data-id=\"317c7f6f\" data-element_type=\"widget\" data-settings=\"{&quot;_animation&quot;:&quot;fadeIn&quot;}\" data-widget_type=\"heading.default\">\n\t\t\t\t<div class=\"elementor-widget-container\">\n\t\t\t\t\t<span class=\"elementor-heading-title elementor-size-default\">Working for you internationally<\/span>\t\t\t\t<\/div>\n\t\t\t\t<\/div>\n\t\t\t\t\t<\/div>\n\t\t<\/div>\n\t\t\t\t\t<\/div>\n\t\t<\/section>\n\t\t\t\t\t<\/div>\n\t\t<\/div>\n\t\t\t\t\t<\/div>\n\t\t<\/section>\n\t\t\t\t<section class=\"elementor-section elementor-top-section elementor-element elementor-element-4a562523 elementor-section-boxed elementor-section-height-default elementor-section-height-default\" data-id=\"4a562523\" data-element_type=\"section\">\n\t\t\t\t\t\t<div class=\"elementor-container elementor-column-gap-default\">\n\t\t\t\t\t<div class=\"elementor-column elementor-col-50 elementor-top-column elementor-element elementor-element-9f12f7c\" data-id=\"9f12f7c\" data-element_type=\"column\">\n\t\t\t<div class=\"elementor-widget-wrap elementor-element-populated\">\n\t\t\t\t\t\t<div class=\"elementor-element elementor-element-905702f elementor-widget elementor-widget-heading\" data-id=\"905702f\" data-element_type=\"widget\" data-widget_type=\"heading.default\">\n\t\t\t\t<div class=\"elementor-widget-container\">\n\t\t\t\t\t<h2 class=\"elementor-heading-title elementor-size-default\"><span class=\"dark\">always in<\/span><br>\ntheir proximity<\/h2>\t\t\t\t<\/div>\n\t\t\t\t<\/div>\n\t\t\t\t<div class=\"elementor-element elementor-element-1e5f21b8 elementor-widget elementor-widget-text-editor\" data-id=\"1e5f21b8\" data-element_type=\"widget\" data-widget_type=\"text-editor.default\">\n\t\t\t\t<div class=\"elementor-widget-container\">\n\t\t\t\t\t\t\t\t\t<p>We have more than 40 branches.<\/p>\t\t\t\t\t\t\t\t<\/div>\n\t\t\t\t<\/div>\n\t\t\t\t\t<\/div>\n\t\t<\/div>\n\t\t\t\t<div class=\"elementor-column elementor-col-50 elementor-top-column elementor-element elementor-element-74b37ec6\" data-id=\"74b37ec6\" data-element_type=\"column\">\n\t\t\t<div class=\"elementor-widget-wrap elementor-element-populated\">\n\t\t\t\t\t\t<div class=\"elementor-element elementor-element-606ae371 elementor-widget elementor-widget-text-editor\" data-id=\"606ae371\" data-element_type=\"widget\" data-widget_type=\"text-editor.default\">\n\t\t\t\t<div class=\"elementor-widget-container\">\n\t\t\t\t\t\t\t\t\t<p>With more than 40 branches, we can offer our services throughout Germany and Austria and respond quickly to our customers' requests. In addition, our employees are quickly on site when our clients need support or expert advice.<\/p>\t\t\t\t\t\t\t\t<\/div>\n\t\t\t\t<\/div>\n\t\t\t\t<div class=\"elementor-element elementor-element-754b944 elementor-widget elementor-widget-text-editor\" data-id=\"754b944\" data-element_type=\"widget\" data-widget_type=\"text-editor.default\">\n\t\t\t\t<div class=\"elementor-widget-container\">\n\t\t\t\t\t\t\t\t\t<p>You can easily find out where to locate us by using the following location search or by referring to the map below.<\/p>\t\t\t\t\t\t\t\t<\/div>\n\t\t\t\t<\/div>\n\t\t\t\t<div class=\"elementor-element elementor-element-53b4ff6f elementor-align-left elementor-widget elementor-widget-button\" data-id=\"53b4ff6f\" data-element_type=\"widget\" data-widget_type=\"button.default\">\n\t\t\t\t<div class=\"elementor-widget-container\">\n\t\t\t\t\t\t\t\t\t<div class=\"elementor-button-wrapper\">\n\t\t\t\t\t<a class=\"elementor-button elementor-button-link elementor-size-md\" href=\"https:\/\/www.stoelting-gruppe.de\/wp-content\/uploads\/2022\/08\/Wegbeschreibung.pdf\" target=\"_blank\">\n\t\t\t\t\t\t<span class=\"elementor-button-content-wrapper\">\n\t\t\t\t\t\t\t\t\t<span class=\"elementor-button-text\">Directions to the head office<\/span>\n\t\t\t\t\t<\/span>\n\t\t\t\t\t<\/a>\n\t\t\t\t<\/div>\n\t\t\t\t\t\t\t\t<\/div>\n\t\t\t\t<\/div>\n\t\t\t\t\t<\/div>\n\t\t<\/div>\n\t\t\t\t\t<\/div>\n\t\t<\/section>\n\t\t\t\t<section class=\"elementor-section elementor-top-section elementor-element elementor-element-a016579 elementor-section-full_width elementor-section-height-default elementor-section-height-default\" data-id=\"a016579\" data-element_type=\"section\">\n\t\t\t\t\t\t<div class=\"elementor-container elementor-column-gap-default\">\n\t\t\t\t\t<div class=\"elementor-column elementor-col-100 elementor-top-column elementor-element elementor-element-97ed2f3\" data-id=\"97ed2f3\" data-element_type=\"column\">\n\t\t\t<div class=\"elementor-widget-wrap elementor-element-populated\">\n\t\t\t\t\t\t<div class=\"elementor-element elementor-element-927c288 elementor-widget elementor-widget-html\" data-id=\"927c288\" data-element_type=\"widget\" data-widget_type=\"html.default\">\n\t\t\t\t<div class=\"elementor-widget-container\">\n\t\t\t\t\t<div class=\"BorlabsCookie _brlbs-cb-googlemaps\"><div class=\"_brlbs-content-blocker\"> <div class=\"_brlbs-embed _brlbs-google-maps\"> <img decoding=\"async\" class=\"_brlbs-thumbnail\" src=\"https:\/\/www.stoelting-gruppe.de\/wp-content\/uploads\/2025\/09\/stoelting-map.jpg\" alt=\"Google Maps\"> <div class=\"_brlbs-caption\"> <p>By loading the map, you accept Google's privacy policy.<br><a href=\"https:\/\/policies.google.com\/privacy\" target=\"_blank\" rel=\"nofollow noopener noreferrer\">Learn more<\/a><\/p> <p><a class=\"_brlbs-btn\" href=\"#\" data-borlabs-cookie-unblock role=\"button\">Load map<\/a><\/p> <p><label><input type=\"checkbox\" name=\"unblockAll\" value=\"1\" checked> <small>Always unlock Google Maps<\/small><\/label><\/p> <\/div> <\/div> <\/div><div class=\"borlabs-hide\" data-borlabs-cookie-type=\"content-blocker\" data-borlabs-cookie-id=\"googlemaps\"><script type=\"text\/template\">CQk8ZGl2IGRhdGEtZWxlbWVudG9yLXR5cGU9InNlY3Rpb24iIGRhdGEtZWxlbWVudG9yLWlkPSIxNTczMiIgY2xhc3M9ImVsZW1lbnRvciBlbGVtZW50b3ItMTU3MzIiIGRhdGEtZWxlbWVudG9yLXBvc3QtdHlwZT0iZWxlbWVudG9yX2xpYnJhcnkiPgoJCQkJCTxzZWN0aW9uIGNsYXNzPSJlbGVtZW50b3Itc2VjdGlvbiBlbGVtZW50b3ItdG9wLXNlY3Rpb24gZWxlbWVudG9yLWVsZW1lbnQgZWxlbWVudG9yLWVsZW1lbnQtNDA0NWVjNyBlbGVtZW50b3Itc2VjdGlvbi1ib3hlZCBlbGVtZW50b3Itc2VjdGlvbi1oZWlnaHQtZGVmYXVsdCBlbGVtZW50b3Itc2VjdGlvbi1oZWlnaHQtZGVmYXVsdCIgZGF0YS1pZD0iNDA0NWVjNyIgZGF0YS1lbGVtZW50X3R5cGU9InNlY3Rpb24iIGRhdGEtc2V0dGluZ3M9InsmcXVvdDtiYWNrZ3JvdW5kX2JhY2tncm91bmQmcXVvdDs6JnF1b3Q7Y2xhc3NpYyZxdW90O30iPgoJCQkJCQk8ZGl2IGNsYXNzPSJlbGVtZW50b3ItY29udGFpbmVyIGVsZW1lbnRvci1jb2x1bW4tZ2FwLWRlZmF1bHQiPgoJCQkJCTxkaXYgY2xhc3M9ImVsZW1lbnRvci1jb2x1bW4gZWxlbWVudG9yLWNvbC0xMDAgZWxlbWVudG9yLXRvcC1jb2x1bW4gZWxlbWVudG9yLWVsZW1lbnQgZWxlbWVudG9yLWVsZW1lbnQtNGM2YTdjMyIgZGF0YS1pZD0iNGM2YTdjMyIgZGF0YS1lbGVtZW50X3R5cGU9ImNvbHVtbiI+CgkJCTxkaXYgY2xhc3M9ImVsZW1lbnRvci13aWRnZXQtd3JhcCBlbGVtZW50b3ItZWxlbWVudC1wb3B1bGF0ZWQiPgoJCQkJCQk8ZGl2IGNsYXNzPSJlbGVtZW50b3ItZWxlbWVudCBlbGVtZW50b3ItZWxlbWVudC00ODk2NzdjIGVsZW1lbnRvci13aWRnZXQgZWxlbWVudG9yLXdpZGdldC1oZWFkaW5nIiBkYXRhLWlkPSI0ODk2NzdjIiBkYXRhLWVsZW1lbnRfdHlwZT0id2lkZ2V0IiBkYXRhLXdpZGdldF90eXBlPSJoZWFkaW5nLmRlZmF1bHQiPgoJCQkJPGRpdiBjbGFzcz0iZWxlbWVudG9yLXdpZGdldC1jb250YWluZXIiPgoJCQkJCTxoMiBjbGFzcz0iZWxlbWVudG9yLWhlYWRpbmctdGl0bGUgZWxlbWVudG9yLXNpemUtZGVmYXVsdCI+PHNwYW4gY2xhc3M9ImRhcmsiPlVuc2VyZTwvc3Bhbj4gU3RhbmRvcnRlPC9oMj4JCQkJPC9kaXY+CgkJCQk8L2Rpdj4KCQkJCTxkaXYgY2xhc3M9ImVsZW1lbnRvci1lbGVtZW50IGVsZW1lbnRvci1lbGVtZW50LTUyMzdlNzcgZWxlbWVudG9yLXdpZGdldCBlbGVtZW50b3Itd2lkZ2V0LXNob3J0Y29kZSIgZGF0YS1pZD0iNTIzN2U3NyIgZGF0YS1lbGVtZW50X3R5cGU9IndpZGdldCIgZGF0YS13aWRnZXRfdHlwZT0ic2hvcnRjb2RlLmRlZmF1bHQiPgoJCQkJPGRpdiBjbGFzcz0iZWxlbWVudG9yLXdpZGdldC1jb250YWluZXIiPgoJCQkJCQkJPGRpdiBjbGFzcz0iZWxlbWVudG9yLXNob3J0Y29kZSI+PGRpdiBjbGFzcz0ic3RvcmVfbG9jYXRvcl9wbHVzIGhlbGxvLWVsZW1lbnRvciI+PGRpdiBpZD0ic2xfZGl2Ij48Zm9ybSBpZD0ic2VhcmNoRm9ybSIgY2xhc3M9InNscF9zZWFyY2hfZm9ybSIgYWN0aW9uPSIiIG9uc3VibWl0PSdjc2xtYXAuc2VhcmNoTG9jYXRpb25zKCk7IHJldHVybiBmYWxzZTsnICA+PGRpdiBjbGFzcz0ic2xwX3NlYXJjaF9jb250YWluZXIiPjxkaXYgaWQ9ImFkZHJlc3Nfc2VhcmNoIj48ZGl2IGlkPSdhZGR5X2luX2FkZHJlc3MnIGNsYXNzPSdzZWFyY2hfaXRlbSc+PGxhYmVsIGZvcj0nYWRkcmVzc0lucHV0JyBjbGFzcz0ndGV4dCBsZW5ndGhfMjAnPsKgQWt0dWVsbGVyIFN0YW5kb3J0PC9sYWJlbD48aW5wdXQgY2xhc3M9J2xhYmVsX3RleHQgbGVuZ3RoXzIwJyB0eXBlPSd0ZXh0JyBpZD0nYWRkcmVzc0lucHV0JyBuYW1lPSdhZGRyZXNzSW5wdXQnICBzaXplPSc1MCcgdmFsdWU9JycgLz48L2Rpdj48ZGl2IGNsYXNzPSJzZWFyY2hfaXRlbSI+PGRpdiBpZD0nYWRkeV9pbl9yYWRpdXMnPjxsYWJlbCBmb3I9J3JhZGl1c1NlbGVjdCcgY2xhc3M9J3RleHQgbGVuZ3RoXzE0Jz5JbSBVbWtyZWlzIHZvbjwvbGFiZWw+PHNlbGVjdCBpZD0ncmFkaXVzU2VsZWN0Jz48b3B0aW9uIHZhbHVlPScxMCcgPjEwIGttPC9vcHRpb24+PG9wdGlvbiB2YWx1ZT0nMjUnID4yNSBrbTwvb3B0aW9uPjxvcHRpb24gdmFsdWU9JzUwJyAgc2VsZWN0ZWQ9J3NlbGVjdGVkJyA+NTAga208L29wdGlvbj48b3B0aW9uIHZhbHVlPScxMDAnID4xMDAga208L29wdGlvbj48b3B0aW9uIHZhbHVlPScyMDAnID4yMDAga208L29wdGlvbj48b3B0aW9uIHZhbHVlPSc1MDAnID41MDAga208L29wdGlvbj48L3NlbGVjdD48L2Rpdj48ZGl2IGlkPSdyYWRpdXNfaW5fc3VibWl0Jz48aW5wdXQgdHlwZT0ic3VibWl0IiBjbGFzcz0ic2xwX3VpX2J1dHRvbiIgdmFsdWU9J0ZpbmQgTG9jYXRpb25zJyBpZD0nYWRkcmVzc1N1Ym1pdCcvPjwvZGl2PjwvZGl2PjwvZGl2PjwvZGl2PjwvZm9ybT48ZGl2IGlkPSJtYXAiIGNsYXNzPSJzbHBfbWFwIj48L2Rpdj48ZGl2IGlkPSJtYXBfc2lkZWJhciIgY2xhc3M9InNscF9yZXN1bHRzX2NvbnRhaW5lciI+PGRpdiBjbGFzcz0idGV4dF9iZWxvd19tYXAiPkJpdHRlIGdlYmVuIFNpZSBJaHJlIEFkcmVzc2Ugb2RlciBJaHJlIFBvc3RsZWl0emFobCBlaW4gdW5kIGtsaWNrZW4gU2llIGF1ZiBkaWUgU3VjaGUuPC9kaXY+PC9kaXY+PC9kaXY+PC9kaXY+PC9kaXY+CgkJCQkJCTwvZGl2PgoJCQkJPC9kaXY+CgkJCQkJPC9kaXY+CgkJPC9kaXY+CgkJCQkJPC9kaXY+CgkJPC9zZWN0aW9uPgoJCQkJPC9kaXY+CgkJ<\/script><\/div><\/div>\n\t\t\t\t<\/div>\n\t\t\t\t<\/div>\n\t\t\t\t\t<\/div>\n\t\t<\/div>\n\t\t\t\t\t<\/div>\n\t\t<\/section>\n\t\t\t\t<\/div>","protected":false},"excerpt":{"rendered":"<p>Locations International on duty for you - always close by We have more than 40 branches. With more than 40 branches, we can offer our services throughout Germany and Austria and respond quickly to our customers' wishes. In addition, our employees are quickly on site when our clients need support or sound advice [...]<\/p>","protected":false},"author":10,"featured_media":10737,"parent":0,"menu_order":32,"comment_status":"closed","ping_status":"closed","template":"","meta":{"_acf_changed":false,"footnotes":""},"class_list":["post-437","page","type-page","status-publish","has-post-thumbnail","hentry"],"acf":[],"yoast_head":"<!-- This site is optimized with the Yoast SEO plugin v26.8 - https:\/\/yoast.com\/product\/yoast-seo-wordpress\/ -->\n<title>St\u00f6lting Service Group &#8211; Locations<\/title>\n<meta name=\"description\" content=\"Die St\u00f6lting Service Group immer in ihrer N\u00e4he.\" \/>\n<meta name=\"robots\" content=\"index, follow, max-snippet:-1, max-image-preview:large, max-video-preview:-1\" \/>\n<link rel=\"canonical\" href=\"https:\/\/www.stoelting-gruppe.de\/en\/locations\/\" \/>\n<meta property=\"og:locale\" content=\"en_GB\" \/>\n<meta property=\"og:type\" content=\"article\" \/>\n<meta property=\"og:title\" content=\"St\u00f6lting Service Group &#8211; Locations\" \/>\n<meta property=\"og:description\" content=\"Die St\u00f6lting Service Group immer in ihrer N\u00e4he.\" \/>\n<meta property=\"og:url\" content=\"https:\/\/www.stoelting-gruppe.de\/en\/locations\/\" \/>\n<meta property=\"og:site_name\" content=\"St\u00f6lting Service Group\" \/>\n<meta property=\"article:publisher\" content=\"https:\/\/www.facebook.com\/StoeltingServiceGroup\" \/>\n<meta property=\"article:modified_time\" content=\"2025-09-04T10:09:16+00:00\" \/>\n<meta property=\"og:image\" content=\"https:\/\/www.stoelting-gruppe.de\/wp-content\/uploads\/2021\/10\/Sto\u0308lting_Logo_Original-News.jpg\" \/>\n\t<meta property=\"og:image:width\" content=\"876\" \/>\n\t<meta property=\"og:image:height\" content=\"472\" \/>\n\t<meta property=\"og:image:type\" content=\"image\/jpeg\" \/>\n<meta name=\"twitter:card\" content=\"summary_large_image\" \/>\n<meta name=\"twitter:label1\" content=\"Estimated reading time\" \/>\n\t<meta name=\"twitter:data1\" content=\"1 minute\" \/>\n<script type=\"application\/ld+json\" class=\"yoast-schema-graph\">{\"@context\":\"https:\/\/schema.org\",\"@graph\":[{\"@type\":\"WebPage\",\"@id\":\"https:\/\/www.stoelting-gruppe.de\/locations\/\",\"url\":\"https:\/\/www.stoelting-gruppe.de\/locations\/\",\"name\":\"St\u00f6lting Service Group &#8211; Locations\",\"isPartOf\":{\"@id\":\"https:\/\/www.stoelting-gruppe.de\/#website\"},\"primaryImageOfPage\":{\"@id\":\"https:\/\/www.stoelting-gruppe.de\/locations\/#primaryimage\"},\"image\":{\"@id\":\"https:\/\/www.stoelting-gruppe.de\/locations\/#primaryimage\"},\"thumbnailUrl\":\"https:\/\/www.stoelting-gruppe.de\/wp-content\/uploads\/2021\/10\/Sto\u0308lting_Logo_Original-News.jpg\",\"datePublished\":\"2015-12-09T13:03:00+00:00\",\"dateModified\":\"2025-09-04T10:09:16+00:00\",\"description\":\"Die St\u00f6lting Service Group immer in ihrer N\u00e4he.\",\"breadcrumb\":{\"@id\":\"https:\/\/www.stoelting-gruppe.de\/locations\/#breadcrumb\"},\"inLanguage\":\"en-GB\",\"potentialAction\":[{\"@type\":\"ReadAction\",\"target\":[\"https:\/\/www.stoelting-gruppe.de\/locations\/\"]}]},{\"@type\":\"ImageObject\",\"inLanguage\":\"en-GB\",\"@id\":\"https:\/\/www.stoelting-gruppe.de\/locations\/#primaryimage\",\"url\":\"https:\/\/www.stoelting-gruppe.de\/wp-content\/uploads\/2021\/10\/Sto\u0308lting_Logo_Original-News.jpg\",\"contentUrl\":\"https:\/\/www.stoelting-gruppe.de\/wp-content\/uploads\/2021\/10\/Sto\u0308lting_Logo_Original-News.jpg\",\"width\":876,\"height\":472,\"caption\":\"stoelting service group\"},{\"@type\":\"BreadcrumbList\",\"@id\":\"https:\/\/www.stoelting-gruppe.de\/locations\/#breadcrumb\",\"itemListElement\":[{\"@type\":\"ListItem\",\"position\":1,\"name\":\"Startseite\",\"item\":\"https:\/\/www.stoelting-gruppe.de\/\"},{\"@type\":\"ListItem\",\"position\":2,\"name\":\"Locations\"}]},{\"@type\":\"WebSite\",\"@id\":\"https:\/\/www.stoelting-gruppe.de\/#website\",\"url\":\"https:\/\/www.stoelting-gruppe.de\/\",\"name\":\"St\u00f6lting Service Group\",\"description\":\"Wir machen. Seit 125 Jahren. Reinigung, Sicherheit, Personal\",\"publisher\":{\"@id\":\"https:\/\/www.stoelting-gruppe.de\/#organization\"},\"potentialAction\":[{\"@type\":\"SearchAction\",\"target\":{\"@type\":\"EntryPoint\",\"urlTemplate\":\"https:\/\/www.stoelting-gruppe.de\/?s={search_term_string}\"},\"query-input\":{\"@type\":\"PropertyValueSpecification\",\"valueRequired\":true,\"valueName\":\"search_term_string\"}}],\"inLanguage\":\"en-GB\"},{\"@type\":\"Organization\",\"@id\":\"https:\/\/www.stoelting-gruppe.de\/#organization\",\"name\":\"St\u00f6lting Service Group\",\"url\":\"https:\/\/www.stoelting-gruppe.de\/\",\"logo\":{\"@type\":\"ImageObject\",\"inLanguage\":\"en-GB\",\"@id\":\"https:\/\/www.stoelting-gruppe.de\/#\/schema\/logo\/image\/\",\"url\":\"https:\/\/www.stoelting-gruppe.de\/wp-content\/uploads\/2020\/12\/SSG-Logo.svg\",\"contentUrl\":\"https:\/\/www.stoelting-gruppe.de\/wp-content\/uploads\/2020\/12\/SSG-Logo.svg\",\"width\":426,\"height\":80,\"caption\":\"St\u00f6lting Service Group\"},\"image\":{\"@id\":\"https:\/\/www.stoelting-gruppe.de\/#\/schema\/logo\/image\/\"},\"sameAs\":[\"https:\/\/www.facebook.com\/StoeltingServiceGroup\"]}]}<\/script>\n<!-- \/ Yoast SEO plugin. -->","yoast_head_json":{"title":"St\u00f6lting Service Group - Locations","description":"The St\u00f6lting Service Group always close by.","robots":{"index":"index","follow":"follow","max-snippet":"max-snippet:-1","max-image-preview":"max-image-preview:large","max-video-preview":"max-video-preview:-1"},"canonical":"https:\/\/www.stoelting-gruppe.de\/en\/locations\/","og_locale":"en_GB","og_type":"article","og_title":"St\u00f6lting Service Group &#8211; Locations","og_description":"Die St\u00f6lting Service Group immer in ihrer N\u00e4he.","og_url":"https:\/\/www.stoelting-gruppe.de\/en\/locations\/","og_site_name":"St\u00f6lting Service Group","article_publisher":"https:\/\/www.facebook.com\/StoeltingServiceGroup","article_modified_time":"2025-09-04T10:09:16+00:00","og_image":[{"width":876,"height":472,"url":"https:\/\/www.stoelting-gruppe.de\/wp-content\/uploads\/2021\/10\/Sto\u0308lting_Logo_Original-News.jpg","type":"image\/jpeg"}],"twitter_card":"summary_large_image","twitter_misc":{"Estimated reading time":"1 minute"},"schema":{"@context":"https:\/\/schema.org","@graph":[{"@type":"WebPage","@id":"https:\/\/www.stoelting-gruppe.de\/locations\/","url":"https:\/\/www.stoelting-gruppe.de\/locations\/","name":"St\u00f6lting Service Group - Locations","isPartOf":{"@id":"https:\/\/www.stoelting-gruppe.de\/#website"},"primaryImageOfPage":{"@id":"https:\/\/www.stoelting-gruppe.de\/locations\/#primaryimage"},"image":{"@id":"https:\/\/www.stoelting-gruppe.de\/locations\/#primaryimage"},"thumbnailUrl":"https:\/\/www.stoelting-gruppe.de\/wp-content\/uploads\/2021\/10\/Sto\u0308lting_Logo_Original-News.jpg","datePublished":"2015-12-09T13:03:00+00:00","dateModified":"2025-09-04T10:09:16+00:00","description":"The St\u00f6lting Service Group always close by.","breadcrumb":{"@id":"https:\/\/www.stoelting-gruppe.de\/locations\/#breadcrumb"},"inLanguage":"en-GB","potentialAction":[{"@type":"ReadAction","target":["https:\/\/www.stoelting-gruppe.de\/locations\/"]}]},{"@type":"ImageObject","inLanguage":"en-GB","@id":"https:\/\/www.stoelting-gruppe.de\/locations\/#primaryimage","url":"https:\/\/www.stoelting-gruppe.de\/wp-content\/uploads\/2021\/10\/Sto\u0308lting_Logo_Original-News.jpg","contentUrl":"https:\/\/www.stoelting-gruppe.de\/wp-content\/uploads\/2021\/10\/Sto\u0308lting_Logo_Original-News.jpg","width":876,"height":472,"caption":"stoelting service group"},{"@type":"BreadcrumbList","@id":"https:\/\/www.stoelting-gruppe.de\/locations\/#breadcrumb","itemListElement":[{"@type":"ListItem","position":1,"name":"Startseite","item":"https:\/\/www.stoelting-gruppe.de\/"},{"@type":"ListItem","position":2,"name":"Locations"}]},{"@type":"WebSite","@id":"https:\/\/www.stoelting-gruppe.de\/#website","url":"https:\/\/www.stoelting-gruppe.de\/","name":"St\u00f6lting Service Group","description":"We do it. For 125 years. Cleaning, security, personnel","publisher":{"@id":"https:\/\/www.stoelting-gruppe.de\/#organization"},"potentialAction":[{"@type":"SearchAction","target":{"@type":"EntryPoint","urlTemplate":"https:\/\/www.stoelting-gruppe.de\/?s={search_term_string}"},"query-input":{"@type":"PropertyValueSpecification","valueRequired":true,"valueName":"search_term_string"}}],"inLanguage":"en-GB"},{"@type":"Organization","@id":"https:\/\/www.stoelting-gruppe.de\/#organization","name":"St\u00f6lting Service Group","url":"https:\/\/www.stoelting-gruppe.de\/","logo":{"@type":"ImageObject","inLanguage":"en-GB","@id":"https:\/\/www.stoelting-gruppe.de\/#\/schema\/logo\/image\/","url":"https:\/\/www.stoelting-gruppe.de\/wp-content\/uploads\/2020\/12\/SSG-Logo.svg","contentUrl":"https:\/\/www.stoelting-gruppe.de\/wp-content\/uploads\/2020\/12\/SSG-Logo.svg","width":426,"height":80,"caption":"St\u00f6lting Service Group"},"image":{"@id":"https:\/\/www.stoelting-gruppe.de\/#\/schema\/logo\/image\/"},"sameAs":["https:\/\/www.facebook.com\/StoeltingServiceGroup"]}]}},"_links":{"self":[{"href":"https:\/\/www.stoelting-gruppe.de\/en\/wp-json\/wp\/v2\/pages\/437","targetHints":{"allow":["GET"]}}],"collection":[{"href":"https:\/\/www.stoelting-gruppe.de\/en\/wp-json\/wp\/v2\/pages"}],"about":[{"href":"https:\/\/www.stoelting-gruppe.de\/en\/wp-json\/wp\/v2\/types\/page"}],"author":[{"embeddable":true,"href":"https:\/\/www.stoelting-gruppe.de\/en\/wp-json\/wp\/v2\/users\/10"}],"replies":[{"embeddable":true,"href":"https:\/\/www.stoelting-gruppe.de\/en\/wp-json\/wp\/v2\/comments?post=437"}],"version-history":[{"count":4,"href":"https:\/\/www.stoelting-gruppe.de\/en\/wp-json\/wp\/v2\/pages\/437\/revisions"}],"predecessor-version":[{"id":15736,"href":"https:\/\/www.stoelting-gruppe.de\/en\/wp-json\/wp\/v2\/pages\/437\/revisions\/15736"}],"wp:featuredmedia":[{"embeddable":true,"href":"https:\/\/www.stoelting-gruppe.de\/en\/wp-json\/wp\/v2\/media\/10737"}],"wp:attachment":[{"href":"https:\/\/www.stoelting-gruppe.de\/en\/wp-json\/wp\/v2\/media?parent=437"}],"curies":[{"name":"wp","href":"https:\/\/api.w.org\/{rel}","templated":true}]}}