{"id":13703,"date":"2023-02-23T09:45:58","date_gmt":"2023-02-23T08:45:58","guid":{"rendered":"https:\/\/www.stoelting-gruppe.de\/?page_id=13703"},"modified":"2024-02-28T16:30:09","modified_gmt":"2024-02-28T15:30:09","slug":"dnk-erklaerung","status":"publish","type":"page","link":"https:\/\/www.stoelting-gruppe.de\/es\/dnk-erklaerung\/","title":{"rendered":"Declaraci\u00f3n DNK"},"content":{"rendered":"<div data-elementor-type=\"wp-page\" data-elementor-id=\"13703\" class=\"elementor elementor-13703\" data-elementor-post-type=\"page\">\n\t\t\t\t\t\t<section class=\"elementor-section elementor-top-section elementor-element elementor-element-45129d2f elementor-section-height-min-height elementor-section-boxed elementor-section-height-default elementor-section-items-middle\" data-id=\"45129d2f\" data-element_type=\"section\" data-settings=\"{&quot;background_background&quot;:&quot;classic&quot;}\">\n\t\t\t\t\t\t<div class=\"elementor-container elementor-column-gap-default\">\n\t\t\t\t\t<div class=\"elementor-column elementor-col-100 elementor-top-column elementor-element elementor-element-6c4d996a\" data-id=\"6c4d996a\" data-element_type=\"column\">\n\t\t\t<div class=\"elementor-widget-wrap elementor-element-populated\">\n\t\t\t\t\t\t<section class=\"elementor-section elementor-inner-section elementor-element elementor-element-6dbae824 elementor-section-boxed elementor-section-height-default elementor-section-height-default\" data-id=\"6dbae824\" data-element_type=\"section\">\n\t\t\t\t\t\t<div class=\"elementor-container elementor-column-gap-default\">\n\t\t\t\t\t<div class=\"elementor-column elementor-col-100 elementor-inner-column elementor-element elementor-element-3b930179\" data-id=\"3b930179\" data-element_type=\"column\">\n\t\t\t<div class=\"elementor-widget-wrap elementor-element-populated\">\n\t\t\t\t\t\t<div class=\"elementor-element elementor-element-2d7e4d8e elementor-invisible elementor-widget elementor-widget-heading\" data-id=\"2d7e4d8e\" data-element_type=\"widget\" data-settings=\"{&quot;_animation&quot;:&quot;fadeIn&quot;}\" data-widget_type=\"heading.default\">\n\t\t\t\t<div class=\"elementor-widget-container\">\n\t\t\t\t\t<h1 class=\"elementor-heading-title elementor-size-default\">Declaraci\u00f3n DNK 2021<\/h1>\t\t\t\t<\/div>\n\t\t\t\t<\/div>\n\t\t\t\t\t<\/div>\n\t\t<\/div>\n\t\t\t\t\t<\/div>\n\t\t<\/section>\n\t\t\t\t\t<\/div>\n\t\t<\/div>\n\t\t\t\t\t<\/div>\n\t\t<\/section>\n\t\t\t\t<section class=\"elementor-section elementor-top-section elementor-element elementor-element-1b56433f elementor-section-boxed elementor-section-height-default elementor-section-height-default\" data-id=\"1b56433f\" data-element_type=\"section\">\n\t\t\t\t\t\t<div class=\"elementor-container elementor-column-gap-default\">\n\t\t\t\t\t<div class=\"elementor-column elementor-col-100 elementor-top-column elementor-element elementor-element-26757bc1\" data-id=\"26757bc1\" data-element_type=\"column\">\n\t\t\t<div class=\"elementor-widget-wrap elementor-element-populated\">\n\t\t\t\t\t\t<div class=\"elementor-element elementor-element-14b5cb57 elementor-widget elementor-widget-text-editor\" data-id=\"14b5cb57\" data-element_type=\"widget\" data-widget_type=\"text-editor.default\">\n\t\t\t\t<div class=\"elementor-widget-container\">\n\t\t\t\t\t\t\t\t\t<p>El St\u00f6lting Service Group, con sede en Gelsenkirchen, es uno de los diez principales proveedores de servicios de seguridad, personal y limpieza de Alemania. Operamos en todo el territorio federal, tanto para la mayor\u00eda de las empresas del DAX como para peque\u00f1as empresas. El servicio de limpieza incluye la limpieza b\u00e1sica, as\u00ed como la limpieza de cristales y fachadas, la limpieza de fin de obra y la limpieza especial. En el \u00e1mbito de la seguridad, nuestros experimentados empleados se encargan de los servicios de recepci\u00f3n, mensajer\u00eda y ch\u00f3fer, as\u00ed como de trabajos de detective y liberaci\u00f3n de ascensores. Adem\u00e1s, aprovechamos nuestra experiencia y proporcionamos personal flexible a las empresas.<\/p>\t\t\t\t\t\t\t\t<\/div>\n\t\t\t\t<\/div>\n\t\t\t\t<div class=\"elementor-element elementor-element-cbdf260 elementor-widget elementor-widget-text-editor\" data-id=\"cbdf260\" data-element_type=\"widget\" data-widget_type=\"text-editor.default\">\n\t\t\t\t<div class=\"elementor-widget-container\">\n\t\t\t\t\t\t\t\t\tLa tradici\u00f3n de nuestro grupo empresarial familiar se remonta al a\u00f1o 1899. En todas las \u00e1reas de la empresa apostamos por est\u00e1ndares certificados y empleados con la mejor formaci\u00f3n para poder satisfacer siempre las m\u00e1s altas exigencias. Para ello, damos mucha importancia a una actuaci\u00f3n orientada a los valores, social y \u00e9tica, as\u00ed como a la honestidad y la autenticidad.\t\t\t\t\t\t\t\t<\/div>\n\t\t\t\t<\/div>\n\t\t\t\t<div class=\"elementor-element elementor-element-2b5c757d elementor-align-left elementor-widget elementor-widget-button\" data-id=\"2b5c757d\" data-element_type=\"widget\" data-widget_type=\"button.default\">\n\t\t\t\t<div class=\"elementor-widget-container\">\n\t\t\t\t\t\t\t\t\t<div class=\"elementor-button-wrapper\">\n\t\t\t\t\t<a class=\"elementor-button elementor-button-link elementor-size-md\" href=\"https:\/\/datenbank2.deutscher-nachhaltigkeitskodex.de\/Profile\/CompanyProfile\/14949\/de\/2021\/dnk\" target=\"_blank\">\n\t\t\t\t\t\t<span class=\"elementor-button-content-wrapper\">\n\t\t\t\t\t\t<span class=\"elementor-button-icon\">\n\t\t\t\t<i aria-hidden=\"true\" class=\"fas fa-external-link-alt\"><\/i>\t\t\t<\/span>\n\t\t\t\t\t\t\t\t\t<span class=\"elementor-button-text\">Declaraci\u00f3n DNK completa<\/span>\n\t\t\t\t\t<\/span>\n\t\t\t\t\t<\/a>\n\t\t\t\t<\/div>\n\t\t\t\t\t\t\t\t<\/div>\n\t\t\t\t<\/div>\n\t\t\t\t\t<\/div>\n\t\t<\/div>\n\t\t\t\t\t<\/div>\n\t\t<\/section>\n\t\t\t\t<\/div>","protected":false},"excerpt":{"rendered":"<p>Declaraci\u00f3n del C\u00f3digo de Sostenibilidad 2021 El Grupo St\u00f6lting Service de Gelsenkirchen es uno de los diez principales proveedores de servicios de seguridad, personal y limpieza de Alemania. Trabajamos en toda Alemania, tanto para la mayor\u00eda de las empresas que cotizan en el DAX como para peque\u00f1as empresas. El servicio de limpieza incluye limpieza b\u00e1sica, as\u00ed como limpieza de cristales y fachadas, limpieza de edificios y limpieza especializada. [...]<\/p>","protected":false},"author":15,"featured_media":10737,"parent":0,"menu_order":36,"comment_status":"closed","ping_status":"closed","template":"","meta":{"_acf_changed":false,"footnotes":""},"class_list":["post-13703","page","type-page","status-publish","has-post-thumbnail","hentry"],"acf":[],"yoast_head":"<!-- This site is optimized with the Yoast SEO plugin v26.8 - https:\/\/yoast.com\/product\/yoast-seo-wordpress\/ -->\n<title>St\u00f6lting Service Group &#8211; DNK-Erkl\u00e4rung<\/title>\n<meta name=\"robots\" content=\"index, follow, max-snippet:-1, max-image-preview:large, max-video-preview:-1\" \/>\n<link rel=\"canonical\" href=\"https:\/\/www.stoelting-gruppe.de\/es\/dnk-erklaerung\/\" \/>\n<meta property=\"og:locale\" content=\"es_ES\" \/>\n<meta property=\"og:type\" content=\"article\" \/>\n<meta property=\"og:title\" content=\"St\u00f6lting Service Group &#8211; DNK-Erkl\u00e4rung\" \/>\n<meta property=\"og:description\" content=\"DNK-Erkl\u00e4rung 2021 Die St\u00f6lting Service Group in Gelsenkirchen z\u00e4hlt zu den zehn f\u00fchrenden Anbietern von Serviceleistungen in den Bereichen Sicherheit, Personal und Reinigung in Deutschland. Wir sind in der gesamten Bundesrepublik t\u00e4tig, sowohl f\u00fcr einen Gro\u00dfteil der DAX-Konzerne als auch f\u00fcr kleine Betriebe. Der Reinigungsdienst umfasst Grundreinigung ebenso wie Glas- und Fassadenreinigung, Bauschlussreinigung und Spezialreinigung. [&hellip;]\" \/>\n<meta property=\"og:url\" content=\"https:\/\/www.stoelting-gruppe.de\/es\/dnk-erklaerung\/\" \/>\n<meta property=\"og:site_name\" content=\"St\u00f6lting Service Group\" \/>\n<meta property=\"article:publisher\" content=\"https:\/\/www.facebook.com\/StoeltingServiceGroup\" \/>\n<meta property=\"article:modified_time\" content=\"2024-02-28T15:30:09+00:00\" \/>\n<meta property=\"og:image\" content=\"https:\/\/www.stoelting-gruppe.de\/wp-content\/uploads\/2021\/10\/Sto\u0308lting_Logo_Original-News.jpg\" \/>\n\t<meta property=\"og:image:width\" content=\"876\" \/>\n\t<meta property=\"og:image:height\" content=\"472\" \/>\n\t<meta property=\"og:image:type\" content=\"image\/jpeg\" \/>\n<meta name=\"twitter:card\" content=\"summary_large_image\" \/>\n<meta name=\"twitter:label1\" content=\"Tiempo de lectura\" \/>\n\t<meta name=\"twitter:data1\" content=\"1 minuto\" \/>\n<script type=\"application\/ld+json\" class=\"yoast-schema-graph\">{\"@context\":\"https:\/\/schema.org\",\"@graph\":[{\"@type\":\"WebPage\",\"@id\":\"https:\/\/www.stoelting-gruppe.de\/dnk-erklaerung\/\",\"url\":\"https:\/\/www.stoelting-gruppe.de\/dnk-erklaerung\/\",\"name\":\"St\u00f6lting Service Group &#8211; DNK-Erkl\u00e4rung\",\"isPartOf\":{\"@id\":\"https:\/\/www.stoelting-gruppe.de\/#website\"},\"primaryImageOfPage\":{\"@id\":\"https:\/\/www.stoelting-gruppe.de\/dnk-erklaerung\/#primaryimage\"},\"image\":{\"@id\":\"https:\/\/www.stoelting-gruppe.de\/dnk-erklaerung\/#primaryimage\"},\"thumbnailUrl\":\"https:\/\/www.stoelting-gruppe.de\/wp-content\/uploads\/2021\/10\/Sto\u0308lting_Logo_Original-News.jpg\",\"datePublished\":\"2023-02-23T08:45:58+00:00\",\"dateModified\":\"2024-02-28T15:30:09+00:00\",\"breadcrumb\":{\"@id\":\"https:\/\/www.stoelting-gruppe.de\/dnk-erklaerung\/#breadcrumb\"},\"inLanguage\":\"es\",\"potentialAction\":[{\"@type\":\"ReadAction\",\"target\":[\"https:\/\/www.stoelting-gruppe.de\/dnk-erklaerung\/\"]}]},{\"@type\":\"ImageObject\",\"inLanguage\":\"es\",\"@id\":\"https:\/\/www.stoelting-gruppe.de\/dnk-erklaerung\/#primaryimage\",\"url\":\"https:\/\/www.stoelting-gruppe.de\/wp-content\/uploads\/2021\/10\/Sto\u0308lting_Logo_Original-News.jpg\",\"contentUrl\":\"https:\/\/www.stoelting-gruppe.de\/wp-content\/uploads\/2021\/10\/Sto\u0308lting_Logo_Original-News.jpg\",\"width\":876,\"height\":472,\"caption\":\"stoelting service group\"},{\"@type\":\"BreadcrumbList\",\"@id\":\"https:\/\/www.stoelting-gruppe.de\/dnk-erklaerung\/#breadcrumb\",\"itemListElement\":[{\"@type\":\"ListItem\",\"position\":1,\"name\":\"Startseite\",\"item\":\"https:\/\/www.stoelting-gruppe.de\/\"},{\"@type\":\"ListItem\",\"position\":2,\"name\":\"DNK-Erkl\u00e4rung\"}]},{\"@type\":\"WebSite\",\"@id\":\"https:\/\/www.stoelting-gruppe.de\/#website\",\"url\":\"https:\/\/www.stoelting-gruppe.de\/\",\"name\":\"St\u00f6lting Service Group\",\"description\":\"Wir machen. Seit 125 Jahren. Reinigung, Sicherheit, Personal\",\"publisher\":{\"@id\":\"https:\/\/www.stoelting-gruppe.de\/#organization\"},\"potentialAction\":[{\"@type\":\"SearchAction\",\"target\":{\"@type\":\"EntryPoint\",\"urlTemplate\":\"https:\/\/www.stoelting-gruppe.de\/?s={search_term_string}\"},\"query-input\":{\"@type\":\"PropertyValueSpecification\",\"valueRequired\":true,\"valueName\":\"search_term_string\"}}],\"inLanguage\":\"es\"},{\"@type\":\"Organization\",\"@id\":\"https:\/\/www.stoelting-gruppe.de\/#organization\",\"name\":\"St\u00f6lting Service Group\",\"url\":\"https:\/\/www.stoelting-gruppe.de\/\",\"logo\":{\"@type\":\"ImageObject\",\"inLanguage\":\"es\",\"@id\":\"https:\/\/www.stoelting-gruppe.de\/#\/schema\/logo\/image\/\",\"url\":\"https:\/\/www.stoelting-gruppe.de\/wp-content\/uploads\/2020\/12\/SSG-Logo.svg\",\"contentUrl\":\"https:\/\/www.stoelting-gruppe.de\/wp-content\/uploads\/2020\/12\/SSG-Logo.svg\",\"width\":426,\"height\":80,\"caption\":\"St\u00f6lting Service Group\"},\"image\":{\"@id\":\"https:\/\/www.stoelting-gruppe.de\/#\/schema\/logo\/image\/\"},\"sameAs\":[\"https:\/\/www.facebook.com\/StoeltingServiceGroup\"]}]}<\/script>\n<!-- \/ Yoast SEO plugin. -->","yoast_head_json":{"title":"Grupo de Servicios St\u00f6lting - Declaraci\u00f3n DNK","robots":{"index":"index","follow":"follow","max-snippet":"max-snippet:-1","max-image-preview":"max-image-preview:large","max-video-preview":"max-video-preview:-1"},"canonical":"https:\/\/www.stoelting-gruppe.de\/es\/dnk-erklaerung\/","og_locale":"es_ES","og_type":"article","og_title":"St\u00f6lting Service Group &#8211; DNK-Erkl\u00e4rung","og_description":"DNK-Erkl\u00e4rung 2021 Die St\u00f6lting Service Group in Gelsenkirchen z\u00e4hlt zu den zehn f\u00fchrenden Anbietern von Serviceleistungen in den Bereichen Sicherheit, Personal und Reinigung in Deutschland. Wir sind in der gesamten Bundesrepublik t\u00e4tig, sowohl f\u00fcr einen Gro\u00dfteil der DAX-Konzerne als auch f\u00fcr kleine Betriebe. Der Reinigungsdienst umfasst Grundreinigung ebenso wie Glas- und Fassadenreinigung, Bauschlussreinigung und Spezialreinigung. [&hellip;]","og_url":"https:\/\/www.stoelting-gruppe.de\/es\/dnk-erklaerung\/","og_site_name":"St\u00f6lting Service Group","article_publisher":"https:\/\/www.facebook.com\/StoeltingServiceGroup","article_modified_time":"2024-02-28T15:30:09+00:00","og_image":[{"width":876,"height":472,"url":"https:\/\/www.stoelting-gruppe.de\/wp-content\/uploads\/2021\/10\/Sto\u0308lting_Logo_Original-News.jpg","type":"image\/jpeg"}],"twitter_card":"summary_large_image","twitter_misc":{"Tiempo de lectura":"1 minuto"},"schema":{"@context":"https:\/\/schema.org","@graph":[{"@type":"WebPage","@id":"https:\/\/www.stoelting-gruppe.de\/dnk-erklaerung\/","url":"https:\/\/www.stoelting-gruppe.de\/dnk-erklaerung\/","name":"Grupo de Servicios St\u00f6lting - Declaraci\u00f3n DNK","isPartOf":{"@id":"https:\/\/www.stoelting-gruppe.de\/#website"},"primaryImageOfPage":{"@id":"https:\/\/www.stoelting-gruppe.de\/dnk-erklaerung\/#primaryimage"},"image":{"@id":"https:\/\/www.stoelting-gruppe.de\/dnk-erklaerung\/#primaryimage"},"thumbnailUrl":"https:\/\/www.stoelting-gruppe.de\/wp-content\/uploads\/2021\/10\/Sto\u0308lting_Logo_Original-News.jpg","datePublished":"2023-02-23T08:45:58+00:00","dateModified":"2024-02-28T15:30:09+00:00","breadcrumb":{"@id":"https:\/\/www.stoelting-gruppe.de\/dnk-erklaerung\/#breadcrumb"},"inLanguage":"es","potentialAction":[{"@type":"ReadAction","target":["https:\/\/www.stoelting-gruppe.de\/dnk-erklaerung\/"]}]},{"@type":"ImageObject","inLanguage":"es","@id":"https:\/\/www.stoelting-gruppe.de\/dnk-erklaerung\/#primaryimage","url":"https:\/\/www.stoelting-gruppe.de\/wp-content\/uploads\/2021\/10\/Sto\u0308lting_Logo_Original-News.jpg","contentUrl":"https:\/\/www.stoelting-gruppe.de\/wp-content\/uploads\/2021\/10\/Sto\u0308lting_Logo_Original-News.jpg","width":876,"height":472,"caption":"stoelting service group"},{"@type":"BreadcrumbList","@id":"https:\/\/www.stoelting-gruppe.de\/dnk-erklaerung\/#breadcrumb","itemListElement":[{"@type":"ListItem","position":1,"name":"Startseite","item":"https:\/\/www.stoelting-gruppe.de\/"},{"@type":"ListItem","position":2,"name":"DNK-Erkl\u00e4rung"}]},{"@type":"WebSite","@id":"https:\/\/www.stoelting-gruppe.de\/#website","url":"https:\/\/www.stoelting-gruppe.de\/","name":"Grupo de servicios St\u00f6lting","description":"Nosotros lo hacemos. Desde hace 125 a\u00f1os. Limpieza, seguridad, personal.","publisher":{"@id":"https:\/\/www.stoelting-gruppe.de\/#organization"},"potentialAction":[{"@type":"SearchAction","target":{"@type":"EntryPoint","urlTemplate":"https:\/\/www.stoelting-gruppe.de\/?s={search_term_string}"},"query-input":{"@type":"PropertyValueSpecification","valueRequired":true,"valueName":"search_term_string"}}],"inLanguage":"es"},{"@type":"Organization","@id":"https:\/\/www.stoelting-gruppe.de\/#organization","name":"Grupo de servicios St\u00f6lting","url":"https:\/\/www.stoelting-gruppe.de\/","logo":{"@type":"ImageObject","inLanguage":"es","@id":"https:\/\/www.stoelting-gruppe.de\/#\/schema\/logo\/image\/","url":"https:\/\/www.stoelting-gruppe.de\/wp-content\/uploads\/2020\/12\/SSG-Logo.svg","contentUrl":"https:\/\/www.stoelting-gruppe.de\/wp-content\/uploads\/2020\/12\/SSG-Logo.svg","width":426,"height":80,"caption":"St\u00f6lting Service Group"},"image":{"@id":"https:\/\/www.stoelting-gruppe.de\/#\/schema\/logo\/image\/"},"sameAs":["https:\/\/www.facebook.com\/StoeltingServiceGroup"]}]}},"_links":{"self":[{"href":"https:\/\/www.stoelting-gruppe.de\/es\/wp-json\/wp\/v2\/pages\/13703","targetHints":{"allow":["GET"]}}],"collection":[{"href":"https:\/\/www.stoelting-gruppe.de\/es\/wp-json\/wp\/v2\/pages"}],"about":[{"href":"https:\/\/www.stoelting-gruppe.de\/es\/wp-json\/wp\/v2\/types\/page"}],"author":[{"embeddable":true,"href":"https:\/\/www.stoelting-gruppe.de\/es\/wp-json\/wp\/v2\/users\/15"}],"replies":[{"embeddable":true,"href":"https:\/\/www.stoelting-gruppe.de\/es\/wp-json\/wp\/v2\/comments?post=13703"}],"version-history":[{"count":7,"href":"https:\/\/www.stoelting-gruppe.de\/es\/wp-json\/wp\/v2\/pages\/13703\/revisions"}],"predecessor-version":[{"id":14610,"href":"https:\/\/www.stoelting-gruppe.de\/es\/wp-json\/wp\/v2\/pages\/13703\/revisions\/14610"}],"wp:featuredmedia":[{"embeddable":true,"href":"https:\/\/www.stoelting-gruppe.de\/es\/wp-json\/wp\/v2\/media\/10737"}],"wp:attachment":[{"href":"https:\/\/www.stoelting-gruppe.de\/es\/wp-json\/wp\/v2\/media?parent=13703"}],"curies":[{"name":"wp","href":"https:\/\/api.w.org\/{rel}","templated":true}]}}