{"id":13806,"date":"2023-05-23T07:44:59","date_gmt":"2023-05-23T05:44:59","guid":{"rendered":"https:\/\/www.stoelting-gruppe.de\/?page_id=13806"},"modified":"2024-02-28T16:29:20","modified_gmt":"2024-02-28T15:29:20","slug":"unternehmenspolitik","status":"publish","type":"page","link":"https:\/\/www.stoelting-gruppe.de\/es\/unternehmenspolitik\/","title":{"rendered":"Pol\u00edtica de empresa"},"content":{"rendered":"<div data-elementor-type=\"wp-page\" data-elementor-id=\"13806\" class=\"elementor elementor-13806\" data-elementor-post-type=\"page\">\n\t\t\t\t\t\t<section class=\"elementor-section elementor-top-section elementor-element elementor-element-45129d2f elementor-section-height-min-height elementor-section-boxed elementor-section-height-default elementor-section-items-middle\" data-id=\"45129d2f\" data-element_type=\"section\" data-settings=\"{&quot;background_background&quot;:&quot;classic&quot;}\">\n\t\t\t\t\t\t<div class=\"elementor-container elementor-column-gap-default\">\n\t\t\t\t\t<div class=\"elementor-column elementor-col-100 elementor-top-column elementor-element elementor-element-6c4d996a\" data-id=\"6c4d996a\" data-element_type=\"column\">\n\t\t\t<div class=\"elementor-widget-wrap elementor-element-populated\">\n\t\t\t\t\t\t<section class=\"elementor-section elementor-inner-section elementor-element elementor-element-6dbae824 elementor-section-boxed elementor-section-height-default elementor-section-height-default\" data-id=\"6dbae824\" data-element_type=\"section\">\n\t\t\t\t\t\t<div class=\"elementor-container elementor-column-gap-default\">\n\t\t\t\t\t<div class=\"elementor-column elementor-col-100 elementor-inner-column elementor-element elementor-element-3b930179\" data-id=\"3b930179\" data-element_type=\"column\">\n\t\t\t<div class=\"elementor-widget-wrap elementor-element-populated\">\n\t\t\t\t\t\t<div class=\"elementor-element elementor-element-2d7e4d8e elementor-invisible elementor-widget elementor-widget-heading\" data-id=\"2d7e4d8e\" data-element_type=\"widget\" data-settings=\"{&quot;_animation&quot;:&quot;fadeIn&quot;}\" data-widget_type=\"heading.default\">\n\t\t\t\t<div class=\"elementor-widget-container\">\n\t\t\t\t\t<h1 class=\"elementor-heading-title elementor-size-default\">Pol\u00edtica de empresa<\/h1>\t\t\t\t<\/div>\n\t\t\t\t<\/div>\n\t\t\t\t\t<\/div>\n\t\t<\/div>\n\t\t\t\t\t<\/div>\n\t\t<\/section>\n\t\t\t\t\t<\/div>\n\t\t<\/div>\n\t\t\t\t\t<\/div>\n\t\t<\/section>\n\t\t\t\t<section class=\"elementor-section elementor-top-section elementor-element elementor-element-1b56433f elementor-section-boxed elementor-section-height-default elementor-section-height-default\" data-id=\"1b56433f\" data-element_type=\"section\">\n\t\t\t\t\t\t<div class=\"elementor-container elementor-column-gap-default\">\n\t\t\t\t\t<div class=\"elementor-column elementor-col-100 elementor-top-column elementor-element elementor-element-26757bc1\" data-id=\"26757bc1\" data-element_type=\"column\">\n\t\t\t<div class=\"elementor-widget-wrap elementor-element-populated\">\n\t\t\t\t\t\t<div class=\"elementor-element elementor-element-14b5cb57 elementor-widget elementor-widget-text-editor\" data-id=\"14b5cb57\" data-element_type=\"widget\" data-widget_type=\"text-editor.default\">\n\t\t\t\t<div class=\"elementor-widget-container\">\n\t\t\t\t\t\t\t\t\t<p>El grupo empresarial St\u00f6lting Service Group es una empresa l\u00edder en el sector de los servicios de limpieza, seguridad y selecci\u00f3n de personal.<\/p>\t\t\t\t\t\t\t\t<\/div>\n\t\t\t\t<\/div>\n\t\t\t\t<div class=\"elementor-element elementor-element-4688562 elementor-widget elementor-widget-text-editor\" data-id=\"4688562\" data-element_type=\"widget\" data-widget_type=\"text-editor.default\">\n\t\t\t\t<div class=\"elementor-widget-container\">\n\t\t\t\t\t\t\t\t\t<p>Somos conscientes de nuestra responsabilidad hacia los clientes, los empleados, los socios y el medio ambiente, y nos hemos fijado el objetivo de contribuir al desarrollo sostenible. Por eso, nuestra pol\u00edtica empresarial se basa en las siguientes certificaciones y normas internacionales.<\/p>\t\t\t\t\t\t\t\t<\/div>\n\t\t\t\t<\/div>\n\t\t\t\t<div class=\"elementor-element elementor-element-4860546 elementor-widget elementor-widget-text-editor\" data-id=\"4860546\" data-element_type=\"widget\" data-widget_type=\"text-editor.default\">\n\t\t\t\t<div class=\"elementor-widget-container\">\n\t\t\t\t\t\t\t\t\t<p><b>DIN EN ISO 9001: Gesti\u00f3n de la calidad<\/b><br \/>Nos esforzamos por garantizar la satisfacci\u00f3n de nuestros clientes mediante la mejora continua de nuestros procesos y servicios. Apostamos por una alta calidad de servicio y trabajamos para satisfacer las necesidades y expectativas de nuestros clientes.<\/p><p><b>DIN EN ISO 14001: Gesti\u00f3n medioambiental<\/b><br \/>Nos comprometemos con la protecci\u00f3n del medio ambiente y nos comprometemos a minimizar nuestro impacto medioambiental. Promovemos el uso de tecnolog\u00edas y materiales respetuosos con el medio ambiente y damos importancia a la eliminaci\u00f3n de residuos de forma respetuosa con el medio ambiente. Tomamos medidas para reducir los residuos, las emisiones y el consumo de recursos.<\/p><p><b>DIN EN 150 50001: Gesti\u00f3n energ\u00e9tica<\/b><br \/>Trabajamos continuamente para optimizar nuestro consumo energ\u00e9tico y mejorar nuestra eficiencia energ\u00e9tica. Apostamos por el uso de energ\u00edas renovables y trabajamos para reducir nuestras emisiones de CO\u2082.<sub>2<\/sub>.<\/p><p><b>DIN 77200: Gesti\u00f3n de calidad para la supervisi\u00f3n de obras<\/b> (Sector: Seguridad)<br \/>Apostamos por una alta calidad y eficiencia en los servicios de seguridad. Trabajamos para satisfacer las necesidades de nuestros clientes y damos gran importancia a la mejora continua de nuestros procesos.<\/p><p><b>EcoVadis: evaluaci\u00f3n de sostenibilidad<\/b><br \/>Asumimos nuestra responsabilidad con el medio ambiente y la sociedad, y nos comprometemos activamente con el desarrollo sostenible. Nos esforzamos por minimizar nuestra huella ecol\u00f3gica, promover pr\u00e1cticas comerciales \u00e9ticas y actuar de forma socialmente responsable.<\/p><p><b>Seguridad y salud en el trabajo<\/b><br \/>Damos gran importancia a la seguridad y la salud de nuestros empleados en el trabajo.<\/p>\t\t\t\t\t\t\t\t<\/div>\n\t\t\t\t<\/div>\n\t\t\t\t<div class=\"elementor-element elementor-element-af960d1 elementor-widget elementor-widget-text-editor\" data-id=\"af960d1\" data-element_type=\"widget\" data-widget_type=\"text-editor.default\">\n\t\t\t\t<div class=\"elementor-widget-container\">\n\t\t\t\t\t\t\t\t\t<p><b>SCC** \/ SCP: Coordinaci\u00f3n de seguridad, salud y protecci\u00f3n medioambiental<\/b><br \/>(Sector: Seguridad \/ Personal)<br \/>Nos comprometemos a minimizar los accidentes y los riesgos para la salud, y colaboramos estrechamente con nuestros clientes y socios para crear un entorno de trabajo seguro y saludable.<\/p><p><b>AMS BAU: Sistema de gesti\u00f3n de la seguridad y la salud en el trabajo<\/b><br \/>Nos comprometemos a mejorar las condiciones laborales y a minimizar los accidentes y los riesgos para la salud con el fin de crear un entorno de trabajo seguro y saludable para nuestros empleados y clientes. Involucramos a nuestros empleados en la implementaci\u00f3n de medidas para prevenir accidentes.<\/p>\t\t\t\t\t\t\t\t<\/div>\n\t\t\t\t<\/div>\n\t\t\t\t<div class=\"elementor-element elementor-element-dfcb027 elementor-widget elementor-widget-text-editor\" data-id=\"dfcb027\" data-element_type=\"widget\" data-widget_type=\"text-editor.default\">\n\t\t\t\t<div class=\"elementor-widget-container\">\n\t\t\t\t\t\t\t\t\t<p><b>cumplimiento normativo<\/b><br \/>Cumplimos todas las disposiciones legales, normas y est\u00e1ndares pertinentes y nos comprometemos a respetar las directrices \u00e9ticas.<\/p>\t\t\t\t\t\t\t\t<\/div>\n\t\t\t\t<\/div>\n\t\t\t\t<div class=\"elementor-element elementor-element-d073173 elementor-widget elementor-widget-text-editor\" data-id=\"d073173\" data-element_type=\"widget\" data-widget_type=\"text-editor.default\">\n\t\t\t\t<div class=\"elementor-widget-container\">\n\t\t\t\t\t\t\t\t\t<p>Nos comprometemos a cumplir estas normas y a mejorarlas continuamente. Nos esforzamos por alcanzar nuestros objetivos empresariales en consonancia con los requisitos ecol\u00f3gicos, sociales y econ\u00f3micos, contribuyendo as\u00ed a un futuro sostenible.<\/p>\t\t\t\t\t\t\t\t<\/div>\n\t\t\t\t<\/div>\n\t\t\t\t<div class=\"elementor-element elementor-element-2b5c757d elementor-align-left elementor-widget elementor-widget-button\" data-id=\"2b5c757d\" data-element_type=\"widget\" data-widget_type=\"button.default\">\n\t\t\t\t<div class=\"elementor-widget-container\">\n\t\t\t\t\t\t\t\t\t<div class=\"elementor-button-wrapper\">\n\t\t\t\t\t<a class=\"elementor-button elementor-button-link elementor-size-md\" href=\"https:\/\/www.stoelting-gruppe.de\/wp-content\/uploads\/2023\/05\/SSG-Unternehmenspolitik-Stand-18.04.2023.pdf\" target=\"_blank\">\n\t\t\t\t\t\t<span class=\"elementor-button-content-wrapper\">\n\t\t\t\t\t\t<span class=\"elementor-button-icon\">\n\t\t\t\t<i aria-hidden=\"true\" class=\"fas fa-download\"><\/i>\t\t\t<\/span>\n\t\t\t\t\t\t\t\t\t<span class=\"elementor-button-text\">Pol\u00edtica empresarial en formato PDF<\/span>\n\t\t\t\t\t<\/span>\n\t\t\t\t\t<\/a>\n\t\t\t\t<\/div>\n\t\t\t\t\t\t\t\t<\/div>\n\t\t\t\t<\/div>\n\t\t\t\t\t<\/div>\n\t\t<\/div>\n\t\t\t\t\t<\/div>\n\t\t<\/section>\n\t\t\t\t<\/div>","protected":false},"excerpt":{"rendered":"<p>Pol\u00edtica empresarial El Grupo St\u00f6lting Service es un proveedor de servicios l\u00edder en los sectores de la limpieza, la seguridad y la contrataci\u00f3n. Somos conscientes de nuestra responsabilidad para con los clientes, los empleados, los socios y el medio ambiente, y nos hemos fijado el objetivo de contribuir al desarrollo sostenible. Por ello, nuestra pol\u00edtica empresarial se basa en las siguientes certificaciones y normas internacionales. [...]<\/p>","protected":false},"author":15,"featured_media":10737,"parent":0,"menu_order":36,"comment_status":"closed","ping_status":"closed","template":"","meta":{"_acf_changed":false,"footnotes":""},"class_list":["post-13806","page","type-page","status-publish","has-post-thumbnail","hentry"],"acf":[],"yoast_head":"<!-- This site is optimized with the Yoast SEO plugin v26.8 - https:\/\/yoast.com\/product\/yoast-seo-wordpress\/ -->\n<title>St\u00f6lting Service Group &#8211; Unternehmenspolitik<\/title>\n<meta name=\"robots\" content=\"index, follow, max-snippet:-1, max-image-preview:large, max-video-preview:-1\" \/>\n<link rel=\"canonical\" href=\"https:\/\/www.stoelting-gruppe.de\/es\/unternehmenspolitik\/\" \/>\n<meta property=\"og:locale\" content=\"es_ES\" \/>\n<meta property=\"og:type\" content=\"article\" \/>\n<meta property=\"og:title\" content=\"St\u00f6lting Service Group &#8211; Unternehmenspolitik\" \/>\n<meta property=\"og:description\" content=\"Unternehmenspolitik Die Unternehmensgruppe der St\u00f6lting Service Group ist ein f\u00fchrendes Dienstleistungsunternehmen in den Sparten Reinigung, Sicherheit und Personalvermittlung. Wir sind uns unserer Verantwortung gegen\u00fcber Kunden, Mitarbeitenden, Partnern und der Umwelt bewusst und haben uns zum Ziel gesetzt, unseren Beitrag zur nachhaltigen Entwicklung zu leisten. Deshalb basiert unsere Unternehmenspolitik auf den folgenden internationalen Zertifizierungen und Standards. [&hellip;]\" \/>\n<meta property=\"og:url\" content=\"https:\/\/www.stoelting-gruppe.de\/es\/unternehmenspolitik\/\" \/>\n<meta property=\"og:site_name\" content=\"St\u00f6lting Service Group\" \/>\n<meta property=\"article:publisher\" content=\"https:\/\/www.facebook.com\/StoeltingServiceGroup\" \/>\n<meta property=\"article:modified_time\" content=\"2024-02-28T15:29:20+00:00\" \/>\n<meta property=\"og:image\" content=\"https:\/\/www.stoelting-gruppe.de\/wp-content\/uploads\/2021\/10\/Sto\u0308lting_Logo_Original-News.jpg\" \/>\n\t<meta property=\"og:image:width\" content=\"876\" \/>\n\t<meta property=\"og:image:height\" content=\"472\" \/>\n\t<meta property=\"og:image:type\" content=\"image\/jpeg\" \/>\n<meta name=\"twitter:card\" content=\"summary_large_image\" \/>\n<meta name=\"twitter:label1\" content=\"Tiempo de lectura\" \/>\n\t<meta name=\"twitter:data1\" content=\"3 minutos\" \/>\n<script type=\"application\/ld+json\" class=\"yoast-schema-graph\">{\"@context\":\"https:\/\/schema.org\",\"@graph\":[{\"@type\":\"WebPage\",\"@id\":\"https:\/\/www.stoelting-gruppe.de\/unternehmenspolitik\/\",\"url\":\"https:\/\/www.stoelting-gruppe.de\/unternehmenspolitik\/\",\"name\":\"St\u00f6lting Service Group &#8211; Unternehmenspolitik\",\"isPartOf\":{\"@id\":\"https:\/\/www.stoelting-gruppe.de\/#website\"},\"primaryImageOfPage\":{\"@id\":\"https:\/\/www.stoelting-gruppe.de\/unternehmenspolitik\/#primaryimage\"},\"image\":{\"@id\":\"https:\/\/www.stoelting-gruppe.de\/unternehmenspolitik\/#primaryimage\"},\"thumbnailUrl\":\"https:\/\/www.stoelting-gruppe.de\/wp-content\/uploads\/2021\/10\/Sto\u0308lting_Logo_Original-News.jpg\",\"datePublished\":\"2023-05-23T05:44:59+00:00\",\"dateModified\":\"2024-02-28T15:29:20+00:00\",\"breadcrumb\":{\"@id\":\"https:\/\/www.stoelting-gruppe.de\/unternehmenspolitik\/#breadcrumb\"},\"inLanguage\":\"es\",\"potentialAction\":[{\"@type\":\"ReadAction\",\"target\":[\"https:\/\/www.stoelting-gruppe.de\/unternehmenspolitik\/\"]}]},{\"@type\":\"ImageObject\",\"inLanguage\":\"es\",\"@id\":\"https:\/\/www.stoelting-gruppe.de\/unternehmenspolitik\/#primaryimage\",\"url\":\"https:\/\/www.stoelting-gruppe.de\/wp-content\/uploads\/2021\/10\/Sto\u0308lting_Logo_Original-News.jpg\",\"contentUrl\":\"https:\/\/www.stoelting-gruppe.de\/wp-content\/uploads\/2021\/10\/Sto\u0308lting_Logo_Original-News.jpg\",\"width\":876,\"height\":472,\"caption\":\"stoelting service group\"},{\"@type\":\"BreadcrumbList\",\"@id\":\"https:\/\/www.stoelting-gruppe.de\/unternehmenspolitik\/#breadcrumb\",\"itemListElement\":[{\"@type\":\"ListItem\",\"position\":1,\"name\":\"Startseite\",\"item\":\"https:\/\/www.stoelting-gruppe.de\/\"},{\"@type\":\"ListItem\",\"position\":2,\"name\":\"Unternehmenspolitik\"}]},{\"@type\":\"WebSite\",\"@id\":\"https:\/\/www.stoelting-gruppe.de\/#website\",\"url\":\"https:\/\/www.stoelting-gruppe.de\/\",\"name\":\"St\u00f6lting Service Group\",\"description\":\"Wir machen. Seit 125 Jahren. Reinigung, Sicherheit, Personal\",\"publisher\":{\"@id\":\"https:\/\/www.stoelting-gruppe.de\/#organization\"},\"potentialAction\":[{\"@type\":\"SearchAction\",\"target\":{\"@type\":\"EntryPoint\",\"urlTemplate\":\"https:\/\/www.stoelting-gruppe.de\/?s={search_term_string}\"},\"query-input\":{\"@type\":\"PropertyValueSpecification\",\"valueRequired\":true,\"valueName\":\"search_term_string\"}}],\"inLanguage\":\"es\"},{\"@type\":\"Organization\",\"@id\":\"https:\/\/www.stoelting-gruppe.de\/#organization\",\"name\":\"St\u00f6lting Service Group\",\"url\":\"https:\/\/www.stoelting-gruppe.de\/\",\"logo\":{\"@type\":\"ImageObject\",\"inLanguage\":\"es\",\"@id\":\"https:\/\/www.stoelting-gruppe.de\/#\/schema\/logo\/image\/\",\"url\":\"https:\/\/www.stoelting-gruppe.de\/wp-content\/uploads\/2020\/12\/SSG-Logo.svg\",\"contentUrl\":\"https:\/\/www.stoelting-gruppe.de\/wp-content\/uploads\/2020\/12\/SSG-Logo.svg\",\"width\":426,\"height\":80,\"caption\":\"St\u00f6lting Service Group\"},\"image\":{\"@id\":\"https:\/\/www.stoelting-gruppe.de\/#\/schema\/logo\/image\/\"},\"sameAs\":[\"https:\/\/www.facebook.com\/StoeltingServiceGroup\"]}]}<\/script>\n<!-- \/ Yoast SEO plugin. -->","yoast_head_json":{"title":"St\u00f6lting Service Group - Pol\u00edtica de empresa","robots":{"index":"index","follow":"follow","max-snippet":"max-snippet:-1","max-image-preview":"max-image-preview:large","max-video-preview":"max-video-preview:-1"},"canonical":"https:\/\/www.stoelting-gruppe.de\/es\/unternehmenspolitik\/","og_locale":"es_ES","og_type":"article","og_title":"St\u00f6lting Service Group &#8211; Unternehmenspolitik","og_description":"Unternehmenspolitik Die Unternehmensgruppe der St\u00f6lting Service Group ist ein f\u00fchrendes Dienstleistungsunternehmen in den Sparten Reinigung, Sicherheit und Personalvermittlung. Wir sind uns unserer Verantwortung gegen\u00fcber Kunden, Mitarbeitenden, Partnern und der Umwelt bewusst und haben uns zum Ziel gesetzt, unseren Beitrag zur nachhaltigen Entwicklung zu leisten. Deshalb basiert unsere Unternehmenspolitik auf den folgenden internationalen Zertifizierungen und Standards. [&hellip;]","og_url":"https:\/\/www.stoelting-gruppe.de\/es\/unternehmenspolitik\/","og_site_name":"St\u00f6lting Service Group","article_publisher":"https:\/\/www.facebook.com\/StoeltingServiceGroup","article_modified_time":"2024-02-28T15:29:20+00:00","og_image":[{"width":876,"height":472,"url":"https:\/\/www.stoelting-gruppe.de\/wp-content\/uploads\/2021\/10\/Sto\u0308lting_Logo_Original-News.jpg","type":"image\/jpeg"}],"twitter_card":"summary_large_image","twitter_misc":{"Tiempo de lectura":"3 minutos"},"schema":{"@context":"https:\/\/schema.org","@graph":[{"@type":"WebPage","@id":"https:\/\/www.stoelting-gruppe.de\/unternehmenspolitik\/","url":"https:\/\/www.stoelting-gruppe.de\/unternehmenspolitik\/","name":"St\u00f6lting Service Group - Pol\u00edtica de empresa","isPartOf":{"@id":"https:\/\/www.stoelting-gruppe.de\/#website"},"primaryImageOfPage":{"@id":"https:\/\/www.stoelting-gruppe.de\/unternehmenspolitik\/#primaryimage"},"image":{"@id":"https:\/\/www.stoelting-gruppe.de\/unternehmenspolitik\/#primaryimage"},"thumbnailUrl":"https:\/\/www.stoelting-gruppe.de\/wp-content\/uploads\/2021\/10\/Sto\u0308lting_Logo_Original-News.jpg","datePublished":"2023-05-23T05:44:59+00:00","dateModified":"2024-02-28T15:29:20+00:00","breadcrumb":{"@id":"https:\/\/www.stoelting-gruppe.de\/unternehmenspolitik\/#breadcrumb"},"inLanguage":"es","potentialAction":[{"@type":"ReadAction","target":["https:\/\/www.stoelting-gruppe.de\/unternehmenspolitik\/"]}]},{"@type":"ImageObject","inLanguage":"es","@id":"https:\/\/www.stoelting-gruppe.de\/unternehmenspolitik\/#primaryimage","url":"https:\/\/www.stoelting-gruppe.de\/wp-content\/uploads\/2021\/10\/Sto\u0308lting_Logo_Original-News.jpg","contentUrl":"https:\/\/www.stoelting-gruppe.de\/wp-content\/uploads\/2021\/10\/Sto\u0308lting_Logo_Original-News.jpg","width":876,"height":472,"caption":"stoelting service group"},{"@type":"BreadcrumbList","@id":"https:\/\/www.stoelting-gruppe.de\/unternehmenspolitik\/#breadcrumb","itemListElement":[{"@type":"ListItem","position":1,"name":"Startseite","item":"https:\/\/www.stoelting-gruppe.de\/"},{"@type":"ListItem","position":2,"name":"Unternehmenspolitik"}]},{"@type":"WebSite","@id":"https:\/\/www.stoelting-gruppe.de\/#website","url":"https:\/\/www.stoelting-gruppe.de\/","name":"Grupo de servicios St\u00f6lting","description":"Nosotros lo hacemos. Desde hace 125 a\u00f1os. Limpieza, seguridad, personal.","publisher":{"@id":"https:\/\/www.stoelting-gruppe.de\/#organization"},"potentialAction":[{"@type":"SearchAction","target":{"@type":"EntryPoint","urlTemplate":"https:\/\/www.stoelting-gruppe.de\/?s={search_term_string}"},"query-input":{"@type":"PropertyValueSpecification","valueRequired":true,"valueName":"search_term_string"}}],"inLanguage":"es"},{"@type":"Organization","@id":"https:\/\/www.stoelting-gruppe.de\/#organization","name":"Grupo de servicios St\u00f6lting","url":"https:\/\/www.stoelting-gruppe.de\/","logo":{"@type":"ImageObject","inLanguage":"es","@id":"https:\/\/www.stoelting-gruppe.de\/#\/schema\/logo\/image\/","url":"https:\/\/www.stoelting-gruppe.de\/wp-content\/uploads\/2020\/12\/SSG-Logo.svg","contentUrl":"https:\/\/www.stoelting-gruppe.de\/wp-content\/uploads\/2020\/12\/SSG-Logo.svg","width":426,"height":80,"caption":"St\u00f6lting Service Group"},"image":{"@id":"https:\/\/www.stoelting-gruppe.de\/#\/schema\/logo\/image\/"},"sameAs":["https:\/\/www.facebook.com\/StoeltingServiceGroup"]}]}},"_links":{"self":[{"href":"https:\/\/www.stoelting-gruppe.de\/es\/wp-json\/wp\/v2\/pages\/13806","targetHints":{"allow":["GET"]}}],"collection":[{"href":"https:\/\/www.stoelting-gruppe.de\/es\/wp-json\/wp\/v2\/pages"}],"about":[{"href":"https:\/\/www.stoelting-gruppe.de\/es\/wp-json\/wp\/v2\/types\/page"}],"author":[{"embeddable":true,"href":"https:\/\/www.stoelting-gruppe.de\/es\/wp-json\/wp\/v2\/users\/15"}],"replies":[{"embeddable":true,"href":"https:\/\/www.stoelting-gruppe.de\/es\/wp-json\/wp\/v2\/comments?post=13806"}],"version-history":[{"count":10,"href":"https:\/\/www.stoelting-gruppe.de\/es\/wp-json\/wp\/v2\/pages\/13806\/revisions"}],"predecessor-version":[{"id":14607,"href":"https:\/\/www.stoelting-gruppe.de\/es\/wp-json\/wp\/v2\/pages\/13806\/revisions\/14607"}],"wp:featuredmedia":[{"embeddable":true,"href":"https:\/\/www.stoelting-gruppe.de\/es\/wp-json\/wp\/v2\/media\/10737"}],"wp:attachment":[{"href":"https:\/\/www.stoelting-gruppe.de\/es\/wp-json\/wp\/v2\/media?parent=13806"}],"curies":[{"name":"wp","href":"https:\/\/api.w.org\/{rel}","templated":true}]}}