{"id":15552,"date":"2025-09-01T13:41:37","date_gmt":"2025-09-01T11:41:37","guid":{"rendered":"https:\/\/www.stoelting-gruppe.de\/?page_id=15552"},"modified":"2025-09-08T12:21:36","modified_gmt":"2025-09-08T10:21:36","slug":"lichtrufsysteme","status":"publish","type":"page","link":"https:\/\/www.stoelting-gruppe.de\/es\/sicherheitsservice\/sicherheitstechnik\/lichtrufsysteme\/","title":{"rendered":"Sistemas de llamada luminosa"},"content":{"rendered":"<div data-elementor-type=\"wp-page\" data-elementor-id=\"15552\" class=\"elementor elementor-15552\" data-elementor-post-type=\"page\">\n\t\t\t\t\t\t<section class=\"elementor-section elementor-top-section elementor-element elementor-element-29339a93 elementor-section-height-min-height elementor-section-boxed elementor-section-height-default elementor-section-items-middle\" data-id=\"29339a93\" data-element_type=\"section\" data-settings=\"{&quot;background_background&quot;:&quot;classic&quot;}\">\n\t\t\t\t\t\t<div class=\"elementor-container elementor-column-gap-default\">\n\t\t\t\t\t<div class=\"elementor-column elementor-col-100 elementor-top-column elementor-element elementor-element-50950dfd\" data-id=\"50950dfd\" data-element_type=\"column\">\n\t\t\t<div class=\"elementor-widget-wrap elementor-element-populated\">\n\t\t\t\t\t\t<section class=\"elementor-section elementor-inner-section elementor-element elementor-element-62a7dfae elementor-section-boxed elementor-section-height-default elementor-section-height-default\" data-id=\"62a7dfae\" data-element_type=\"section\">\n\t\t\t\t\t\t<div class=\"elementor-container elementor-column-gap-default\">\n\t\t\t\t\t<div class=\"elementor-column elementor-col-100 elementor-inner-column elementor-element elementor-element-1bf414d6\" data-id=\"1bf414d6\" data-element_type=\"column\">\n\t\t\t<div class=\"elementor-widget-wrap elementor-element-populated\">\n\t\t\t\t\t\t<div class=\"elementor-element elementor-element-ce6a4b4 elementor-invisible elementor-widget elementor-widget-image\" data-id=\"ce6a4b4\" data-element_type=\"widget\" data-settings=\"{&quot;_animation&quot;:&quot;fadeIn&quot;}\" data-widget_type=\"image.default\">\n\t\t\t\t<div class=\"elementor-widget-container\">\n\t\t\t\t\t\t\t\t\t\t\t\t\t\t\t<img fetchpriority=\"high\" decoding=\"async\" width=\"800\" height=\"287\" src=\"https:\/\/www.stoelting-gruppe.de\/wp-content\/uploads\/2025\/09\/stoelting_deichtec_logo.png\" class=\"attachment-full size-full wp-image-15608\" alt=\"\" srcset=\"https:\/\/www.stoelting-gruppe.de\/wp-content\/uploads\/2025\/09\/stoelting_deichtec_logo.png 800w, https:\/\/www.stoelting-gruppe.de\/wp-content\/uploads\/2025\/09\/stoelting_deichtec_logo-300x108.png 300w, https:\/\/www.stoelting-gruppe.de\/wp-content\/uploads\/2025\/09\/stoelting_deichtec_logo-768x276.png 768w\" sizes=\"(max-width: 800px) 100vw, 800px\" \/>\t\t\t\t\t\t\t\t\t\t\t\t\t\t\t<\/div>\n\t\t\t\t<\/div>\n\t\t\t\t<div class=\"elementor-element elementor-element-341e4433 elementor-invisible elementor-widget elementor-widget-heading\" data-id=\"341e4433\" data-element_type=\"widget\" data-settings=\"{&quot;_animation&quot;:&quot;fadeIn&quot;}\" data-widget_type=\"heading.default\">\n\t\t\t\t<div class=\"elementor-widget-container\">\n\t\t\t\t\t<h1 class=\"elementor-heading-title elementor-size-default\">Seguridad<br>t\u00e9cnica<\/h1>\t\t\t\t<\/div>\n\t\t\t\t<\/div>\n\t\t\t\t<div class=\"elementor-element elementor-element-78ecf1e elementor-invisible elementor-widget elementor-widget-heading\" data-id=\"78ecf1e\" data-element_type=\"widget\" data-settings=\"{&quot;_animation&quot;:&quot;fadeIn&quot;}\" data-widget_type=\"heading.default\">\n\t\t\t\t<div class=\"elementor-widget-container\">\n\t\t\t\t\t<span class=\"elementor-heading-title elementor-size-default\">Sistemas de llamada luminosa<\/span>\t\t\t\t<\/div>\n\t\t\t\t<\/div>\n\t\t\t\t\t<\/div>\n\t\t<\/div>\n\t\t\t\t\t<\/div>\n\t\t<\/section>\n\t\t\t\t\t<\/div>\n\t\t<\/div>\n\t\t\t\t\t<\/div>\n\t\t<\/section>\n\t\t\t\t<section class=\"elementor-section elementor-top-section elementor-element elementor-element-12f357c7 elementor-section-boxed elementor-section-height-default elementor-section-height-default\" data-id=\"12f357c7\" data-element_type=\"section\">\n\t\t\t\t\t\t<div class=\"elementor-container elementor-column-gap-default\">\n\t\t\t\t\t<div class=\"elementor-column elementor-col-50 elementor-top-column elementor-element elementor-element-184c5bd1\" data-id=\"184c5bd1\" data-element_type=\"column\">\n\t\t\t<div class=\"elementor-widget-wrap elementor-element-populated\">\n\t\t\t\t\t\t<div class=\"elementor-element elementor-element-261bd27a elementor-widget elementor-widget-heading\" data-id=\"261bd27a\" data-element_type=\"widget\" data-widget_type=\"heading.default\">\n\t\t\t\t<div class=\"elementor-widget-container\">\n\t\t\t\t\t<h2 class=\"elementor-heading-title elementor-size-default\"><span class=\"dark\">Sistemas de llamada luminosa\n<\/span><br>\nAyuda con solo pulsar un bot\u00f3n<\/h2>\t\t\t\t<\/div>\n\t\t\t\t<\/div>\n\t\t\t\t\t<\/div>\n\t\t<\/div>\n\t\t\t\t<div class=\"elementor-column elementor-col-50 elementor-top-column elementor-element elementor-element-5f254023\" data-id=\"5f254023\" data-element_type=\"column\">\n\t\t\t<div class=\"elementor-widget-wrap elementor-element-populated\">\n\t\t\t\t\t\t<div class=\"elementor-element elementor-element-6db75c89 elementor-widget elementor-widget-text-editor\" data-id=\"6db75c89\" data-element_type=\"widget\" data-widget_type=\"text-editor.default\">\n\t\t\t\t<div class=\"elementor-widget-container\">\n\t\t\t\t\t\t\t\t\t<p>Los sistemas de llamada luminosa facilitan el trabajo en centros sanitarios y asistenciales y ofrecen seguridad a todas las personas implicadas. Con DeichTec, se asegurar\u00e1 un asesoramiento independiente del fabricante para su sistema de llamada luminosa y su instalaci\u00f3n de comunicaci\u00f3n. Dise\u00f1amos e instalamos las instalaciones en estrecha colaboraci\u00f3n con usted. De este modo, se crea un sistema de llamada luminosa que se adapta perfectamente a su centro y a sus necesidades.<\/p>\t\t\t\t\t\t\t\t<\/div>\n\t\t\t\t<\/div>\n\t\t\t\t<div class=\"elementor-element elementor-element-3137428 elementor-icon-list--layout-traditional elementor-list-item-link-full_width elementor-widget elementor-widget-icon-list\" data-id=\"3137428\" data-element_type=\"widget\" data-widget_type=\"icon-list.default\">\n\t\t\t\t<div class=\"elementor-widget-container\">\n\t\t\t\t\t\t\t<ul class=\"elementor-icon-list-items\">\n\t\t\t\t\t\t\t<li class=\"elementor-icon-list-item\">\n\t\t\t\t\t\t\t\t\t\t\t<span class=\"elementor-icon-list-icon\">\n\t\t\t\t\t\t\t<i aria-hidden=\"true\" class=\"fas fa-chevron-right\"><\/i>\t\t\t\t\t\t<\/span>\n\t\t\t\t\t\t\t\t\t\t<span class=\"elementor-icon-list-text\">Sistemas de llamada por luz a medida para procesos de trabajo r\u00e1pidos y bien organizados.<\/span>\n\t\t\t\t\t\t\t\t\t<\/li>\n\t\t\t\t\t\t\t\t<li class=\"elementor-icon-list-item\">\n\t\t\t\t\t\t\t\t\t\t\t<span class=\"elementor-icon-list-icon\">\n\t\t\t\t\t\t\t<i aria-hidden=\"true\" class=\"fas fa-chevron-right\"><\/i>\t\t\t\t\t\t<\/span>\n\t\t\t\t\t\t\t\t\t\t<span class=\"elementor-icon-list-text\">Desde lo m\u00e1s sencillo hasta lo m\u00e1s complejo: nuestras soluciones integrales ofrecen numerosas posibilidades de comunicaci\u00f3n y se pueden integrar en instalaciones telef\u00f3nicas.<\/span>\n\t\t\t\t\t\t\t\t\t<\/li>\n\t\t\t\t\t\t\t\t<li class=\"elementor-icon-list-item\">\n\t\t\t\t\t\t\t\t\t\t\t<span class=\"elementor-icon-list-icon\">\n\t\t\t\t\t\t\t<i aria-hidden=\"true\" class=\"fas fa-chevron-right\"><\/i>\t\t\t\t\t\t<\/span>\n\t\t\t\t\t\t\t\t\t\t<span class=\"elementor-icon-list-text\">Mant\u00e9n la flexibilidad: un dise\u00f1o modular facilita las ampliaciones o adaptaciones posteriores.<\/span>\n\t\t\t\t\t\t\t\t\t<\/li>\n\t\t\t\t\t\t\t\t<li class=\"elementor-icon-list-item\">\n\t\t\t\t\t\t\t\t\t\t\t<span class=\"elementor-icon-list-icon\">\n\t\t\t\t\t\t\t<i aria-hidden=\"true\" class=\"fas fa-chevron-right\"><\/i>\t\t\t\t\t\t<\/span>\n\t\t\t\t\t\t\t\t\t\t<span class=\"elementor-icon-list-text\">Para que todo funcione siempre: servicio, mantenimiento y asistencia 24\/7.<\/span>\n\t\t\t\t\t\t\t\t\t<\/li>\n\t\t\t\t\t\t<\/ul>\n\t\t\t\t\t\t<\/div>\n\t\t\t\t<\/div>\n\t\t\t\t<div class=\"elementor-element elementor-element-9397cde elementor-widget elementor-widget-text-editor\" data-id=\"9397cde\" data-element_type=\"widget\" data-widget_type=\"text-editor.default\">\n\t\t\t\t<div class=\"elementor-widget-container\">\n\t\t\t\t\t\t\t\t\t<p><strong>Estaremos encantados de asesorarle. P\u00f3ngase en contacto con nosotros ahora mismo.<\/strong><\/p>\t\t\t\t\t\t\t\t<\/div>\n\t\t\t\t<\/div>\n\t\t\t\t\t<\/div>\n\t\t<\/div>\n\t\t\t\t\t<\/div>\n\t\t<\/section>\n\t\t\t\t<\/div>","protected":false},"excerpt":{"rendered":"<p>T\u00e9cnica de seguridad Sistemas de llamada a enfermera Sistemas de llamada a enfermera Ayuda con s\u00f3lo pulsar un bot\u00f3n Los sistemas de llamada a enfermera facilitan el trabajo en las instalaciones sanitarias y asistenciales y proporcionan seguridad a todos los implicados. DeichTec le asesora independientemente del fabricante para su sistema de llamada a enfermera y su sistema de comunicaci\u00f3n. Dise\u00f1amos e instalamos los sistemas en estrecha colaboraci\u00f3n con usted. El resultado es un sistema de llamada a enfermera que se adapta exactamente a su [...]<\/p>","protected":false},"author":18,"featured_media":10737,"parent":15213,"menu_order":6,"comment_status":"closed","ping_status":"closed","template":"","meta":{"_acf_changed":false,"footnotes":""},"class_list":["post-15552","page","type-page","status-publish","has-post-thumbnail","hentry"],"acf":[],"yoast_head":"<!-- This site is optimized with the Yoast SEO plugin v26.8 - https:\/\/yoast.com\/product\/yoast-seo-wordpress\/ -->\n<title>Sicherheitsservice - St\u00f6lting Service Group<\/title>\n<meta name=\"description\" content=\"Professionelle Sicherheits-Dienstleistungen f\u00fcr Privat und Gewerbe. Objektschutz, Werkschutz, Revierdienste, Schlie\u00dfdienste, Alarmverfolgung\" \/>\n<meta name=\"robots\" content=\"index, follow, max-snippet:-1, max-image-preview:large, max-video-preview:-1\" \/>\n<link rel=\"canonical\" href=\"https:\/\/www.stoelting-gruppe.de\/es\/sicherheitsservice\/sicherheitstechnik\/lichtrufsysteme\/\" \/>\n<meta property=\"og:locale\" content=\"es_ES\" \/>\n<meta property=\"og:type\" content=\"article\" \/>\n<meta property=\"og:title\" content=\"Sicherheitsservice - St\u00f6lting Service Group\" \/>\n<meta property=\"og:description\" content=\"Professionelle Sicherheits-Dienstleistungen f\u00fcr Privat und Gewerbe. Objektschutz, Werkschutz, Revierdienste, Schlie\u00dfdienste, Alarmverfolgung\" \/>\n<meta property=\"og:url\" content=\"https:\/\/www.stoelting-gruppe.de\/es\/sicherheitsservice\/sicherheitstechnik\/lichtrufsysteme\/\" \/>\n<meta property=\"og:site_name\" content=\"St\u00f6lting Service Group\" \/>\n<meta property=\"article:publisher\" content=\"https:\/\/www.facebook.com\/StoeltingServiceGroup\" \/>\n<meta property=\"article:modified_time\" content=\"2025-09-08T10:21:36+00:00\" \/>\n<meta property=\"og:image\" content=\"https:\/\/www.stoelting-gruppe.de\/wp-content\/uploads\/2021\/10\/Sto\u0308lting_Logo_Original-News.jpg\" \/>\n\t<meta property=\"og:image:width\" content=\"876\" \/>\n\t<meta property=\"og:image:height\" content=\"472\" \/>\n\t<meta property=\"og:image:type\" content=\"image\/jpeg\" \/>\n<meta name=\"twitter:card\" content=\"summary_large_image\" \/>\n<meta name=\"twitter:label1\" content=\"Tiempo de lectura\" \/>\n\t<meta name=\"twitter:data1\" content=\"1 minuto\" \/>\n<script type=\"application\/ld+json\" class=\"yoast-schema-graph\">{\"@context\":\"https:\/\/schema.org\",\"@graph\":[{\"@type\":\"WebPage\",\"@id\":\"https:\/\/www.stoelting-gruppe.de\/sicherheitsservice\/sicherheitstechnik\/lichtrufsysteme\/\",\"url\":\"https:\/\/www.stoelting-gruppe.de\/sicherheitsservice\/sicherheitstechnik\/lichtrufsysteme\/\",\"name\":\"Sicherheitsservice - St\u00f6lting Service Group\",\"isPartOf\":{\"@id\":\"https:\/\/www.stoelting-gruppe.de\/#website\"},\"primaryImageOfPage\":{\"@id\":\"https:\/\/www.stoelting-gruppe.de\/sicherheitsservice\/sicherheitstechnik\/lichtrufsysteme\/#primaryimage\"},\"image\":{\"@id\":\"https:\/\/www.stoelting-gruppe.de\/sicherheitsservice\/sicherheitstechnik\/lichtrufsysteme\/#primaryimage\"},\"thumbnailUrl\":\"https:\/\/www.stoelting-gruppe.de\/wp-content\/uploads\/2021\/10\/Sto\u0308lting_Logo_Original-News.jpg\",\"datePublished\":\"2025-09-01T11:41:37+00:00\",\"dateModified\":\"2025-09-08T10:21:36+00:00\",\"description\":\"Professionelle Sicherheits-Dienstleistungen f\u00fcr Privat und Gewerbe. Objektschutz, Werkschutz, Revierdienste, Schlie\u00dfdienste, Alarmverfolgung\",\"breadcrumb\":{\"@id\":\"https:\/\/www.stoelting-gruppe.de\/sicherheitsservice\/sicherheitstechnik\/lichtrufsysteme\/#breadcrumb\"},\"inLanguage\":\"es\",\"potentialAction\":[{\"@type\":\"ReadAction\",\"target\":[\"https:\/\/www.stoelting-gruppe.de\/sicherheitsservice\/sicherheitstechnik\/lichtrufsysteme\/\"]}]},{\"@type\":\"ImageObject\",\"inLanguage\":\"es\",\"@id\":\"https:\/\/www.stoelting-gruppe.de\/sicherheitsservice\/sicherheitstechnik\/lichtrufsysteme\/#primaryimage\",\"url\":\"https:\/\/www.stoelting-gruppe.de\/wp-content\/uploads\/2021\/10\/Sto\u0308lting_Logo_Original-News.jpg\",\"contentUrl\":\"https:\/\/www.stoelting-gruppe.de\/wp-content\/uploads\/2021\/10\/Sto\u0308lting_Logo_Original-News.jpg\",\"width\":876,\"height\":472,\"caption\":\"stoelting service group\"},{\"@type\":\"BreadcrumbList\",\"@id\":\"https:\/\/www.stoelting-gruppe.de\/sicherheitsservice\/sicherheitstechnik\/lichtrufsysteme\/#breadcrumb\",\"itemListElement\":[{\"@type\":\"ListItem\",\"position\":1,\"name\":\"Startseite\",\"item\":\"https:\/\/www.stoelting-gruppe.de\/\"},{\"@type\":\"ListItem\",\"position\":2,\"name\":\"Sicherheitsservice\",\"item\":\"https:\/\/www.stoelting-gruppe.de\/sicherheitsservice\/\"},{\"@type\":\"ListItem\",\"position\":3,\"name\":\"Sicherheitstechnik\",\"item\":\"https:\/\/www.stoelting-gruppe.de\/sicherheitsservice\/sicherheitstechnik\/\"},{\"@type\":\"ListItem\",\"position\":4,\"name\":\"Lichtrufsysteme\"}]},{\"@type\":\"WebSite\",\"@id\":\"https:\/\/www.stoelting-gruppe.de\/#website\",\"url\":\"https:\/\/www.stoelting-gruppe.de\/\",\"name\":\"St\u00f6lting Service Group\",\"description\":\"Wir machen. Seit 125 Jahren. Reinigung, Sicherheit, Personal\",\"publisher\":{\"@id\":\"https:\/\/www.stoelting-gruppe.de\/#organization\"},\"potentialAction\":[{\"@type\":\"SearchAction\",\"target\":{\"@type\":\"EntryPoint\",\"urlTemplate\":\"https:\/\/www.stoelting-gruppe.de\/?s={search_term_string}\"},\"query-input\":{\"@type\":\"PropertyValueSpecification\",\"valueRequired\":true,\"valueName\":\"search_term_string\"}}],\"inLanguage\":\"es\"},{\"@type\":\"Organization\",\"@id\":\"https:\/\/www.stoelting-gruppe.de\/#organization\",\"name\":\"St\u00f6lting Service Group\",\"url\":\"https:\/\/www.stoelting-gruppe.de\/\",\"logo\":{\"@type\":\"ImageObject\",\"inLanguage\":\"es\",\"@id\":\"https:\/\/www.stoelting-gruppe.de\/#\/schema\/logo\/image\/\",\"url\":\"https:\/\/www.stoelting-gruppe.de\/wp-content\/uploads\/2020\/12\/SSG-Logo.svg\",\"contentUrl\":\"https:\/\/www.stoelting-gruppe.de\/wp-content\/uploads\/2020\/12\/SSG-Logo.svg\",\"width\":426,\"height\":80,\"caption\":\"St\u00f6lting Service Group\"},\"image\":{\"@id\":\"https:\/\/www.stoelting-gruppe.de\/#\/schema\/logo\/image\/\"},\"sameAs\":[\"https:\/\/www.facebook.com\/StoeltingServiceGroup\"]}]}<\/script>\n<!-- \/ Yoast SEO plugin. -->","yoast_head_json":{"title":"Servicio de seguridad - St\u00f6lting Service Group","description":"Servicios profesionales de seguridad para clientes privados y comerciales. Protecci\u00f3n de propiedades, seguridad de instalaciones, servicios de patrulla, servicios de cierre, seguimiento de alarmas.","robots":{"index":"index","follow":"follow","max-snippet":"max-snippet:-1","max-image-preview":"max-image-preview:large","max-video-preview":"max-video-preview:-1"},"canonical":"https:\/\/www.stoelting-gruppe.de\/es\/sicherheitsservice\/sicherheitstechnik\/lichtrufsysteme\/","og_locale":"es_ES","og_type":"article","og_title":"Sicherheitsservice - St\u00f6lting Service Group","og_description":"Professionelle Sicherheits-Dienstleistungen f\u00fcr Privat und Gewerbe. Objektschutz, Werkschutz, Revierdienste, Schlie\u00dfdienste, Alarmverfolgung","og_url":"https:\/\/www.stoelting-gruppe.de\/es\/sicherheitsservice\/sicherheitstechnik\/lichtrufsysteme\/","og_site_name":"St\u00f6lting Service Group","article_publisher":"https:\/\/www.facebook.com\/StoeltingServiceGroup","article_modified_time":"2025-09-08T10:21:36+00:00","og_image":[{"width":876,"height":472,"url":"https:\/\/www.stoelting-gruppe.de\/wp-content\/uploads\/2021\/10\/Sto\u0308lting_Logo_Original-News.jpg","type":"image\/jpeg"}],"twitter_card":"summary_large_image","twitter_misc":{"Tiempo de lectura":"1 minuto"},"schema":{"@context":"https:\/\/schema.org","@graph":[{"@type":"WebPage","@id":"https:\/\/www.stoelting-gruppe.de\/sicherheitsservice\/sicherheitstechnik\/lichtrufsysteme\/","url":"https:\/\/www.stoelting-gruppe.de\/sicherheitsservice\/sicherheitstechnik\/lichtrufsysteme\/","name":"Servicio de seguridad - St\u00f6lting Service Group","isPartOf":{"@id":"https:\/\/www.stoelting-gruppe.de\/#website"},"primaryImageOfPage":{"@id":"https:\/\/www.stoelting-gruppe.de\/sicherheitsservice\/sicherheitstechnik\/lichtrufsysteme\/#primaryimage"},"image":{"@id":"https:\/\/www.stoelting-gruppe.de\/sicherheitsservice\/sicherheitstechnik\/lichtrufsysteme\/#primaryimage"},"thumbnailUrl":"https:\/\/www.stoelting-gruppe.de\/wp-content\/uploads\/2021\/10\/Sto\u0308lting_Logo_Original-News.jpg","datePublished":"2025-09-01T11:41:37+00:00","dateModified":"2025-09-08T10:21:36+00:00","description":"Servicios profesionales de seguridad para clientes privados y comerciales. Protecci\u00f3n de propiedades, seguridad de instalaciones, servicios de patrulla, servicios de cierre, seguimiento de alarmas.","breadcrumb":{"@id":"https:\/\/www.stoelting-gruppe.de\/sicherheitsservice\/sicherheitstechnik\/lichtrufsysteme\/#breadcrumb"},"inLanguage":"es","potentialAction":[{"@type":"ReadAction","target":["https:\/\/www.stoelting-gruppe.de\/sicherheitsservice\/sicherheitstechnik\/lichtrufsysteme\/"]}]},{"@type":"ImageObject","inLanguage":"es","@id":"https:\/\/www.stoelting-gruppe.de\/sicherheitsservice\/sicherheitstechnik\/lichtrufsysteme\/#primaryimage","url":"https:\/\/www.stoelting-gruppe.de\/wp-content\/uploads\/2021\/10\/Sto\u0308lting_Logo_Original-News.jpg","contentUrl":"https:\/\/www.stoelting-gruppe.de\/wp-content\/uploads\/2021\/10\/Sto\u0308lting_Logo_Original-News.jpg","width":876,"height":472,"caption":"stoelting service group"},{"@type":"BreadcrumbList","@id":"https:\/\/www.stoelting-gruppe.de\/sicherheitsservice\/sicherheitstechnik\/lichtrufsysteme\/#breadcrumb","itemListElement":[{"@type":"ListItem","position":1,"name":"Startseite","item":"https:\/\/www.stoelting-gruppe.de\/"},{"@type":"ListItem","position":2,"name":"Sicherheitsservice","item":"https:\/\/www.stoelting-gruppe.de\/sicherheitsservice\/"},{"@type":"ListItem","position":3,"name":"Sicherheitstechnik","item":"https:\/\/www.stoelting-gruppe.de\/sicherheitsservice\/sicherheitstechnik\/"},{"@type":"ListItem","position":4,"name":"Lichtrufsysteme"}]},{"@type":"WebSite","@id":"https:\/\/www.stoelting-gruppe.de\/#website","url":"https:\/\/www.stoelting-gruppe.de\/","name":"Grupo de servicios St\u00f6lting","description":"Nosotros lo hacemos. Desde hace 125 a\u00f1os. Limpieza, seguridad, personal.","publisher":{"@id":"https:\/\/www.stoelting-gruppe.de\/#organization"},"potentialAction":[{"@type":"SearchAction","target":{"@type":"EntryPoint","urlTemplate":"https:\/\/www.stoelting-gruppe.de\/?s={search_term_string}"},"query-input":{"@type":"PropertyValueSpecification","valueRequired":true,"valueName":"search_term_string"}}],"inLanguage":"es"},{"@type":"Organization","@id":"https:\/\/www.stoelting-gruppe.de\/#organization","name":"Grupo de servicios St\u00f6lting","url":"https:\/\/www.stoelting-gruppe.de\/","logo":{"@type":"ImageObject","inLanguage":"es","@id":"https:\/\/www.stoelting-gruppe.de\/#\/schema\/logo\/image\/","url":"https:\/\/www.stoelting-gruppe.de\/wp-content\/uploads\/2020\/12\/SSG-Logo.svg","contentUrl":"https:\/\/www.stoelting-gruppe.de\/wp-content\/uploads\/2020\/12\/SSG-Logo.svg","width":426,"height":80,"caption":"St\u00f6lting Service Group"},"image":{"@id":"https:\/\/www.stoelting-gruppe.de\/#\/schema\/logo\/image\/"},"sameAs":["https:\/\/www.facebook.com\/StoeltingServiceGroup"]}]}},"_links":{"self":[{"href":"https:\/\/www.stoelting-gruppe.de\/es\/wp-json\/wp\/v2\/pages\/15552","targetHints":{"allow":["GET"]}}],"collection":[{"href":"https:\/\/www.stoelting-gruppe.de\/es\/wp-json\/wp\/v2\/pages"}],"about":[{"href":"https:\/\/www.stoelting-gruppe.de\/es\/wp-json\/wp\/v2\/types\/page"}],"author":[{"embeddable":true,"href":"https:\/\/www.stoelting-gruppe.de\/es\/wp-json\/wp\/v2\/users\/18"}],"replies":[{"embeddable":true,"href":"https:\/\/www.stoelting-gruppe.de\/es\/wp-json\/wp\/v2\/comments?post=15552"}],"version-history":[{"count":4,"href":"https:\/\/www.stoelting-gruppe.de\/es\/wp-json\/wp\/v2\/pages\/15552\/revisions"}],"predecessor-version":[{"id":15675,"href":"https:\/\/www.stoelting-gruppe.de\/es\/wp-json\/wp\/v2\/pages\/15552\/revisions\/15675"}],"up":[{"embeddable":true,"href":"https:\/\/www.stoelting-gruppe.de\/es\/wp-json\/wp\/v2\/pages\/15213"}],"wp:featuredmedia":[{"embeddable":true,"href":"https:\/\/www.stoelting-gruppe.de\/es\/wp-json\/wp\/v2\/media\/10737"}],"wp:attachment":[{"href":"https:\/\/www.stoelting-gruppe.de\/es\/wp-json\/wp\/v2\/media?parent=15552"}],"curies":[{"name":"wp","href":"https:\/\/api.w.org\/{rel}","templated":true}]}}