{"id":376,"date":"2015-12-08T14:58:17","date_gmt":"2015-12-08T14:58:17","guid":{"rendered":"https:\/\/www.stoelting-gruppe.de\/?page_id=376"},"modified":"2026-01-21T16:09:13","modified_gmt":"2026-01-21T15:09:13","slug":"impressum","status":"publish","type":"page","link":"https:\/\/www.stoelting-gruppe.de\/es\/impressum\/","title":{"rendered":"Pie de imprenta"},"content":{"rendered":"<div data-elementor-type=\"wp-page\" data-elementor-id=\"376\" class=\"elementor elementor-376\" data-elementor-post-type=\"page\">\n\t\t\t\t\t\t<section class=\"elementor-section elementor-top-section elementor-element elementor-element-45129d2f elementor-section-height-min-height elementor-section-boxed elementor-section-height-default elementor-section-items-middle\" data-id=\"45129d2f\" data-element_type=\"section\" data-settings=\"{&quot;background_background&quot;:&quot;classic&quot;}\">\n\t\t\t\t\t\t<div class=\"elementor-container elementor-column-gap-default\">\n\t\t\t\t\t<div class=\"elementor-column elementor-col-100 elementor-top-column elementor-element elementor-element-6c4d996a\" data-id=\"6c4d996a\" data-element_type=\"column\">\n\t\t\t<div class=\"elementor-widget-wrap elementor-element-populated\">\n\t\t\t\t\t\t<section class=\"elementor-section elementor-inner-section elementor-element elementor-element-6dbae824 elementor-section-boxed elementor-section-height-default elementor-section-height-default\" data-id=\"6dbae824\" data-element_type=\"section\">\n\t\t\t\t\t\t<div class=\"elementor-container elementor-column-gap-default\">\n\t\t\t\t\t<div class=\"elementor-column elementor-col-100 elementor-inner-column elementor-element elementor-element-3b930179\" data-id=\"3b930179\" data-element_type=\"column\">\n\t\t\t<div class=\"elementor-widget-wrap elementor-element-populated\">\n\t\t\t\t\t\t<div class=\"elementor-element elementor-element-2d7e4d8e elementor-invisible elementor-widget elementor-widget-heading\" data-id=\"2d7e4d8e\" data-element_type=\"widget\" data-settings=\"{&quot;_animation&quot;:&quot;fadeIn&quot;}\" data-widget_type=\"heading.default\">\n\t\t\t\t<div class=\"elementor-widget-container\">\n\t\t\t\t\t<h1 class=\"elementor-heading-title elementor-size-default\">Aviso legal<\/h1>\t\t\t\t<\/div>\n\t\t\t\t<\/div>\n\t\t\t\t<div class=\"elementor-element elementor-element-62188c80 elementor-invisible elementor-widget elementor-widget-heading\" data-id=\"62188c80\" data-element_type=\"widget\" data-settings=\"{&quot;_animation&quot;:&quot;fadeIn&quot;}\" data-widget_type=\"heading.default\">\n\t\t\t\t<div class=\"elementor-widget-container\">\n\t\t\t\t\t<span class=\"elementor-heading-title elementor-size-default\">Pie de imprenta<\/span>\t\t\t\t<\/div>\n\t\t\t\t<\/div>\n\t\t\t\t\t<\/div>\n\t\t<\/div>\n\t\t\t\t\t<\/div>\n\t\t<\/section>\n\t\t\t\t\t<\/div>\n\t\t<\/div>\n\t\t\t\t\t<\/div>\n\t\t<\/section>\n\t\t\t\t<section class=\"elementor-section elementor-top-section elementor-element elementor-element-1b56433f elementor-section-boxed elementor-section-height-default elementor-section-height-default\" data-id=\"1b56433f\" data-element_type=\"section\">\n\t\t\t\t\t\t<div class=\"elementor-container elementor-column-gap-default\">\n\t\t\t\t\t<div class=\"elementor-column elementor-col-100 elementor-top-column elementor-element elementor-element-26757bc1\" data-id=\"26757bc1\" data-element_type=\"column\">\n\t\t\t<div class=\"elementor-widget-wrap elementor-element-populated\">\n\t\t\t\t\t\t<div class=\"elementor-element elementor-element-14b5cb57 elementor-widget elementor-widget-text-editor\" data-id=\"14b5cb57\" data-element_type=\"widget\" data-widget_type=\"text-editor.default\">\n\t\t\t\t<div class=\"elementor-widget-container\">\n\t\t\t\t\t\t\t\t\t<p>St\u00f6lting Service Group GmbH<\/p><p>Johannes-Rau-Allee 15-19<br \/>45889 Gelsenkirchen<\/p><p>Tel\u00e9fono: <a href=\"tel:+49209702790\" data-auto-event-observed=\"true\">+49 209 70279\u20130<\/a><br \/>Fax: +49 209 70279\u2013151<\/p><p><a href=\"mailto:info@stoelting-gruppe.de\" data-auto-event-observed=\"true\">info[at]stoelting-gruppe.de<\/a><br \/>www.stoelting-gruppe.de<\/p><p>Direcci\u00f3n:<br \/>Sebastian Mosbacher<br \/>Dr. Boris Westerfeld<\/p><p>Tribunal de registro: Juzgado Local de Gelsenkirchen<br \/>N\u00famero de registro: HRB 2781<br \/>N\u00famero de identificaci\u00f3n fiscal: DE217725139<\/p><p>Autoridad supervisora de protecci\u00f3n de datos: <a href=\"https:\/\/www.ldi.nrw.de\" target=\"_blank\" rel=\"noopener noreferrer\" data-auto-event-observed=\"true\">www.ldi.nrw.de<\/a><br \/>Delegada regional de protecci\u00f3n de datos: Bettina Gayk<\/p><p>El St\u00f6lting Service Group cuenta con un seguro de responsabilidad civil a trav\u00e9s de:<\/p><p><span style=\"font-size: 17.6px;\">Provinzial Versicherung AG<br \/>Plaza Provincial, 1<br \/>40591 D\u00fcsseldorf<\/span><\/p><p><span style=\"font-size: 1.1em;\">Responsable del contenido seg\u00fan el art\u00edculo 6 del MDStV (Acuerdo estatal sobre servicios de medios audiovisuales):<\/span><span style=\"font-size: 17.6px;\"><br \/><\/span><\/p><p>Sebastian Mosbacher<\/p><p><strong>Derechos de uso:<\/strong><\/p><p>Todos los textos, todas las fotos y todos los elementos de dise\u00f1o de este sitio web est\u00e1n protegidos por derechos de autor del editor, salvo que se indique otro copyright. No se permite ning\u00fan uso fuera de los estrictos l\u00edmites de la ley de derechos de autor sin el consentimiento por escrito del editor. Todos los derechos reservados.<\/p><p><strong>Aviso conforme a la Ley alemana de servicios telem\u00e1ticos:<\/strong><\/p><p>Los proveedores respectivos son responsables de los sitios web de terceros a los que el editor remite mediante los denominados enlaces. El editor no se hace responsable del contenido de dichos sitios web de terceros. Adem\u00e1s, el sitio web del editor puede ser enlazado por otros sitios web sin su conocimiento mediante los denominados enlaces. El editor no se hace responsable de las representaciones, el contenido o cualquier conexi\u00f3n con la estructura del partido del editor en los sitios web de terceros. El editor solo es responsable de los contenidos ajenos si tiene conocimiento positivo de ellos (es decir, tambi\u00e9n de los contenidos ilegales o punibles) y si es t\u00e9cnicamente posible y razonable para el editor impedir su uso. Sin embargo, seg\u00fan la Ley de Servicios de Telem\u00e1tica, el editor no est\u00e1 obligado a revisar constantemente los contenidos ajenos.<\/p>\t\t\t\t\t\t\t\t<\/div>\n\t\t\t\t<\/div>\n\t\t\t\t<div class=\"elementor-element elementor-element-f709606 elementor-widget elementor-widget-text-editor\" data-id=\"f709606\" data-element_type=\"widget\" data-widget_type=\"text-editor.default\">\n\t\t\t\t<div class=\"elementor-widget-container\">\n\t\t\t\t\t\t\t\t\t<p><strong>Referencias de las im\u00e1genes, gr\u00e1ficos y v\u00eddeos utilizados:<\/strong><\/p><p>\u00a9 Tyler Olson \u2013 stock.adobe.com<br \/>\u00a9 M-Production \u2013 stock.adobe.com<br \/>\u00a9 Africa Studio \u2013 stock.adobe.com<br \/>\u00a9 Tyler Olson \u2013 stock.adobe.com<br \/>\u00a9 undrey \u2013 stock.adobe.com<br \/>\u00a9 New Africa \u2013 stock.adobe.com<br \/>\u00a9 bnenin \u2013 stock.adobe.com<br \/>\u00a9 aapsky \u2013 stock.adobe.com<br \/>\u00a9 LIGHTFIELD STUDIOS \u2013 stock.adobe.com<br \/>\u00a9 Pixel-Shot \u2013 stock.adobe.com<br \/>\u00a9 littlewolf1989 \u2013 stock.adobe.com<br \/>\u00a9 dusanpetkovic1 \u2013 stock.adobe.com<br \/>\u00a9 Maridav \u2013 stock.adobe.com<br \/>\u00a9 peopleimages.com \u2013 stock.adobe.com<br \/>\u00a9 photoschmidt \u2013 stock.adobe.com<br \/>\u00a9 littlewolf1989 \u2013 stock.adobe.com<br \/>\u00a9 MR Design \u2013 stock.adobe.com<\/p><p>\u00a9 LL28 \u2013 istockphoto.com<br \/>\u00a9 xavierarnau \u2013 istockphoto.com<br \/>\u00a9 sturti \u2013 istockphoto.com<br \/>\u00a9 Tramino \u2013 istockphoto.com<br \/>\u00a9 Ridofranz \u2013 istockphoto.com<br \/>\u00a9 Cecilie_Arcurs \u2013 istockphoto.com<br \/>\u00a9 poba \u2013 istockphoto.com<br \/>\u00a9 WangAnQi \u2013 istockphoto.com<br \/>\u00a9 AndreyPopov \u2013 istockphoto.com<br \/>\u00a9 demaerre \u2013 istockphoto.com<br \/>\u00a9 Vasyl Dolmatov \u2013 istockphoto.com<br \/>\u00a9 EvgeniyShkolenko \u2013 istockphoto.com<br \/>\u00a9 g-stockstudio \u2013 istockphoto.com<br \/>\u00a9 tadamichi \u2013 istockphoto.com<br \/>\u00a9 EmirMemedovski \u2013 istockphoto.com<br \/>\u00a9 giorgiomtb1 \u2013 istockphoto.com<br \/>\u00a9 YakobchukOlena \u2013 istockphoto.com<br \/>\u00a9 iladendron \u2013 istockphoto.com<br \/>\u00a9 Drazen Zigic \u2013 istockphoto.com<br \/>\u00a9 scyther5 \u2013 istockphoto.com<br \/>\u00a9 Ilya Rudyakov \u2013 istockphoto.com<br \/>\u00a9 lechatnoir \u2013 istockphoto.com<br \/>\u00a9 Piotr Mitelski \u2013 istockphoto.com<br \/>\u00a9 praetorianphoto \u2013 istockphoto.com<br \/>\u00a9 SeventyFour \u2013 istockphoto.com<br \/>\u00a9 Harbucks \u2013 istockphoto.com<br \/>\u00a9 Dmytro Aksonov \u2013 istockphoto.com<br \/>\u00a9 South_agency \u2013 istockphoto.com<br \/>\u00a9 Rike_ \u2013 istockphoto.com<br \/>\u00a9 bluejayphoto \u2013 istockphoto.com<br \/>\u00a9 Jay Yuno \u2013 istockphoto.com<br \/>\u00a9 demaerre \u2013 istockphoto.com<br \/>\u00a9 magicinfoto \u2013 istockphoto.com<br \/>\u00a9 pepifoto \u2013 istockphoto.com<br \/>\u00a9 Morsa Images \u2013 istockphoto.com<br \/>\u00a9 yangphoto \u2013 istockphoto.com<br \/>\u00a9 Boris Jovanovic \u2013 istockphoto.com<\/p><p>\u00a9 J\u00fcrgen Nobel Fot\u00f3grafo<br \/>\u00a9 SOLAR SCREEN DEUTSCHLAND GmbH<\/p>\t\t\t\t\t\t\t\t<\/div>\n\t\t\t\t<\/div>\n\t\t\t\t\t<\/div>\n\t\t<\/div>\n\t\t\t\t\t<\/div>\n\t\t<\/section>\n\t\t\t\t<\/div>","protected":false},"excerpt":{"rendered":"<p>Aviso legal St\u00f6lting Service Group GmbH Johannes-Rau-Allee 15-19 45889 Gelsenkirchen Tel\u00e9fono: +49 209 70279-0 Fax: +49 209 70279-151 info[at]stoelting-gruppe.de www.stoelting-gruppe.de Direcci\u00f3n: Sebastian Mosbacher Dr. Boris Westerfeld Juzgado de registro: Juzgado municipal de Gelsenkirchen N\u00famero de registro: HRB 2781 CIF: DE217725133IdNr.: DE217725139 Autoridad de control para la protecci\u00f3n de datos: www.ldi.nrw.de Encargada estatal de protecci\u00f3n de datos: Bettina Gayk El Grupo St\u00f6lting Service est\u00e1 cubierto por un seguro de responsabilidad civil a trav\u00e9s de: Provinzial Versicherung AG Provinzialplatz 1 40591 D\u00fcsseldorf Para [...]<\/p>","protected":false},"author":10,"featured_media":10737,"parent":0,"menu_order":36,"comment_status":"closed","ping_status":"closed","template":"","meta":{"_acf_changed":false,"footnotes":""},"class_list":["post-376","page","type-page","status-publish","has-post-thumbnail","hentry"],"acf":[],"yoast_head":"<!-- This site is optimized with the Yoast SEO plugin v26.8 - https:\/\/yoast.com\/product\/yoast-seo-wordpress\/ -->\n<title>St\u00f6lting Service Group &#8211; Impressum<\/title>\n<meta name=\"description\" content=\"Hier finden Sie Informationen und das Impressum der St\u00f6lting Service Group GmbH.\" \/>\n<meta name=\"robots\" content=\"index, follow, max-snippet:-1, max-image-preview:large, max-video-preview:-1\" \/>\n<link rel=\"canonical\" href=\"https:\/\/www.stoelting-gruppe.de\/es\/impressum\/\" \/>\n<meta property=\"og:locale\" content=\"es_ES\" \/>\n<meta property=\"og:type\" content=\"article\" \/>\n<meta property=\"og:title\" content=\"St\u00f6lting Service Group &#8211; Impressum\" \/>\n<meta property=\"og:description\" content=\"Hier finden Sie Informationen und das Impressum der St\u00f6lting Service Group GmbH.\" \/>\n<meta property=\"og:url\" content=\"https:\/\/www.stoelting-gruppe.de\/es\/impressum\/\" \/>\n<meta property=\"og:site_name\" content=\"St\u00f6lting Service Group\" \/>\n<meta property=\"article:publisher\" content=\"https:\/\/www.facebook.com\/StoeltingServiceGroup\" \/>\n<meta property=\"article:modified_time\" content=\"2026-01-21T15:09:13+00:00\" \/>\n<meta name=\"twitter:card\" content=\"summary_large_image\" \/>\n<meta name=\"twitter:label1\" content=\"Tiempo de lectura\" \/>\n\t<meta name=\"twitter:data1\" content=\"3 minutos\" \/>\n<script type=\"application\/ld+json\" class=\"yoast-schema-graph\">{\"@context\":\"https:\/\/schema.org\",\"@graph\":[{\"@type\":\"WebPage\",\"@id\":\"https:\/\/www.stoelting-gruppe.de\/impressum\/\",\"url\":\"https:\/\/www.stoelting-gruppe.de\/impressum\/\",\"name\":\"St\u00f6lting Service Group &#8211; Impressum\",\"isPartOf\":{\"@id\":\"https:\/\/www.stoelting-gruppe.de\/#website\"},\"primaryImageOfPage\":{\"@id\":\"https:\/\/www.stoelting-gruppe.de\/impressum\/#primaryimage\"},\"image\":{\"@id\":\"https:\/\/www.stoelting-gruppe.de\/impressum\/#primaryimage\"},\"thumbnailUrl\":\"https:\/\/www.stoelting-gruppe.de\/wp-content\/uploads\/2021\/10\/Sto\u0308lting_Logo_Original-News.jpg\",\"datePublished\":\"2015-12-08T14:58:17+00:00\",\"dateModified\":\"2026-01-21T15:09:13+00:00\",\"description\":\"Hier finden Sie Informationen und das Impressum der St\u00f6lting Service Group GmbH.\",\"breadcrumb\":{\"@id\":\"https:\/\/www.stoelting-gruppe.de\/impressum\/#breadcrumb\"},\"inLanguage\":\"es\",\"potentialAction\":[{\"@type\":\"ReadAction\",\"target\":[\"https:\/\/www.stoelting-gruppe.de\/impressum\/\"]}]},{\"@type\":\"ImageObject\",\"inLanguage\":\"es\",\"@id\":\"https:\/\/www.stoelting-gruppe.de\/impressum\/#primaryimage\",\"url\":\"https:\/\/www.stoelting-gruppe.de\/wp-content\/uploads\/2021\/10\/Sto\u0308lting_Logo_Original-News.jpg\",\"contentUrl\":\"https:\/\/www.stoelting-gruppe.de\/wp-content\/uploads\/2021\/10\/Sto\u0308lting_Logo_Original-News.jpg\",\"width\":876,\"height\":472,\"caption\":\"stoelting service group\"},{\"@type\":\"BreadcrumbList\",\"@id\":\"https:\/\/www.stoelting-gruppe.de\/impressum\/#breadcrumb\",\"itemListElement\":[{\"@type\":\"ListItem\",\"position\":1,\"name\":\"Startseite\",\"item\":\"https:\/\/www.stoelting-gruppe.de\/\"},{\"@type\":\"ListItem\",\"position\":2,\"name\":\"Impressum\"}]},{\"@type\":\"WebSite\",\"@id\":\"https:\/\/www.stoelting-gruppe.de\/#website\",\"url\":\"https:\/\/www.stoelting-gruppe.de\/\",\"name\":\"St\u00f6lting Service Group\",\"description\":\"Wir machen. Seit 125 Jahren. Reinigung, Sicherheit, Personal\",\"publisher\":{\"@id\":\"https:\/\/www.stoelting-gruppe.de\/#organization\"},\"potentialAction\":[{\"@type\":\"SearchAction\",\"target\":{\"@type\":\"EntryPoint\",\"urlTemplate\":\"https:\/\/www.stoelting-gruppe.de\/?s={search_term_string}\"},\"query-input\":{\"@type\":\"PropertyValueSpecification\",\"valueRequired\":true,\"valueName\":\"search_term_string\"}}],\"inLanguage\":\"es\"},{\"@type\":\"Organization\",\"@id\":\"https:\/\/www.stoelting-gruppe.de\/#organization\",\"name\":\"St\u00f6lting Service Group\",\"url\":\"https:\/\/www.stoelting-gruppe.de\/\",\"logo\":{\"@type\":\"ImageObject\",\"inLanguage\":\"es\",\"@id\":\"https:\/\/www.stoelting-gruppe.de\/#\/schema\/logo\/image\/\",\"url\":\"https:\/\/www.stoelting-gruppe.de\/wp-content\/uploads\/2020\/12\/SSG-Logo.svg\",\"contentUrl\":\"https:\/\/www.stoelting-gruppe.de\/wp-content\/uploads\/2020\/12\/SSG-Logo.svg\",\"width\":426,\"height\":80,\"caption\":\"St\u00f6lting Service Group\"},\"image\":{\"@id\":\"https:\/\/www.stoelting-gruppe.de\/#\/schema\/logo\/image\/\"},\"sameAs\":[\"https:\/\/www.facebook.com\/StoeltingServiceGroup\"]}]}<\/script>\n<!-- \/ Yoast SEO plugin. -->","yoast_head_json":{"title":"Grupo de Servicios St\u00f6lting - Pie de imprenta","description":"Aqu\u00ed encontrar\u00e1 informaci\u00f3n y el pie de imprenta de St\u00f6lting Service Group GmbH.","robots":{"index":"index","follow":"follow","max-snippet":"max-snippet:-1","max-image-preview":"max-image-preview:large","max-video-preview":"max-video-preview:-1"},"canonical":"https:\/\/www.stoelting-gruppe.de\/es\/impressum\/","og_locale":"es_ES","og_type":"article","og_title":"St\u00f6lting Service Group &#8211; Impressum","og_description":"Hier finden Sie Informationen und das Impressum der St\u00f6lting Service Group GmbH.","og_url":"https:\/\/www.stoelting-gruppe.de\/es\/impressum\/","og_site_name":"St\u00f6lting Service Group","article_publisher":"https:\/\/www.facebook.com\/StoeltingServiceGroup","article_modified_time":"2026-01-21T15:09:13+00:00","twitter_card":"summary_large_image","twitter_misc":{"Tiempo de lectura":"3 minutos"},"schema":{"@context":"https:\/\/schema.org","@graph":[{"@type":"WebPage","@id":"https:\/\/www.stoelting-gruppe.de\/impressum\/","url":"https:\/\/www.stoelting-gruppe.de\/impressum\/","name":"Grupo de Servicios St\u00f6lting - Pie de imprenta","isPartOf":{"@id":"https:\/\/www.stoelting-gruppe.de\/#website"},"primaryImageOfPage":{"@id":"https:\/\/www.stoelting-gruppe.de\/impressum\/#primaryimage"},"image":{"@id":"https:\/\/www.stoelting-gruppe.de\/impressum\/#primaryimage"},"thumbnailUrl":"https:\/\/www.stoelting-gruppe.de\/wp-content\/uploads\/2021\/10\/Sto\u0308lting_Logo_Original-News.jpg","datePublished":"2015-12-08T14:58:17+00:00","dateModified":"2026-01-21T15:09:13+00:00","description":"Aqu\u00ed encontrar\u00e1 informaci\u00f3n y el pie de imprenta de St\u00f6lting Service Group GmbH.","breadcrumb":{"@id":"https:\/\/www.stoelting-gruppe.de\/impressum\/#breadcrumb"},"inLanguage":"es","potentialAction":[{"@type":"ReadAction","target":["https:\/\/www.stoelting-gruppe.de\/impressum\/"]}]},{"@type":"ImageObject","inLanguage":"es","@id":"https:\/\/www.stoelting-gruppe.de\/impressum\/#primaryimage","url":"https:\/\/www.stoelting-gruppe.de\/wp-content\/uploads\/2021\/10\/Sto\u0308lting_Logo_Original-News.jpg","contentUrl":"https:\/\/www.stoelting-gruppe.de\/wp-content\/uploads\/2021\/10\/Sto\u0308lting_Logo_Original-News.jpg","width":876,"height":472,"caption":"stoelting service group"},{"@type":"BreadcrumbList","@id":"https:\/\/www.stoelting-gruppe.de\/impressum\/#breadcrumb","itemListElement":[{"@type":"ListItem","position":1,"name":"Startseite","item":"https:\/\/www.stoelting-gruppe.de\/"},{"@type":"ListItem","position":2,"name":"Impressum"}]},{"@type":"WebSite","@id":"https:\/\/www.stoelting-gruppe.de\/#website","url":"https:\/\/www.stoelting-gruppe.de\/","name":"Grupo de servicios St\u00f6lting","description":"Nosotros lo hacemos. Desde hace 125 a\u00f1os. Limpieza, seguridad, personal.","publisher":{"@id":"https:\/\/www.stoelting-gruppe.de\/#organization"},"potentialAction":[{"@type":"SearchAction","target":{"@type":"EntryPoint","urlTemplate":"https:\/\/www.stoelting-gruppe.de\/?s={search_term_string}"},"query-input":{"@type":"PropertyValueSpecification","valueRequired":true,"valueName":"search_term_string"}}],"inLanguage":"es"},{"@type":"Organization","@id":"https:\/\/www.stoelting-gruppe.de\/#organization","name":"Grupo de servicios St\u00f6lting","url":"https:\/\/www.stoelting-gruppe.de\/","logo":{"@type":"ImageObject","inLanguage":"es","@id":"https:\/\/www.stoelting-gruppe.de\/#\/schema\/logo\/image\/","url":"https:\/\/www.stoelting-gruppe.de\/wp-content\/uploads\/2020\/12\/SSG-Logo.svg","contentUrl":"https:\/\/www.stoelting-gruppe.de\/wp-content\/uploads\/2020\/12\/SSG-Logo.svg","width":426,"height":80,"caption":"St\u00f6lting Service Group"},"image":{"@id":"https:\/\/www.stoelting-gruppe.de\/#\/schema\/logo\/image\/"},"sameAs":["https:\/\/www.facebook.com\/StoeltingServiceGroup"]}]}},"_links":{"self":[{"href":"https:\/\/www.stoelting-gruppe.de\/es\/wp-json\/wp\/v2\/pages\/376","targetHints":{"allow":["GET"]}}],"collection":[{"href":"https:\/\/www.stoelting-gruppe.de\/es\/wp-json\/wp\/v2\/pages"}],"about":[{"href":"https:\/\/www.stoelting-gruppe.de\/es\/wp-json\/wp\/v2\/types\/page"}],"author":[{"embeddable":true,"href":"https:\/\/www.stoelting-gruppe.de\/es\/wp-json\/wp\/v2\/users\/10"}],"replies":[{"embeddable":true,"href":"https:\/\/www.stoelting-gruppe.de\/es\/wp-json\/wp\/v2\/comments?post=376"}],"version-history":[{"count":4,"href":"https:\/\/www.stoelting-gruppe.de\/es\/wp-json\/wp\/v2\/pages\/376\/revisions"}],"predecessor-version":[{"id":15966,"href":"https:\/\/www.stoelting-gruppe.de\/es\/wp-json\/wp\/v2\/pages\/376\/revisions\/15966"}],"wp:featuredmedia":[{"embeddable":true,"href":"https:\/\/www.stoelting-gruppe.de\/es\/wp-json\/wp\/v2\/media\/10737"}],"wp:attachment":[{"href":"https:\/\/www.stoelting-gruppe.de\/es\/wp-json\/wp\/v2\/media?parent=376"}],"curies":[{"name":"wp","href":"https:\/\/api.w.org\/{rel}","templated":true}]}}